{"id":27755,"date":"2021-08-18T10:08:35","date_gmt":"2021-08-18T09:08:35","guid":{"rendered":"https:\/\/artizar.es\/now-2022\/"},"modified":"2022-07-21T11:26:49","modified_gmt":"2022-07-21T10:26:49","slug":"now-2022","status":"publish","type":"page","link":"https:\/\/artizar.es\/en\/now-2022\/","title":{"rendered":"NOW 2023"},"content":{"rendered":"\t\t<div data-elementor-type=\"wp-page\" data-elementor-id=\"27755\" class=\"elementor elementor-27755 elementor-27171\" data-elementor-settings=\"{&quot;element_pack_global_tooltip_width&quot;:{&quot;unit&quot;:&quot;px&quot;,&quot;size&quot;:&quot;&quot;,&quot;sizes&quot;:[]},&quot;element_pack_global_tooltip_width_tablet&quot;:{&quot;unit&quot;:&quot;px&quot;,&quot;size&quot;:&quot;&quot;,&quot;sizes&quot;:[]},&quot;element_pack_global_tooltip_width_mobile&quot;:{&quot;unit&quot;:&quot;px&quot;,&quot;size&quot;:&quot;&quot;,&quot;sizes&quot;:[]},&quot;element_pack_global_tooltip_padding&quot;:{&quot;unit&quot;:&quot;px&quot;,&quot;top&quot;:&quot;&quot;,&quot;right&quot;:&quot;&quot;,&quot;bottom&quot;:&quot;&quot;,&quot;left&quot;:&quot;&quot;,&quot;isLinked&quot;:true},&quot;element_pack_global_tooltip_padding_tablet&quot;:{&quot;unit&quot;:&quot;px&quot;,&quot;top&quot;:&quot;&quot;,&quot;right&quot;:&quot;&quot;,&quot;bottom&quot;:&quot;&quot;,&quot;left&quot;:&quot;&quot;,&quot;isLinked&quot;:true},&quot;element_pack_global_tooltip_padding_mobile&quot;:{&quot;unit&quot;:&quot;px&quot;,&quot;top&quot;:&quot;&quot;,&quot;right&quot;:&quot;&quot;,&quot;bottom&quot;:&quot;&quot;,&quot;left&quot;:&quot;&quot;,&quot;isLinked&quot;:true},&quot;element_pack_global_tooltip_border_radius&quot;:{&quot;unit&quot;:&quot;px&quot;,&quot;top&quot;:&quot;&quot;,&quot;right&quot;:&quot;&quot;,&quot;bottom&quot;:&quot;&quot;,&quot;left&quot;:&quot;&quot;,&quot;isLinked&quot;:true},&quot;element_pack_global_tooltip_border_radius_tablet&quot;:{&quot;unit&quot;:&quot;px&quot;,&quot;top&quot;:&quot;&quot;,&quot;right&quot;:&quot;&quot;,&quot;bottom&quot;:&quot;&quot;,&quot;left&quot;:&quot;&quot;,&quot;isLinked&quot;:true},&quot;element_pack_global_tooltip_border_radius_mobile&quot;:{&quot;unit&quot;:&quot;px&quot;,&quot;top&quot;:&quot;&quot;,&quot;right&quot;:&quot;&quot;,&quot;bottom&quot;:&quot;&quot;,&quot;left&quot;:&quot;&quot;,&quot;isLinked&quot;:true}}\" data-elementor-post-type=\"page\">\n\t\t\t\t\t\t<section class=\"elementor-section elementor-top-section elementor-element elementor-element-d173389 elementor-section-boxed elementor-section-height-default elementor-section-height-default\" data-id=\"d173389\" data-element_type=\"section\" data-e-type=\"section\">\n\t\t\t\t\t\t<div class=\"elementor-container elementor-column-gap-default\">\n\t\t\t\t\t<div class=\"elementor-column elementor-col-100 elementor-top-column elementor-element elementor-element-e0928c3\" data-id=\"e0928c3\" data-element_type=\"column\" data-e-type=\"column\">\n\t\t\t<div class=\"elementor-widget-wrap elementor-element-populated\">\n\t\t\t\t\t\t<div class=\"elementor-element elementor-element-fe477df elementor-cta--skin-cover elementor-cta--valign-middle elementor-widget elementor-widget-call-to-action\" data-id=\"fe477df\" data-element_type=\"widget\" data-e-type=\"widget\" data-widget_type=\"call-to-action.default\">\n\t\t\t\t<div class=\"elementor-widget-container\">\n\t\t\t\t\t\t\t<a class=\"elementor-cta\" href=\"https:\/\/artizar.es\/now-2023\/\">\n\t\t\t\t\t<div class=\"elementor-cta__bg-wrapper\">\n\t\t\t\t<div class=\"elementor-cta__bg elementor-bg\" style=\"background-image: url(https:\/\/artizar.es\/wp-content\/uploads\/2021\/08\/hybrid-artizar-1.jpeg);\" role=\"img\" aria-label=\"hybrid-artizar\"><\/div>\n\t\t\t\t<div class=\"elementor-cta__bg-overlay\"><\/div>\n\t\t\t<\/div>\n\t\t\t\t\t\t\t<div class=\"elementor-cta__content\">\n\t\t\t\t\t\t\t\t\t<div class=\"elementor-content-item elementor-cta__content-item elementor-cta__image\">\n\t\t\t\t\t\t<img decoding=\"async\" src=\"https:\/\/artizar.es\/wp-content\/uploads\/elementor\/thumbs\/logo23-r33lbtaq29msxe9juzggekn8rmrhyj9sakbvt1j6pw.png\" title=\"logo23\" alt=\"logo23\" loading=\"lazy\" \/>\t\t\t\t\t<\/div>\n\t\t\t\t\n\t\t\t\t\t\t\t\t\t<h2 class=\"elementor-cta__title elementor-cta__content-item elementor-content-item\">\n\t\t\t\t\t\tBeca artizar\t\t\t\t\t<\/h2>\n\t\t\t\t\n\t\t\t\t\t\t\t\t\t<div class=\"elementor-cta__description elementor-cta__content-item elementor-content-item\">\n\t\t\t\t\t\t<p>para j\u00f3venes artistas de las islas canarias<\/p>\n\t\t\t\t\t<\/div>\n\t\t\t\t\n\t\t\t\t\t\t\t<\/div>\n\t\t\t\t\t\t<\/a>\n\t\t\t\t\t\t<\/div>\n\t\t\t\t<\/div>\n\t\t\t\t\t<\/div>\n\t\t<\/div>\n\t\t\t\t\t<\/div>\n\t\t<\/section>\n\t\t\t\t<section class=\"elementor-section elementor-top-section elementor-element elementor-element-449b342c elementor-section-boxed elementor-section-height-default elementor-section-height-default\" data-id=\"449b342c\" data-element_type=\"section\" data-e-type=\"section\">\n\t\t\t\t\t\t<div class=\"elementor-container elementor-column-gap-default\">\n\t\t\t\t\t<div class=\"elementor-column elementor-col-100 elementor-top-column elementor-element elementor-element-2de33b46\" data-id=\"2de33b46\" data-element_type=\"column\" data-e-type=\"column\">\n\t\t\t<div class=\"elementor-widget-wrap elementor-element-populated\">\n\t\t\t\t\t\t<div class=\"elementor-element elementor-element-77e28d1 elementor-widget elementor-widget-text-editor\" data-id=\"77e28d1\" data-element_type=\"widget\" data-e-type=\"widget\" data-widget_type=\"text-editor.default\">\n\t\t\t\t<div class=\"elementor-widget-container\">\n\t\t\t\t\t\t\t\t\t<p>La beca\u00a0<strong>NOW<\/strong> se ha convertido ya en una se\u00f1a de identidad de la Galer\u00eda Artizar. Con esta ya son cinco ediciones en las que j\u00f3venes artistas de Canarias tienen la oportunidad de participar en una de las ferias de arte contempor\u00e1neo de la semana del arte madrile\u00f1a con todos los gastos pagados y el apoyo y asesoramiento de la galer\u00eda.<\/p>\n<p>Para ello, abrimos una convocatoria para seleccionar artistas interesados en la beca que dar\u00e1 acceso a participar en la pr\u00f3xima edici\u00f3n de la feria de arte contempor\u00e1neo Hybrid de Madrid.<\/p>\n<p><strong>NOW<\/strong>\u00a0va orientada a la presentaci\u00f3n de nuevos creadores y la apertura de la galer\u00eda lagunera al arte m\u00e1s actual y fresco de las islas.<\/p>\n<p>Conscientes de lo mucho y muy bien que se trabaja en Canarias, decidimos crear un beca que permita la promoci\u00f3n y visualizaci\u00f3n fuera de las islas y facilitar de esta forma el acceso al c\u00edrculo de las galer\u00edas y ferias de arte, as\u00ed como el mercado que en \u00e9stas se genera.<\/p>\n<p>La beca\u00a0<strong>NOW<\/strong>\u00a0consiste en un stand\/habitaci\u00f3n, durante las 4 noches que comprende la feria, para el artista y un acompa\u00f1ante. En dicho stand se expondr\u00e1 el trabajo durante el horario de apertura al p\u00fablico y servir\u00e1 de habitaci\u00f3n mientras la feria permanezca cerrada.<\/p>\n<p>La Galer\u00eda Artizar ha participado en cinco ediciones anteriores de esta feria, en 2016 con\u00a0<strong>Noelia Villena<\/strong>, en 2017 con\u00a0<strong>Marco Alom<\/strong>\u00a0y en 2019 con\u00a0<strong>Romina Rivero<\/strong>\u00a0(primera ganadora de la beca NOW), en 2020 con\u00a0<strong>Adassa Santana<\/strong>\u00a0y en 2021 con\u00a0<strong>Alejandro Correa<\/strong>\u00a0(Aunque la ganadora de la beca NOW21 fue\u00a0<strong>Esther Elena Pea<\/strong> que por motivos de fuerza mayor no pudo participar en dicho evento y se incluy\u00f3 su proyecto en la feria JUSTMAD \u201921) y en la \u00faltima edici\u00f3n, la de 2022 con la obra del artista\u00a0<strong>Enzo Cal\u00f2.<\/strong> En todas las ocasiones se concluy\u00f3 con un fant\u00e1stico resultado para las propuestas presentadas.<\/p>\n<p><em>Hybrid es una feria internacional de arte emergente que se realiza a finales de febrero durante la Semana del Arte de Madrid. El objetivo del proyecto es ofrecer un amplio abanico de propuestas independientes de arte emergente a nivel local e internacional, que utilizan como espacios de exhibici\u00f3n las habitaciones del hotel Petit Palace Santa B\u00e1rbara. Hybrid hizo su primera aparici\u00f3n en la escena cultural madrile\u00f1a en septiembre de 2016 como un festival multisede de espacios de arte alternativos. En febrero de 2017 volvi\u00f3 a celebrarse como feria de arte en una \u00fanica sede durante la semana m\u00e1s importante del arte contempor\u00e1neo espa\u00f1ol. Hybrid es un evento din\u00e1mico que ofrece un programa de exposiciones at\u00edpico y un programa paralelo de actividades y acciones en vivo que favorece la interacci\u00f3n entre los artistas y el p\u00fablico visitante.<\/em><\/p>\n\t\t\t\t\t\t\t\t<\/div>\n\t\t\t\t<\/div>\n\t\t\t\t\t<\/div>\n\t\t<\/div>\n\t\t\t\t\t<\/div>\n\t\t<\/section>\n\t\t\t\t<section class=\"elementor-section elementor-top-section elementor-element elementor-element-754f4048 elementor-section-content-middle elementor-section-boxed elementor-section-height-default elementor-section-height-default\" data-id=\"754f4048\" data-element_type=\"section\" data-e-type=\"section\">\n\t\t\t\t\t\t<div class=\"elementor-container elementor-column-gap-no\">\n\t\t\t\t\t<div class=\"elementor-column elementor-col-100 elementor-top-column elementor-element elementor-element-1f5fc73e\" data-id=\"1f5fc73e\" data-element_type=\"column\" data-e-type=\"column\">\n\t\t\t<div class=\"elementor-widget-wrap elementor-element-populated\">\n\t\t\t\t\t\t<div class=\"elementor-element elementor-element-b8e26eb elementor-widget elementor-widget-image\" data-id=\"b8e26eb\" data-element_type=\"widget\" data-e-type=\"widget\" data-widget_type=\"image.default\">\n\t\t\t\t<div class=\"elementor-widget-container\">\n\t\t\t\t\t\t\t\t\t\t\t\t\t\t\t<img fetchpriority=\"high\" decoding=\"async\" width=\"1024\" height=\"679\" src=\"https:\/\/artizar.es\/wp-content\/uploads\/2022\/07\/Enzo-Calo-Artizar-1024x679.jpg\" class=\"attachment-large size-large wp-image-33059\" alt=\"\" srcset=\"https:\/\/artizar.es\/wp-content\/uploads\/2022\/07\/Enzo-Calo-Artizar-1024x679.jpg 1024w, https:\/\/artizar.es\/wp-content\/uploads\/2022\/07\/Enzo-Calo-Artizar-300x199.jpg 300w, https:\/\/artizar.es\/wp-content\/uploads\/2022\/07\/Enzo-Calo-Artizar-768x509.jpg 768w, https:\/\/artizar.es\/wp-content\/uploads\/2022\/07\/Enzo-Calo-Artizar-1536x1018.jpg 1536w, https:\/\/artizar.es\/wp-content\/uploads\/2022\/07\/Enzo-Calo-Artizar-600x398.jpg 600w, https:\/\/artizar.es\/wp-content\/uploads\/2022\/07\/Enzo-Calo-Artizar.jpg 1800w\" sizes=\"(max-width: 1024px) 100vw, 1024px\" \/>\t\t\t\t\t\t\t\t\t\t\t\t\t\t\t<\/div>\n\t\t\t\t<\/div>\n\t\t\t\t\t<\/div>\n\t\t<\/div>\n\t\t\t\t\t<\/div>\n\t\t<\/section>\n\t\t\t\t<section class=\"elementor-section elementor-top-section elementor-element elementor-element-71f1d97c elementor-section-boxed elementor-section-height-default elementor-section-height-default\" data-id=\"71f1d97c\" data-element_type=\"section\" data-e-type=\"section\">\n\t\t\t\t\t\t<div class=\"elementor-container elementor-column-gap-default\">\n\t\t\t\t\t<div class=\"elementor-column elementor-col-100 elementor-top-column elementor-element elementor-element-f92a57c\" data-id=\"f92a57c\" data-element_type=\"column\" data-e-type=\"column\">\n\t\t\t<div class=\"elementor-widget-wrap elementor-element-populated\">\n\t\t\t\t\t\t<div class=\"elementor-element elementor-element-176cecf6 elementor-widget elementor-widget-text-editor\" data-id=\"176cecf6\" data-element_type=\"widget\" data-e-type=\"widget\" data-widget_type=\"text-editor.default\">\n\t\t\t\t<div class=\"elementor-widget-container\">\n\t\t\t\t\t\t\t\t\t<p><strong>Condiciones de participaci\u00f3n:<\/strong><\/p>\n<p>\u00a0<\/p>\n<p>* Al enviar la participaci\u00f3n a esta convocatoria se aceptan todas las condiciones que se redactan a continuaci\u00f3n.<\/p>\n<p>* Edad m\u00e1xima para participar: 40 a\u00f1os<\/p>\n<p>* Residente en la actualidad en las Islas Canarias.<\/p>\n<p>* Presentar 5 obras de trabajo reciente (\u00faltimos 12 meses), que est\u00e9n disponibles para incluirlas en la feria en el caso de ser seleccionado (tama\u00f1o m\u00e1ximo de las im\u00e1genes: 1MB cada una), y un dossier con informaci\u00f3n sobre trabajo de a\u00f1os anteriores.<\/p>\n<p>* Curriculum actualizado y datos personales (Direcci\u00f3n, tel\u00e9fono, nombre completo, fecha de nacimiento, e-mail, etc.<\/p>\n<p>* Toda la informaci\u00f3n se enviar\u00e1 v\u00eda e-mail, en ning\u00fan caso se presentar\u00e1 la obra o dossier en la galer\u00eda.<\/p>\n<p>* Si no se cumple alguno de los requisitos o falta alg\u00fan aspecto de la informaci\u00f3n solicitada, se desestimar\u00e1 la solicitud.<\/p>\n<p>* En caso de ser seleccionados entrar\u00e1n en contacto directo con la galer\u00eda para gestionar y seleccionar las obras destinadas a la feria.<\/p>\n<p>* La Galer\u00eda Artizar cubrir\u00e1 con los gastos del Stand\/Habitaci\u00f3n as\u00ed como con el billete de avi\u00f3n de ida y vuelta (Canarias-Madrid, Madrid-Canarias) para el artista seleccionado.<\/p>\n<p>* La galer\u00eda no percibir\u00e1 comisi\u00f3n alguna por las ventas generadas durante la feria, siendo el artista el \u00fanico beneficiario de cualquier transacci\u00f3n que en ella se produzca.<\/p>\n<p>* El artista se ocupar\u00e1 del montaje y desmontaje del stand. Tambi\u00e9n deber\u00e1 hacerse cargo del stand durante el horario de la feria.<\/p>\n<p>* La fecha l\u00edmite de aceptaci\u00f3n de solicitudes ser\u00e1 el lunes 4 de octubre de 2022 (incluido) y el d\u00eda 18 del mismo mes publicaremos el nombre del artista seleccionado en nuestra p\u00e1gina web: <a href=\"https:\/\/artizar.es\/\" rel=\"nofollow\">https:\/\/artizar.es<\/a><\/p>\n<p>* Enviar toda la informaci\u00f3n a la siguiente direcci\u00f3n:\u00a0<a href=\"mailto:now@artizar.es\">now@artizar.es<\/a>\u00a0y esperar la confirmaci\u00f3n de que ha sido registrado en el proceso de selecci\u00f3n.<\/p>\n<p>\u00a0<\/p>\n<p>Enlaces de inter\u00e9s:<\/p>\n<p>\u00a0<\/p>\n<p><a href=\"https:\/\/hybridart.es\/fair\/\">http:\/\/www.hybridart.es<\/a><\/p>\n<p>\u00a0<\/p>\n<p><a href=\"https:\/\/www.petitpalacesantabarbara.com\/es\/\">https:\/\/www.petitpalacesantabarbara.com\/es\/<\/a><\/p>\n<p>\u00a0<\/p>\n<p>En colaboraci\u00f3n con<\/p>\n<p>\u00a0<\/p>\n<p><img decoding=\"async\" class=\"alignnone wp-image-33057 size-medium\" src=\"https:\/\/artizar.es\/wp-content\/uploads\/2022\/07\/1-300x59.jpg\" alt=\"\" width=\"300\" height=\"59\" srcset=\"https:\/\/artizar.es\/wp-content\/uploads\/2022\/07\/1-300x59.jpg 300w, https:\/\/artizar.es\/wp-content\/uploads\/2022\/07\/1.jpg 490w\" sizes=\"(max-width: 300px) 100vw, 300px\" \/><\/p>\n<div class=\"wp-block-image\">\n<figure class=\"alignleft\"><img decoding=\"async\" class=\"wp-image-727\" title=\"\" src=\"https:\/\/boletinartizar.files.wordpress.com\/2019\/07\/hybrid-completo-2019-02.png?w=168&amp;h=80\" sizes=\"(max-width: 168px) 100vw, 168px\" srcset=\"https:\/\/boletinartizar.files.wordpress.com\/2019\/07\/hybrid-completo-2019-02.png?w=168&amp;h=80 168w, https:\/\/boletinartizar.files.wordpress.com\/2019\/07\/hybrid-completo-2019-02.png?w=336&amp;h=160 336w, https:\/\/boletinartizar.files.wordpress.com\/2019\/07\/hybrid-completo-2019-02.png?w=150&amp;h=71 150w, https:\/\/boletinartizar.files.wordpress.com\/2019\/07\/hybrid-completo-2019-02.png?w=300&amp;h=143 300w\" alt=\"\" data-attachment-id=\"727\" data-permalink=\"https:\/\/boletinartizar.com\/2019\/07\/29\/segunda-edicion-de-la-beca-now-artizar\/hybrid-completo-2019-02-2\/\" data-orig-file=\"https:\/\/boletinartizar.files.wordpress.com\/2019\/07\/hybrid-completo-2019-02.png\" data-orig-size=\"1511,720\" data-comments-opened=\"1\" data-image-meta=\"{\" data-image-title=\"Hybrid-Completo-2019-02\" data-image-description=\"\" data-image-caption=\"\" data-medium-file=\"https:\/\/boletinartizar.files.wordpress.com\/2019\/07\/hybrid-completo-2019-02.png?w=300\" data-large-file=\"https:\/\/boletinartizar.files.wordpress.com\/2019\/07\/hybrid-completo-2019-02.png?w=1000\" \/><\/figure>\n<\/div>\n<div id=\"jp-post-flair\" class=\"sharedaddy sd-like-enabled sd-sharing-enabled\">\n<div class=\"sharedaddy sd-sharing-enabled\">\u00a0<\/div>\n<\/div>\n\t\t\t\t\t\t\t\t<\/div>\n\t\t\t\t<\/div>\n\t\t\t\t\t<\/div>\n\t\t<\/div>\n\t\t\t\t\t<\/div>\n\t\t<\/section>\n\t\t\t\t<section class=\"elementor-section elementor-top-section elementor-element elementor-element-629d42f9 elementor-section-content-middle elementor-section-boxed elementor-section-height-default elementor-section-height-default\" data-id=\"629d42f9\" data-element_type=\"section\" data-e-type=\"section\">\n\t\t\t\t\t\t<div class=\"elementor-container elementor-column-gap-no\">\n\t\t\t\t\t<div class=\"elementor-column elementor-col-100 elementor-top-column elementor-element elementor-element-45de258a\" data-id=\"45de258a\" data-element_type=\"column\" data-e-type=\"column\">\n\t\t\t<div class=\"elementor-widget-wrap elementor-element-populated\">\n\t\t\t\t\t\t<div class=\"elementor-element elementor-element-1d93028 elementor-widget elementor-widget-heading\" data-id=\"1d93028\" data-element_type=\"widget\" data-e-type=\"widget\" data-widget_type=\"heading.default\">\n\t\t\t\t<div class=\"elementor-widget-container\">\n\t\t\t\t\t<h4 class=\"elementor-heading-title elementor-size-default\">Ediciones anteriores<\/h4>\t\t\t\t<\/div>\n\t\t\t\t<\/div>\n\t\t\t\t<div class=\"elementor-element elementor-element-396843ae elementor-widget elementor-widget-heading\" data-id=\"396843ae\" data-element_type=\"widget\" data-e-type=\"widget\" data-widget_type=\"heading.default\">\n\t\t\t\t<div class=\"elementor-widget-container\">\n\t\t\t\t\t<h5 class=\"elementor-heading-title elementor-size-default\">NOW ARTIZAR<\/h5>\t\t\t\t<\/div>\n\t\t\t\t<\/div>\n\t\t\t\t<div class=\"elementor-element elementor-element-7b6f1cdc elementor--h-position-center elementor--v-position-middle elementor-arrows-position-inside elementor-pagination-position-inside elementor-widget elementor-widget-slides\" data-id=\"7b6f1cdc\" data-element_type=\"widget\" data-e-type=\"widget\" data-settings=\"{&quot;navigation&quot;:&quot;both&quot;,&quot;autoplay&quot;:&quot;yes&quot;,&quot;pause_on_interaction&quot;:&quot;yes&quot;,&quot;autoplay_speed&quot;:5000,&quot;infinite&quot;:&quot;yes&quot;,&quot;transition&quot;:&quot;slide&quot;,&quot;transition_speed&quot;:500}\" data-widget_type=\"slides.default\">\n\t\t\t\t<div class=\"elementor-widget-container\">\n\t\t\t\t\t\t\t\t\t<div class=\"elementor-swiper\">\n\t\t\t\t\t<div class=\"elementor-slides-wrapper elementor-main-swiper swiper\" role=\"region\" aria-roledescription=\"carousel\" aria-label=\"Slides\" dir=\"ltr\" data-animation=\"fadeInUp\">\n\t\t\t\t<div class=\"swiper-wrapper elementor-slides\">\n\t\t\t\t\t\t\t\t\t\t<div class=\"elementor-repeater-item-32fceef swiper-slide\" role=\"group\" aria-roledescription=\"slide\"><div class=\"swiper-slide-bg\" role=\"img\" aria-label=\"Enzo Calo - Artizar\"><\/div><div class=\"swiper-slide-inner\" ><div class=\"swiper-slide-contents\"><\/div><\/div><\/div><div class=\"elementor-repeater-item-11edb1e swiper-slide\" role=\"group\" aria-roledescription=\"slide\"><div class=\"swiper-slide-bg\" role=\"img\" aria-label=\"Romina y Esther - Artizar\"><\/div><div class=\"swiper-slide-inner\" ><div class=\"swiper-slide-contents\"><\/div><\/div><\/div><div class=\"elementor-repeater-item-022eb1e swiper-slide\" role=\"group\" aria-roledescription=\"slide\"><div class=\"swiper-slide-bg\" role=\"img\" aria-label=\"Alejandro Correa - Artizar\"><\/div><div class=\"swiper-slide-inner\" ><div class=\"swiper-slide-contents\"><\/div><\/div><\/div><div class=\"elementor-repeater-item-e848d6b swiper-slide\" role=\"group\" aria-roledescription=\"slide\"><div class=\"swiper-slide-bg\" role=\"img\" aria-label=\"Adassa Santana - Artizar\"><\/div><div class=\"swiper-slide-inner\" ><div class=\"swiper-slide-contents\"><\/div><\/div><\/div><div class=\"elementor-repeater-item-f538608 swiper-slide\" role=\"group\" aria-roledescription=\"slide\"><div class=\"swiper-slide-bg\" role=\"img\" aria-label=\"Romina Rivero - Artizar\"><\/div><div class=\"swiper-slide-inner\" ><div class=\"swiper-slide-contents\"><\/div><\/div><\/div>\t\t\t\t<\/div>\n\t\t\t\t\t\t\t\t\t\t\t\t\t\t\t<div class=\"elementor-swiper-button elementor-swiper-button-prev\" role=\"button\" tabindex=\"0\" aria-label=\"Previous slide\">\n\t\t\t\t\t\t\t<i aria-hidden=\"true\" class=\"eicon-chevron-left\"><\/i>\t\t\t\t\t\t<\/div>\n\t\t\t\t\t\t<div class=\"elementor-swiper-button elementor-swiper-button-next\" role=\"button\" tabindex=\"0\" aria-label=\"Next slide\">\n\t\t\t\t\t\t\t<i aria-hidden=\"true\" class=\"eicon-chevron-right\"><\/i>\t\t\t\t\t\t<\/div>\n\t\t\t\t\t\t\t\t\t\t\t\t\t\t\t\t<div class=\"swiper-pagination\"><\/div>\n\t\t\t\t\t\t\t\t\t\t\t\t<\/div>\n\t\t\t\t<\/div>\n\t\t\t\t\t\t\t\t<\/div>\n\t\t\t\t<\/div>\n\t\t\t\t\t<\/div>\n\t\t<\/div>\n\t\t\t\t\t<\/div>\n\t\t<\/section>\n\t\t\t\t<\/div>\n\t\t","protected":false},"excerpt":{"rendered":"<p>Beca artizar para j\u00f3venes artistas de las islas canarias La beca\u00a0NOW se ha convertido ya en una se\u00f1a&#8230;<\/p>\n","protected":false},"author":3,"featured_media":0,"parent":0,"menu_order":0,"comment_status":"closed","ping_status":"closed","template":"","meta":{"footnotes":""},"class_list":["post-27755","page","type-page","status-publish","hentry"],"_links":{"self":[{"href":"https:\/\/artizar.es\/en\/wp-json\/wp\/v2\/pages\/27755","targetHints":{"allow":["GET"]}}],"collection":[{"href":"https:\/\/artizar.es\/en\/wp-json\/wp\/v2\/pages"}],"about":[{"href":"https:\/\/artizar.es\/en\/wp-json\/wp\/v2\/types\/page"}],"author":[{"embeddable":true,"href":"https:\/\/artizar.es\/en\/wp-json\/wp\/v2\/users\/3"}],"replies":[{"embeddable":true,"href":"https:\/\/artizar.es\/en\/wp-json\/wp\/v2\/comments?post=27755"}],"version-history":[{"count":0,"href":"https:\/\/artizar.es\/en\/wp-json\/wp\/v2\/pages\/27755\/revisions"}],"wp:attachment":[{"href":"https:\/\/artizar.es\/en\/wp-json\/wp\/v2\/media?parent=27755"}],"curies":[{"name":"wp","href":"https:\/\/api.w.org\/{rel}","templated":true}]}}