{"id":28702,"date":"2021-09-02T18:20:06","date_gmt":"2021-09-02T17:20:06","guid":{"rendered":"https:\/\/artizar.es\/new-%c2%b7-bienal-de-la-habana-2019\/"},"modified":"2021-09-10T15:52:34","modified_gmt":"2021-09-10T14:52:34","slug":"new-%c2%b7-bienal-de-la-habana-2019","status":"publish","type":"page","link":"https:\/\/artizar.es\/en\/new-%c2%b7-bienal-de-la-habana-2019\/","title":{"rendered":"NEW \u00b7 Bienal de La Habana 2019"},"content":{"rendered":"\t\t<div data-elementor-type=\"wp-page\" data-elementor-id=\"28702\" class=\"elementor elementor-28702 elementor-28633\" data-elementor-settings=\"{&quot;element_pack_global_tooltip_width&quot;:{&quot;unit&quot;:&quot;px&quot;,&quot;size&quot;:&quot;&quot;,&quot;sizes&quot;:[]},&quot;element_pack_global_tooltip_width_tablet&quot;:{&quot;unit&quot;:&quot;px&quot;,&quot;size&quot;:&quot;&quot;,&quot;sizes&quot;:[]},&quot;element_pack_global_tooltip_width_mobile&quot;:{&quot;unit&quot;:&quot;px&quot;,&quot;size&quot;:&quot;&quot;,&quot;sizes&quot;:[]},&quot;element_pack_global_tooltip_padding&quot;:{&quot;unit&quot;:&quot;px&quot;,&quot;top&quot;:&quot;&quot;,&quot;right&quot;:&quot;&quot;,&quot;bottom&quot;:&quot;&quot;,&quot;left&quot;:&quot;&quot;,&quot;isLinked&quot;:true},&quot;element_pack_global_tooltip_padding_tablet&quot;:{&quot;unit&quot;:&quot;px&quot;,&quot;top&quot;:&quot;&quot;,&quot;right&quot;:&quot;&quot;,&quot;bottom&quot;:&quot;&quot;,&quot;left&quot;:&quot;&quot;,&quot;isLinked&quot;:true},&quot;element_pack_global_tooltip_padding_mobile&quot;:{&quot;unit&quot;:&quot;px&quot;,&quot;top&quot;:&quot;&quot;,&quot;right&quot;:&quot;&quot;,&quot;bottom&quot;:&quot;&quot;,&quot;left&quot;:&quot;&quot;,&quot;isLinked&quot;:true},&quot;element_pack_global_tooltip_border_radius&quot;:{&quot;unit&quot;:&quot;px&quot;,&quot;top&quot;:&quot;&quot;,&quot;right&quot;:&quot;&quot;,&quot;bottom&quot;:&quot;&quot;,&quot;left&quot;:&quot;&quot;,&quot;isLinked&quot;:true},&quot;element_pack_global_tooltip_border_radius_tablet&quot;:{&quot;unit&quot;:&quot;px&quot;,&quot;top&quot;:&quot;&quot;,&quot;right&quot;:&quot;&quot;,&quot;bottom&quot;:&quot;&quot;,&quot;left&quot;:&quot;&quot;,&quot;isLinked&quot;:true},&quot;element_pack_global_tooltip_border_radius_mobile&quot;:{&quot;unit&quot;:&quot;px&quot;,&quot;top&quot;:&quot;&quot;,&quot;right&quot;:&quot;&quot;,&quot;bottom&quot;:&quot;&quot;,&quot;left&quot;:&quot;&quot;,&quot;isLinked&quot;:true}}\" data-elementor-post-type=\"page\">\n\t\t\t\t\t\t<section class=\"elementor-section elementor-top-section elementor-element elementor-element-35816ed5 elementor-section-height-min-height elementor-section-content-middle elementor-section-boxed elementor-section-height-default elementor-section-items-middle\" data-id=\"35816ed5\" data-element_type=\"section\" data-e-type=\"section\" data-settings=\"{&quot;background_background&quot;:&quot;classic&quot;}\">\n\t\t\t\t\t\t\t<div class=\"elementor-background-overlay\"><\/div>\n\t\t\t\t\t\t\t<div class=\"elementor-container elementor-column-gap-no\">\n\t\t\t\t\t<div class=\"elementor-column elementor-col-100 elementor-top-column elementor-element elementor-element-777b5cc3\" data-id=\"777b5cc3\" data-element_type=\"column\" data-e-type=\"column\">\n\t\t\t<div class=\"elementor-widget-wrap elementor-element-populated\">\n\t\t\t\t\t\t<div class=\"elementor-element elementor-element-7bc43c07 elementor-widget elementor-widget-heading\" data-id=\"7bc43c07\" data-element_type=\"widget\" data-e-type=\"widget\" data-widget_type=\"heading.default\">\n\t\t\t\t<div class=\"elementor-widget-container\">\n\t\t\t\t\t<h2 class=\"elementor-heading-title elementor-size-default\">Artizar y su paso por la XIII Bienal de La Habana<\/h2>\t\t\t\t<\/div>\n\t\t\t\t<\/div>\n\t\t\t\t<div class=\"elementor-element elementor-element-6f4a5130 elementor-widget elementor-widget-text-editor\" data-id=\"6f4a5130\" data-element_type=\"widget\" data-e-type=\"widget\" data-widget_type=\"text-editor.default\">\n\t\t\t\t<div class=\"elementor-widget-container\">\n\t\t\t\t\t\t\t\t\t<p>La Habana, Cuba. Abril de 2019<\/p>\n\t\t\t\t\t\t\t\t<\/div>\n\t\t\t\t<\/div>\n\t\t\t\t\t<\/div>\n\t\t<\/div>\n\t\t\t\t\t<\/div>\n\t\t<\/section>\n\t\t\t\t<section class=\"elementor-section elementor-top-section elementor-element elementor-element-6597a837 elementor-section-boxed elementor-section-height-default elementor-section-height-default\" data-id=\"6597a837\" data-element_type=\"section\" data-e-type=\"section\">\n\t\t\t\t\t\t<div class=\"elementor-container elementor-column-gap-default\">\n\t\t\t\t\t<div class=\"elementor-column elementor-col-100 elementor-top-column elementor-element elementor-element-66162f67\" data-id=\"66162f67\" data-element_type=\"column\" data-e-type=\"column\">\n\t\t\t<div class=\"elementor-widget-wrap elementor-element-populated\">\n\t\t\t\t\t\t<div class=\"elementor-element elementor-element-1149f1af elementor-widget elementor-widget-text-editor\" data-id=\"1149f1af\" data-element_type=\"widget\" data-e-type=\"widget\" data-widget_type=\"text-editor.default\">\n\t\t\t\t<div class=\"elementor-widget-container\">\n\t\t\t\t\t\t\t\t\t<p>Justo en estos d\u00edas clausura la XIII Bienal de La Habana y hemos querido aprovechar para contar lo que vimos, trabajamos y sentimos durante nuestra visita y participaci\u00f3n en los distintos proyectos en que tomamos parte.<\/p>\n<p>El principal motor de la vinculaci\u00f3n de la Galer\u00eda Artizar con esta edici\u00f3n de la Bienal fue la propuesta de los artistas Mart\u00edn y Sicilia para la secci\u00f3n de \u201cDetr\u00e1s del muro\u201d, un recorrido de esculturas e intervenciones art\u00edsticas a lo largo del famoso Malec\u00f3n. Este proyecto estaba curado por Juan Delgado y la pareja de artistas tinerfe\u00f1os fue una de las representaciones espa\u00f1olas.<\/p>\n<p>\u201cBasket people\u201d es el t\u00edtulo que tuvo la instalaci\u00f3n de Mart\u00edn y Sicilia, unas siluetas en madera en la que se representaban a ellos mismos (o sus avatares creativos) sobre unos aros y tableros de baloncesto, invitando a todo el que pasase por all\u00ed a participar con la obra de la mejor manera posible, tirando a canasta e intentando encestar, apoy\u00e1ndose para ello en el golpeo a las figuras de los artistas. Sobra decir que se form\u00f3 un gran revuelo y concurrida expectaci\u00f3n, junto al parque Maceo de la capital cubana se cre\u00f3 un divertido encuentro entre visitantes de la bienal y lugare\u00f1os que disfrutaban de lo que, una vez cada tres o cuatro a\u00f1os, les proporciona la Bienal de La Habana, algo m\u00e1s que apoyarse en el Malec\u00f3n para mirar al mar y ver caer el d\u00eda.<\/p>\n<p>\u201cNunca antes se hab\u00edan visto canastas de baloncesto en el Malec\u00f3n de La Habana, y menos colgadas de un muro clasificado como Patrimonio Hist\u00f3rico. Son cuatro y llevan adheridas figuras humanas a tama\u00f1o real que encajan los constantes pelotazos de ni\u00f1os y turistas.<\/p>\n<p>\u201cNos exponemos a ser golpeados por la ciudadan\u00eda sin ning\u00fan problema\u201d, explican a Efe los representados en las cartulinas, que no son otros que los creadores de la instalaci\u00f3n art\u00edstica, Mart\u00edn y Sicilia (Tenerife, Espa\u00f1a, 1974 y 1971).<\/p>\n<p>Su obra \u201cBasket People\u201d busca comunicar \u201cla autoexplotaci\u00f3n a la que estamos sometidos casi todos los sujetos occidentales\u201d. Pero, sobre todo, es un buen ejemplo de la naturaleza interactiva de \u201cDetr\u00e1s del muro\u201d, la muestra estrella de la XIII Bienal de La Habana (12 de abril al 11 de mayo) que transforma durante un mes el muro m\u00e1s emblem\u00e1tico de la capital de Cuba.\u201d<\/p>\n<\/p>\n<p style=\"text-align: right;\"><span style=\"text-decoration: underline;\">Agencia EFE. 16 de abril de 2019<\/span><\/p>\n<\/p>\n<p>\u201cA medio camino entre el performance participativo y la reflexi\u00f3n conceptual, <em>Basket people<\/em>, de los espa\u00f1oles Mart\u00edn y Sicilia, atrajo la atenci\u00f3n de tant\u00edsimos cubanos aficionados al deporte. De la representaci\u00f3n, tableros de baloncestos, a la interrogaci\u00f3n, la operaci\u00f3n est\u00e9tica est\u00e1 planteada, pues el p\u00fablico se pregunta c\u00f3mo y qu\u00e9 hacen en el blanco esas personas, a qu\u00e9 se exponen y si es posible intercambiar roles.\u201d<\/p>\n<p style=\"text-align: right;\"><span style=\"text-decoration: underline;\">Diario Granma. 19 de abril de 2019<\/span><\/p>\n\t\t\t\t\t\t\t\t<\/div>\n\t\t\t\t<\/div>\n\t\t\t\t\t<\/div>\n\t\t<\/div>\n\t\t\t\t\t<\/div>\n\t\t<\/section>\n\t\t\t\t<section class=\"elementor-section elementor-top-section elementor-element elementor-element-5d427091 elementor-section-content-middle elementor-section-boxed elementor-section-height-default elementor-section-height-default\" data-id=\"5d427091\" data-element_type=\"section\" data-e-type=\"section\">\n\t\t\t\t\t\t<div class=\"elementor-container elementor-column-gap-no\">\n\t\t\t\t\t<div class=\"elementor-column elementor-col-100 elementor-top-column elementor-element elementor-element-e82f493\" data-id=\"e82f493\" data-element_type=\"column\" data-e-type=\"column\">\n\t\t\t<div class=\"elementor-widget-wrap elementor-element-populated\">\n\t\t\t\t\t\t<div class=\"elementor-element elementor-element-238df263 elementor--h-position-center elementor--v-position-middle elementor-arrows-position-inside elementor-pagination-position-inside elementor-widget elementor-widget-slides\" data-id=\"238df263\" data-element_type=\"widget\" data-e-type=\"widget\" data-settings=\"{&quot;transition&quot;:&quot;fade&quot;,&quot;navigation&quot;:&quot;both&quot;,&quot;autoplay&quot;:&quot;yes&quot;,&quot;pause_on_hover&quot;:&quot;yes&quot;,&quot;pause_on_interaction&quot;:&quot;yes&quot;,&quot;autoplay_speed&quot;:5000,&quot;infinite&quot;:&quot;yes&quot;,&quot;transition_speed&quot;:500}\" data-widget_type=\"slides.default\">\n\t\t\t\t<div class=\"elementor-widget-container\">\n\t\t\t\t\t\t\t\t\t<div class=\"elementor-swiper\">\n\t\t\t\t\t<div class=\"elementor-slides-wrapper elementor-main-swiper swiper\" role=\"region\" aria-roledescription=\"carousel\" aria-label=\"Slides\" dir=\"ltr\" data-animation=\"fadeInUp\">\n\t\t\t\t<div class=\"swiper-wrapper elementor-slides\">\n\t\t\t\t\t\t\t\t\t\t<div class=\"elementor-repeater-item-32fceef swiper-slide\" role=\"group\" aria-roledescription=\"slide\"><div class=\"swiper-slide-bg\" role=\"img\" aria-label=\"bienal-de-la-habana-artizar-2\"><\/div><div class=\"swiper-slide-inner\" ><div class=\"swiper-slide-contents\"><\/div><\/div><\/div><div class=\"elementor-repeater-item-b818ae6 swiper-slide\" role=\"group\" aria-roledescription=\"slide\"><div class=\"swiper-slide-bg\" role=\"img\" aria-label=\"bienal-de-la-habana-artizar-3\"><\/div><div class=\"swiper-slide-inner\" ><div class=\"swiper-slide-contents\"><\/div><\/div><\/div><div class=\"elementor-repeater-item-186b1be swiper-slide\" role=\"group\" aria-roledescription=\"slide\"><div class=\"swiper-slide-bg\" role=\"img\" aria-label=\"bienal-de-la-habana-artizar-4\"><\/div><div class=\"swiper-slide-inner\" ><div class=\"swiper-slide-contents\"><\/div><\/div><\/div>\t\t\t\t<\/div>\n\t\t\t\t\t\t\t\t\t\t\t\t\t\t\t<div class=\"elementor-swiper-button elementor-swiper-button-prev\" role=\"button\" tabindex=\"0\" aria-label=\"Previous slide\">\n\t\t\t\t\t\t\t<i aria-hidden=\"true\" class=\"eicon-chevron-left\"><\/i>\t\t\t\t\t\t<\/div>\n\t\t\t\t\t\t<div class=\"elementor-swiper-button elementor-swiper-button-next\" role=\"button\" tabindex=\"0\" aria-label=\"Next slide\">\n\t\t\t\t\t\t\t<i aria-hidden=\"true\" class=\"eicon-chevron-right\"><\/i>\t\t\t\t\t\t<\/div>\n\t\t\t\t\t\t\t\t\t\t\t\t\t\t\t\t<div class=\"swiper-pagination\"><\/div>\n\t\t\t\t\t\t\t\t\t\t\t\t<\/div>\n\t\t\t\t<\/div>\n\t\t\t\t\t\t\t\t<\/div>\n\t\t\t\t<\/div>\n\t\t\t\t\t<\/div>\n\t\t<\/div>\n\t\t\t\t\t<\/div>\n\t\t<\/section>\n\t\t\t\t<section class=\"elementor-section elementor-top-section elementor-element elementor-element-49ad1ed7 elementor-section-boxed elementor-section-height-default elementor-section-height-default\" data-id=\"49ad1ed7\" data-element_type=\"section\" data-e-type=\"section\">\n\t\t\t\t\t\t<div class=\"elementor-container elementor-column-gap-default\">\n\t\t\t\t\t<div class=\"elementor-column elementor-col-100 elementor-top-column elementor-element elementor-element-6acf2c3b\" data-id=\"6acf2c3b\" data-element_type=\"column\" data-e-type=\"column\">\n\t\t\t<div class=\"elementor-widget-wrap elementor-element-populated\">\n\t\t\t\t\t\t<div class=\"elementor-element elementor-element-34b0d6a5 elementor-widget elementor-widget-text-editor\" data-id=\"34b0d6a5\" data-element_type=\"widget\" data-e-type=\"widget\" data-widget_type=\"text-editor.default\">\n\t\t\t\t<div class=\"elementor-widget-container\">\n\t\t\t\t\t\t\t\t\t<p>El mejor acompa\u00f1amiento posible para esta participaci\u00f3n fue dar forma a una muestra colectiva de artistas canarios en Estudio Arte Contempor\u00e1neo, en pleno Vedado. Una nueva colaboraci\u00f3n entre el espacio habanero y la Galer\u00eda Artizar. En esta exposici\u00f3n pudimos disfrutar de la obra de Noelia Villena, Mart\u00edn y Sicilia, Carlos Nicanor, Marco Alom y Alejandro Correa. Se consigui\u00f3 una fant\u00e1stica representaci\u00f3n de lo que nuestros queridos artistas est\u00e1n trabajando, una inmejorable ocasi\u00f3n, tanto por momento como por lugar, para reunirnos viejos y nuevos amigos en torno al mejor arte canario en Cuba.<\/p>\n<p>Noelia Villena colg\u00f3 una serie de obras sobre papel de muy reciente factura, ejemplo de la l\u00ednea que sigue actualmente su trabajo. Mart\u00edn y Sicilia acompa\u00f1aron su instalaci\u00f3n en el Malec\u00f3n con algunas obras bidimensionales, el tr\u00edptico <em>Tutorial para la construcci\u00f3n de una mesa<\/em> o <em>Dele color al difunto (remake)<\/em>, que ya se pudieron disfrutar en su \u00faltima exposici\u00f3n en Artizar, fueron las piezas elegidas.<\/p>\n<p>Como recordatorio de su participaci\u00f3n en la Bienal de La Habana anterior, Carlos Nicanor expuso una serie de fotograf\u00edas documentales sobre la instalaci\u00f3n <em>Lemon way<\/em> y un dibujo boceto titulado <em>El camino del hombre mosca,<\/em> tambi\u00e9n en clara referencia a su anterior estancia en La Habana, pues fue all\u00ed donde lo realiz\u00f3.<\/p>\n<\/p>\n<p>Marco Alom, adem\u00e1s de acompa\u00f1arnos en la aventura, particip\u00f3 en la muestra con tres grandes dibujos, <em>Boca devoradora<\/em> en el que representa a un tibur\u00f3n martillo edificado a base de innumerables batallas navales, <em>La fosa<\/em>, y una impresionante jaqueta fial a su estilo, fiel a la tinta y a las historias dentro de historias. Y por \u00faltimo, Alejandro Correa colg\u00f3 una serie de cinco peque\u00f1as pinturas, cinco acr\u00edlicos sobre tabla de sus ya conocidas \u201cmujeres\u201d.<\/p>\n<p>Con todo esto y la mejor compa\u00f1\u00eda y colaboraci\u00f3n de nuestros amigos, tanto los que vinieron con nosotros desde Espa\u00f1a como los que ya nos esperaban en Cuba, se cre\u00f3 una irrepetible velada.<\/p>\n<\/p>\n<p>Para terminar, no queremos olvidar las visitas que realizamos a los estudios de Manuel Mendive, Rub\u00e9n Alp\u00edzar y Santiago Rodr\u00edguez Olazabal. Maravillosas atenciones en cada casa. Alp\u00edzar y su familia nos brind\u00f3 una ma\u00f1ana de arte, tertulia y la mejor pata asada de cerdo que haya probado hasta la fecha. Ron, tabaco cubano, pinturas y la hospitalidad de Rub\u00e9n, Katia, Daniela y Ren\u00e9 hicieron el resto.<\/p>\n<p>El mismo d\u00eda tuvimos la suerte de que nos recibiera Santiago Rodr\u00edguez Olaz\u00e1bal en su taller, una casa familiar gobernada por un fant\u00e1stico patio que insuflaba paz a toda la propiedad, y junto al patio, el espacio creativo, una peque\u00f1a nave en la que se concentraba una importante cantidad de sus trabajos m\u00e1s recientes y en la que nos reunimos todos en torno al artista para dejarnos llevar por sus explicaciones y orientaciones hacia su obra y su forma de trabajo. Enorme agradecimiento al artista, su esposa y su hijo Santiel, por facilitarnos la experiencia.<\/p>\n\t\t\t\t\t\t\t\t<\/div>\n\t\t\t\t<\/div>\n\t\t\t\t\t<\/div>\n\t\t<\/div>\n\t\t\t\t\t<\/div>\n\t\t<\/section>\n\t\t\t\t<section class=\"elementor-section elementor-top-section elementor-element elementor-element-145ffb7 elementor-section-height-min-height elementor-section-content-middle elementor-section-boxed elementor-section-height-default elementor-section-items-middle\" data-id=\"145ffb7\" data-element_type=\"section\" data-e-type=\"section\" data-settings=\"{&quot;background_background&quot;:&quot;classic&quot;}\">\n\t\t\t\t\t\t\t<div class=\"elementor-background-overlay\"><\/div>\n\t\t\t\t\t\t\t<div class=\"elementor-container elementor-column-gap-no\">\n\t\t\t\t\t<div class=\"elementor-column elementor-col-100 elementor-top-column elementor-element elementor-element-c4cab5b\" data-id=\"c4cab5b\" data-element_type=\"column\" data-e-type=\"column\">\n\t\t\t<div class=\"elementor-widget-wrap\">\n\t\t\t\t\t\t\t<\/div>\n\t\t<\/div>\n\t\t\t\t\t<\/div>\n\t\t<\/section>\n\t\t\t\t<section class=\"elementor-section elementor-top-section elementor-element elementor-element-38a520b elementor-section-boxed elementor-section-height-default elementor-section-height-default\" data-id=\"38a520b\" data-element_type=\"section\" data-e-type=\"section\">\n\t\t\t\t\t\t<div class=\"elementor-container elementor-column-gap-default\">\n\t\t\t\t\t<div class=\"elementor-column elementor-col-100 elementor-top-column elementor-element elementor-element-f435319\" data-id=\"f435319\" data-element_type=\"column\" data-e-type=\"column\">\n\t\t\t<div class=\"elementor-widget-wrap elementor-element-populated\">\n\t\t\t\t\t\t<div class=\"elementor-element elementor-element-b123fef elementor-widget elementor-widget-text-editor\" data-id=\"b123fef\" data-element_type=\"widget\" data-e-type=\"widget\" data-widget_type=\"text-editor.default\">\n\t\t\t\t<div class=\"elementor-widget-container\">\n\t\t\t\t\t\t\t\t\t<p>Y por \u00faltimo, casi como despedida a nuestros d\u00edas en la isla caribe\u00f1a, toc\u00f3 excursi\u00f3n a Tapast\u00e9, un pueblo alejado de La Habana, hacia el interior, en el que se encuentra la finca del maestro Manuel Mendive. Pasados unos d\u00edas de su ya habitual <em>performance<\/em> para la Bienal de La Habana, Mendive nos recibi\u00f3 como acostumbra, en su balanc\u00edn frente a unas vistas que atrapan, hasta el punto de no tener noci\u00f3n del tiempo. Un lugar donde se respira paz, y con muy pocas palabras, verdadera sabidur\u00eda.<\/p>\n<p>Poca obra pudimos ver, pues el maestro ya no puede llevar el ritmo creativo de otras \u00e9pocas, pero lo poco result\u00f3 exquisito. Terminamos la visita con un fant\u00e1stico almuerzo en medio de esa gran finca y con la compa\u00f1\u00eda de nuestro amigo Alexander, asistente de Mendive, que hizo malabares para que tuvi\u00e9semos nuestro d\u00eda junto al gran mestro del arte cubano.<\/p>\n<p>Con todo esto solo nos queda agradecer al grupo que nos acompa\u00f1\u00f3 en la aventura y con los que compartimos cada vivencia, Choli, Juanma, Miguel, el joven Miguel, Gina, Marco, Ver\u00f3nica, Jos\u00e9 Arturo y Javi. Gracias!<\/p>\n<\/p>\n<p>Un lujo caribe\u00f1o que ojal\u00e1 se repita.<\/p>\n\t\t\t\t\t\t\t\t<\/div>\n\t\t\t\t<\/div>\n\t\t\t\t\t<\/div>\n\t\t<\/div>\n\t\t\t\t\t<\/div>\n\t\t<\/section>\n\t\t\t\t<section class=\"elementor-section elementor-top-section elementor-element elementor-element-93f02c0 elementor-section-boxed elementor-section-height-default elementor-section-height-default\" data-id=\"93f02c0\" data-element_type=\"section\" data-e-type=\"section\">\n\t\t\t\t\t\t<div class=\"elementor-container elementor-column-gap-default\">\n\t\t\t\t\t<div class=\"elementor-column elementor-col-100 elementor-top-column elementor-element elementor-element-a4c6274\" data-id=\"a4c6274\" data-element_type=\"column\" data-e-type=\"column\">\n\t\t\t<div class=\"elementor-widget-wrap elementor-element-populated\">\n\t\t\t\t\t\t<div class=\"elementor-element elementor-element-f1fc285 elementor-widget elementor-widget-image\" data-id=\"f1fc285\" data-element_type=\"widget\" data-e-type=\"widget\" data-widget_type=\"image.default\">\n\t\t\t\t<div class=\"elementor-widget-container\">\n\t\t\t\t\t\t\t\t\t\t\t\t\t\t\t<img fetchpriority=\"high\" decoding=\"async\" width=\"1024\" height=\"521\" src=\"https:\/\/artizar.es\/wp-content\/uploads\/2021\/09\/bienal-de-la-habana-artizar-6-1024x521.jpeg\" class=\"attachment-large size-large wp-image-28648\" alt=\"\" srcset=\"https:\/\/artizar.es\/wp-content\/uploads\/2021\/09\/bienal-de-la-habana-artizar-6-1024x521.jpeg 1024w, https:\/\/artizar.es\/wp-content\/uploads\/2021\/09\/bienal-de-la-habana-artizar-6-300x153.jpeg 300w, https:\/\/artizar.es\/wp-content\/uploads\/2021\/09\/bienal-de-la-habana-artizar-6-768x391.jpeg 768w, https:\/\/artizar.es\/wp-content\/uploads\/2021\/09\/bienal-de-la-habana-artizar-6-1536x781.jpeg 1536w, https:\/\/artizar.es\/wp-content\/uploads\/2021\/09\/bienal-de-la-habana-artizar-6.jpeg 2000w\" sizes=\"(max-width: 1024px) 100vw, 1024px\" \/>\t\t\t\t\t\t\t\t\t\t\t\t\t\t\t<\/div>\n\t\t\t\t<\/div>\n\t\t\t\t\t<\/div>\n\t\t<\/div>\n\t\t\t\t\t<\/div>\n\t\t<\/section>\n\t\t\t\t<\/div>\n\t\t","protected":false},"excerpt":{"rendered":"<p>Artizar y su paso por la XIII Bienal de La Habana La Habana, Cuba. Abril de 2019 Justo&#8230;<\/p>\n","protected":false},"author":3,"featured_media":0,"parent":0,"menu_order":0,"comment_status":"closed","ping_status":"closed","template":"","meta":{"footnotes":""},"class_list":["post-28702","page","type-page","status-publish","hentry"],"_links":{"self":[{"href":"https:\/\/artizar.es\/en\/wp-json\/wp\/v2\/pages\/28702","targetHints":{"allow":["GET"]}}],"collection":[{"href":"https:\/\/artizar.es\/en\/wp-json\/wp\/v2\/pages"}],"about":[{"href":"https:\/\/artizar.es\/en\/wp-json\/wp\/v2\/types\/page"}],"author":[{"embeddable":true,"href":"https:\/\/artizar.es\/en\/wp-json\/wp\/v2\/users\/3"}],"replies":[{"embeddable":true,"href":"https:\/\/artizar.es\/en\/wp-json\/wp\/v2\/comments?post=28702"}],"version-history":[{"count":0,"href":"https:\/\/artizar.es\/en\/wp-json\/wp\/v2\/pages\/28702\/revisions"}],"wp:attachment":[{"href":"https:\/\/artizar.es\/en\/wp-json\/wp\/v2\/media?parent=28702"}],"curies":[{"name":"wp","href":"https:\/\/api.w.org\/{rel}","templated":true}]}}