{"id":33161,"date":"2022-07-21T11:25:58","date_gmt":"2022-07-21T10:25:58","guid":{"rendered":"https:\/\/artizar.es\/new-%c2%b7-final-de-temporada-21-22\/"},"modified":"2022-07-21T11:25:58","modified_gmt":"2022-07-21T10:25:58","slug":"new-%c2%b7-final-de-temporada-21-22","status":"publish","type":"page","link":"https:\/\/artizar.es\/en\/new-%c2%b7-final-de-temporada-21-22\/","title":{"rendered":"NEW \u00b7 Final de temporada 21-22"},"content":{"rendered":"\t\t<div data-elementor-type=\"wp-page\" data-elementor-id=\"33161\" class=\"elementor elementor-33161 elementor-33122\" data-elementor-settings=\"{&quot;element_pack_global_tooltip_width&quot;:{&quot;unit&quot;:&quot;px&quot;,&quot;size&quot;:&quot;&quot;,&quot;sizes&quot;:[]},&quot;element_pack_global_tooltip_width_tablet&quot;:{&quot;unit&quot;:&quot;px&quot;,&quot;size&quot;:&quot;&quot;,&quot;sizes&quot;:[]},&quot;element_pack_global_tooltip_width_mobile&quot;:{&quot;unit&quot;:&quot;px&quot;,&quot;size&quot;:&quot;&quot;,&quot;sizes&quot;:[]},&quot;element_pack_global_tooltip_padding&quot;:{&quot;unit&quot;:&quot;px&quot;,&quot;top&quot;:&quot;&quot;,&quot;right&quot;:&quot;&quot;,&quot;bottom&quot;:&quot;&quot;,&quot;left&quot;:&quot;&quot;,&quot;isLinked&quot;:true},&quot;element_pack_global_tooltip_padding_tablet&quot;:{&quot;unit&quot;:&quot;px&quot;,&quot;top&quot;:&quot;&quot;,&quot;right&quot;:&quot;&quot;,&quot;bottom&quot;:&quot;&quot;,&quot;left&quot;:&quot;&quot;,&quot;isLinked&quot;:true},&quot;element_pack_global_tooltip_padding_mobile&quot;:{&quot;unit&quot;:&quot;px&quot;,&quot;top&quot;:&quot;&quot;,&quot;right&quot;:&quot;&quot;,&quot;bottom&quot;:&quot;&quot;,&quot;left&quot;:&quot;&quot;,&quot;isLinked&quot;:true},&quot;element_pack_global_tooltip_border_radius&quot;:{&quot;unit&quot;:&quot;px&quot;,&quot;top&quot;:&quot;&quot;,&quot;right&quot;:&quot;&quot;,&quot;bottom&quot;:&quot;&quot;,&quot;left&quot;:&quot;&quot;,&quot;isLinked&quot;:true},&quot;element_pack_global_tooltip_border_radius_tablet&quot;:{&quot;unit&quot;:&quot;px&quot;,&quot;top&quot;:&quot;&quot;,&quot;right&quot;:&quot;&quot;,&quot;bottom&quot;:&quot;&quot;,&quot;left&quot;:&quot;&quot;,&quot;isLinked&quot;:true},&quot;element_pack_global_tooltip_border_radius_mobile&quot;:{&quot;unit&quot;:&quot;px&quot;,&quot;top&quot;:&quot;&quot;,&quot;right&quot;:&quot;&quot;,&quot;bottom&quot;:&quot;&quot;,&quot;left&quot;:&quot;&quot;,&quot;isLinked&quot;:true}}\" data-elementor-post-type=\"page\">\n\t\t\t\t\t\t<section class=\"elementor-section elementor-top-section elementor-element elementor-element-c4f354e elementor-section-height-min-height elementor-section-content-middle elementor-section-boxed elementor-section-height-default elementor-section-items-middle\" data-id=\"c4f354e\" data-element_type=\"section\" data-e-type=\"section\" data-settings=\"{&quot;background_background&quot;:&quot;classic&quot;}\">\n\t\t\t\t\t\t\t<div class=\"elementor-background-overlay\"><\/div>\n\t\t\t\t\t\t\t<div class=\"elementor-container elementor-column-gap-no\">\n\t\t\t\t\t<div class=\"elementor-column elementor-col-100 elementor-top-column elementor-element elementor-element-a7f864b\" data-id=\"a7f864b\" data-element_type=\"column\" data-e-type=\"column\">\n\t\t\t<div class=\"elementor-widget-wrap elementor-element-populated\">\n\t\t\t\t\t\t<div class=\"elementor-element elementor-element-aa70c19 elementor-widget elementor-widget-heading\" data-id=\"aa70c19\" data-element_type=\"widget\" data-e-type=\"widget\" data-widget_type=\"heading.default\">\n\t\t\t\t<div class=\"elementor-widget-container\">\n\t\t\t\t\t<h2 class=\"elementor-heading-title elementor-size-default\">Final de temporada 2021\u00b72022 en Artizar<\/h2>\t\t\t\t<\/div>\n\t\t\t\t<\/div>\n\t\t\t\t\t<\/div>\n\t\t<\/div>\n\t\t\t\t\t<\/div>\n\t\t<\/section>\n\t\t\t\t<section class=\"elementor-section elementor-top-section elementor-element elementor-element-d6ff110 elementor-section-boxed elementor-section-height-default elementor-section-height-default\" data-id=\"d6ff110\" data-element_type=\"section\" data-e-type=\"section\">\n\t\t\t\t\t\t<div class=\"elementor-container elementor-column-gap-default\">\n\t\t\t\t\t<div class=\"elementor-column elementor-col-100 elementor-top-column elementor-element elementor-element-32e432c\" data-id=\"32e432c\" data-element_type=\"column\" data-e-type=\"column\">\n\t\t\t<div class=\"elementor-widget-wrap elementor-element-populated\">\n\t\t\t\t\t\t<div class=\"elementor-element elementor-element-0279a9c elementor-widget elementor-widget-text-editor\" data-id=\"0279a9c\" data-element_type=\"widget\" data-e-type=\"widget\" data-widget_type=\"text-editor.default\">\n\t\t\t\t<div class=\"elementor-widget-container\">\n\t\t\t\t\t\t\t\t\t<p>A falta de diez d\u00edas de clausurar la exposici\u00f3n de <strong>Pedro Gonz\u00e1lez<\/strong> y con ella la temporada 2021-2022, como cada a\u00f1o llegados a esta parte, revisamos lo que ha acontecido en \u00e9stos doce meses de proyectos art\u00edsticos de la galer\u00eda, empezando por la impresionante muestra que nos present\u00f3 <strong>Julio Blancas<\/strong> (Gran Canaria, 1967) bajo el t\u00edtulo <em>Nada que r\u00eda<\/em>, un sobrecogedor paseo por sus bosques, estructuras rocosas y sugerentes curvas de grafito.<\/p>\n<p>En octubre retomamos nuestra participaci\u00f3n en la feria <strong>Estampa<\/strong> de Madrid, con nombres como <strong>Marco Alom<\/strong>, <strong>Pamen Pereira<\/strong>, <strong>Roberto Diago<\/strong> o <strong>Alejandro Correa<\/strong>.<\/p>\n<p>Tras esto regres\u00f3 a nuestras salas la artista mallorquina <strong>Amparo Sard<\/strong> (Mallorca, 1973) que convirti\u00f3 Artizar en uno de sus propios papeles perforados. <em>Exhalar y engullir<\/em> molde\u00f3 las paredes a su antojo y consigui\u00f3 que todas las obras se fusionasen en una experiencia inmersiva completa.<\/p>\n<p>Como \u00faltima exposici\u00f3n del 2021 recibimos <strong>Ra\u00fal Cordero<\/strong> (La Habana, 1971) que es, a d\u00eda de hoy, uno de los artistas cubanos m\u00e1s relevantes del panorama internacional.<\/p>\n<p>Cordero present\u00f3 <em>Spanglish Drama<\/em>, un acercamiento a su visi\u00f3n sobre el avance voraz de este \u201cdialecto\u201d que poco a poco va ganando terreno a ambos lados del Atl\u00e1ntico.<\/p>\n<p>Terminada esta exposici\u00f3n iniciamos nuestra primera aventura ferial en Estados Unidos, una apuesta mutua que hicimos por <strong>EXPO CHICAGO<\/strong> y ellos por nosotros y nuestro proyecto de galer\u00eda. Desembarcamos en la ciudad del viento con obras del propio <strong>Ra\u00fal Cordero<\/strong>, <strong>Mart\u00edn y Sicilia<\/strong>, <strong>Amparo Sard<\/strong> y <strong>Carlos Nicanor<\/strong>. Una experiencia que como comentamos tras la vuelta a Espa\u00f1a, nos sorprendi\u00f3, nos ense\u00f1\u00f3 y sobre todo, nos anim\u00f3 a seguir por este camino.<\/p>\n\t\t\t\t\t\t\t\t<\/div>\n\t\t\t\t<\/div>\n\t\t\t\t\t<\/div>\n\t\t<\/div>\n\t\t\t\t\t<\/div>\n\t\t<\/section>\n\t\t\t\t<section class=\"elementor-section elementor-top-section elementor-element elementor-element-360a1c8 elementor-section-content-middle elementor-section-stretched elementor-section-boxed elementor-section-height-default elementor-section-height-default\" data-id=\"360a1c8\" data-element_type=\"section\" data-e-type=\"section\" data-settings=\"{&quot;stretch_section&quot;:&quot;section-stretched&quot;}\">\n\t\t\t\t\t\t<div class=\"elementor-container elementor-column-gap-no\">\n\t\t\t\t\t<div class=\"elementor-column elementor-col-100 elementor-top-column elementor-element elementor-element-4f29e01\" data-id=\"4f29e01\" data-element_type=\"column\" data-e-type=\"column\">\n\t\t\t<div class=\"elementor-widget-wrap elementor-element-populated\">\n\t\t\t\t\t\t<div class=\"elementor-element elementor-element-9a9ca9c elementor--h-position-center elementor--v-position-middle elementor-arrows-position-inside elementor-pagination-position-inside elementor-widget elementor-widget-slides\" data-id=\"9a9ca9c\" data-element_type=\"widget\" data-e-type=\"widget\" data-settings=\"{&quot;transition&quot;:&quot;fade&quot;,&quot;navigation&quot;:&quot;both&quot;,&quot;autoplay&quot;:&quot;yes&quot;,&quot;pause_on_hover&quot;:&quot;yes&quot;,&quot;pause_on_interaction&quot;:&quot;yes&quot;,&quot;autoplay_speed&quot;:5000,&quot;infinite&quot;:&quot;yes&quot;,&quot;transition_speed&quot;:500}\" data-widget_type=\"slides.default\">\n\t\t\t\t<div class=\"elementor-widget-container\">\n\t\t\t\t\t\t\t\t\t<div class=\"elementor-swiper\">\n\t\t\t\t\t<div class=\"elementor-slides-wrapper elementor-main-swiper swiper\" role=\"region\" aria-roledescription=\"carousel\" aria-label=\"Slides\" dir=\"ltr\" data-animation=\"fadeInUp\">\n\t\t\t\t<div class=\"swiper-wrapper elementor-slides\">\n\t\t\t\t\t\t\t\t\t\t<div class=\"elementor-repeater-item-32fceef swiper-slide\" role=\"group\" aria-roledescription=\"slide\"><div class=\"swiper-slide-bg\" role=\"img\" aria-label=\"Pedro Gonzalez - Artizar - 8\"><\/div><div class=\"swiper-slide-inner\" ><div class=\"swiper-slide-contents\"><\/div><\/div><\/div><div class=\"elementor-repeater-item-b818ae6 swiper-slide\" role=\"group\" aria-roledescription=\"slide\"><div class=\"swiper-slide-bg\" role=\"img\" aria-label=\"Alejandro Correa - Artizar 6\"><\/div><div class=\"swiper-slide-inner\" ><div class=\"swiper-slide-contents\"><\/div><\/div><\/div><div class=\"elementor-repeater-item-186b1be swiper-slide\" role=\"group\" aria-roledescription=\"slide\"><div class=\"swiper-slide-bg\" role=\"img\" aria-label=\"raul cordero - artizar 3\"><\/div><div class=\"swiper-slide-inner\" ><div class=\"swiper-slide-contents\"><\/div><\/div><\/div><div class=\"elementor-repeater-item-de617e8 swiper-slide\" role=\"group\" aria-roledescription=\"slide\"><div class=\"swiper-slide-bg\" role=\"img\" aria-label=\"Amparo Sard - Artizar 2\"><\/div><div class=\"swiper-slide-inner\" ><div class=\"swiper-slide-contents\"><\/div><\/div><\/div>\t\t\t\t<\/div>\n\t\t\t\t\t\t\t\t\t\t\t\t\t\t\t<div class=\"elementor-swiper-button elementor-swiper-button-prev\" role=\"button\" tabindex=\"0\" aria-label=\"Previous slide\">\n\t\t\t\t\t\t\t<i aria-hidden=\"true\" class=\"eicon-chevron-left\"><\/i>\t\t\t\t\t\t<\/div>\n\t\t\t\t\t\t<div class=\"elementor-swiper-button elementor-swiper-button-next\" role=\"button\" tabindex=\"0\" aria-label=\"Next slide\">\n\t\t\t\t\t\t\t<i aria-hidden=\"true\" class=\"eicon-chevron-right\"><\/i>\t\t\t\t\t\t<\/div>\n\t\t\t\t\t\t\t\t\t\t\t\t\t\t\t\t<div class=\"swiper-pagination\"><\/div>\n\t\t\t\t\t\t\t\t\t\t\t\t<\/div>\n\t\t\t\t<\/div>\n\t\t\t\t\t\t\t\t<\/div>\n\t\t\t\t<\/div>\n\t\t\t\t\t<\/div>\n\t\t<\/div>\n\t\t\t\t\t<\/div>\n\t\t<\/section>\n\t\t\t\t<section class=\"elementor-section elementor-top-section elementor-element elementor-element-467337f elementor-section-boxed elementor-section-height-default elementor-section-height-default\" data-id=\"467337f\" data-element_type=\"section\" data-e-type=\"section\">\n\t\t\t\t\t\t<div class=\"elementor-container elementor-column-gap-default\">\n\t\t\t\t\t<div class=\"elementor-column elementor-col-100 elementor-top-column elementor-element elementor-element-d94716c\" data-id=\"d94716c\" data-element_type=\"column\" data-e-type=\"column\">\n\t\t\t<div class=\"elementor-widget-wrap elementor-element-populated\">\n\t\t\t\t\t\t<div class=\"elementor-element elementor-element-2734477 elementor-widget elementor-widget-text-editor\" data-id=\"2734477\" data-element_type=\"widget\" data-e-type=\"widget\" data-widget_type=\"text-editor.default\">\n\t\t\t\t<div class=\"elementor-widget-container\">\n\t\t\t\t\t\t\t\t\t<p>La primera exposici\u00f3n que inauguramos en 2022 fue <em>Mientras<\/em> del pintor <strong>Alejandro Correa<\/strong> (Tenerife, 1984) que pese a su juventud es ya la tercera individual que hace para Artizar y eso habla muy bien de la admiraci\u00f3n que tenemos hacia su trabajo.<\/p>\n<p>Por supuesto, durante la semana del arte madrile\u00f1a volvimos a contar con el ganador de la beca <strong>NOW Artizar<\/strong>, que en esta edici\u00f3n fue para el artista italiano residente en Tenerife <strong>Enzo Cal\u00f2<\/strong> (Palermo, 1984) el cual mostr\u00f3 en <strong>Hybrid<\/strong> sus obras m\u00e1s recientes y aprovech\u00f3 al m\u00e1ximo su primer contacto con una feria de arte nacional y lo que en ella acontece durante un largo fin de semana.<\/p>\n<p>A final de abril tuvo lugar la maravillosa exposici\u00f3n del maestro cubano <strong>Juan Roberto Diago<\/strong> (La Habana, 1971), la primera individual de este artista en Artizar. Sin duda fue una muestra especial por el gran inter\u00e9s que sustenta su obra para nosotros y para nuestro entorno art\u00edstico, pero tambi\u00e9n porque se despleg\u00f3 una selecci\u00f3n de piezas realmente fant\u00e1sticas que tocaban muchas de las l\u00edneas del trabajo de Diago.<\/p>\n<p>Y como punto y final de la temporada 2021-2022, la exposici\u00f3n <em>Estremecimiento<\/em> de <strong>Pedro Gonz\u00e1lez<\/strong> (Tenerife 1927 \u2013 2016) que tendremos hasta el s\u00e1bado 30 de julio. Un paso por sus obras desde los a\u00f1os cincuenta hasta finales de los ochenta.<\/p>\n<p>Con todo esto a las espaldas, muy contentos del trabajo hecho y los resultados obtenidos, afrontamos la pr\u00f3xima temporada repleta de proyectos en la galer\u00eda y en ferias nacionales e internacionales. Podemos decir que ser\u00e1 la temporada m\u00e1s enfocada en las Islas Canarias de los \u00faltimos a\u00f1os pues las exposiciones en la galer\u00eda ser\u00e1n casi en su totalidad de artistas del archipi\u00e9lago como <strong>Marco Alom<\/strong>, <strong>Santiago Palenzuela<\/strong>, <strong>Carlos Nicanor<\/strong>, <strong>Esther Elena Pea<\/strong>, <strong>Luna Bengoechea<\/strong>, <strong>Mart\u00edn y Sicilia<\/strong> o <strong>Juan Carlos Batista<\/strong>. Un cartel de lujo, sin duda alguna.<\/p>\n<p>Adem\u00e1s de esto tendremos proyectos en ferias internacionales, eventos para fomentar el coleccionismo y el acercamiento a nuestros artistas, nueva publicaci\u00f3n de nuestro anuario y mucho m\u00e1s. Todo ello podr\u00e1n consultarlo en nuestra web y redes sociales.<\/p>\n<p>Desde el equipo de Artizar queremos agradecerles su atenci\u00f3n y apoyo, pues cada d\u00eda nos sentimos m\u00e1s arropados por aficionados al arte, amigos, coleccionistas, periodistas y diferentes agentes del sector.<\/p>\n<p style=\"text-align: right;\"><strong>FELIZ VERANO Y NOS VEMOS EN SEPTIEMBRE<\/strong><\/p>\n<p style=\"text-align: right;\"><strong>Frasco Pinto y Pedro Pinto<\/strong><\/p>\n\t\t\t\t\t\t\t\t<\/div>\n\t\t\t\t<\/div>\n\t\t\t\t\t<\/div>\n\t\t<\/div>\n\t\t\t\t\t<\/div>\n\t\t<\/section>\n\t\t\t\t<section class=\"elementor-section elementor-top-section elementor-element elementor-element-e5e8606 elementor-section-boxed elementor-section-height-default elementor-section-height-default\" data-id=\"e5e8606\" data-element_type=\"section\" data-e-type=\"section\">\n\t\t\t\t\t\t<div class=\"elementor-container elementor-column-gap-default\">\n\t\t\t\t\t<div class=\"elementor-column elementor-col-100 elementor-top-column elementor-element elementor-element-7432ba7\" data-id=\"7432ba7\" data-element_type=\"column\" data-e-type=\"column\">\n\t\t\t<div class=\"elementor-widget-wrap elementor-element-populated\">\n\t\t\t\t\t\t<div class=\"elementor-element elementor-element-ef2e86e elementor-widget elementor-widget-image\" data-id=\"ef2e86e\" data-element_type=\"widget\" data-e-type=\"widget\" data-widget_type=\"image.default\">\n\t\t\t\t<div class=\"elementor-widget-container\">\n\t\t\t\t\t\t\t\t\t\t\t\t\t\t\t<img fetchpriority=\"high\" decoding=\"async\" width=\"2000\" height=\"924\" src=\"https:\/\/artizar.es\/wp-content\/uploads\/2022\/07\/julio-blancas-artizar-vid-46.jpg\" class=\"attachment-full size-full wp-image-33139\" alt=\"\" srcset=\"https:\/\/artizar.es\/wp-content\/uploads\/2022\/07\/julio-blancas-artizar-vid-46.jpg 2000w, https:\/\/artizar.es\/wp-content\/uploads\/2022\/07\/julio-blancas-artizar-vid-46-300x139.jpg 300w, https:\/\/artizar.es\/wp-content\/uploads\/2022\/07\/julio-blancas-artizar-vid-46-1024x473.jpg 1024w, https:\/\/artizar.es\/wp-content\/uploads\/2022\/07\/julio-blancas-artizar-vid-46-768x355.jpg 768w, https:\/\/artizar.es\/wp-content\/uploads\/2022\/07\/julio-blancas-artizar-vid-46-1536x710.jpg 1536w, https:\/\/artizar.es\/wp-content\/uploads\/2022\/07\/julio-blancas-artizar-vid-46-600x277.jpg 600w\" sizes=\"(max-width: 2000px) 100vw, 2000px\" \/>\t\t\t\t\t\t\t\t\t\t\t\t\t\t\t<\/div>\n\t\t\t\t<\/div>\n\t\t\t\t\t<\/div>\n\t\t<\/div>\n\t\t\t\t\t<\/div>\n\t\t<\/section>\n\t\t\t\t<\/div>\n\t\t","protected":false},"excerpt":{"rendered":"<p>Final de temporada 2021\u00b72022 en Artizar A falta de diez d\u00edas de clausurar la exposici\u00f3n de Pedro Gonz\u00e1lez&#8230;<\/p>\n","protected":false},"author":3,"featured_media":0,"parent":0,"menu_order":0,"comment_status":"closed","ping_status":"closed","template":"","meta":{"footnotes":""},"class_list":["post-33161","page","type-page","status-publish","hentry"],"_links":{"self":[{"href":"https:\/\/artizar.es\/en\/wp-json\/wp\/v2\/pages\/33161","targetHints":{"allow":["GET"]}}],"collection":[{"href":"https:\/\/artizar.es\/en\/wp-json\/wp\/v2\/pages"}],"about":[{"href":"https:\/\/artizar.es\/en\/wp-json\/wp\/v2\/types\/page"}],"author":[{"embeddable":true,"href":"https:\/\/artizar.es\/en\/wp-json\/wp\/v2\/users\/3"}],"replies":[{"embeddable":true,"href":"https:\/\/artizar.es\/en\/wp-json\/wp\/v2\/comments?post=33161"}],"version-history":[{"count":0,"href":"https:\/\/artizar.es\/en\/wp-json\/wp\/v2\/pages\/33161\/revisions"}],"wp:attachment":[{"href":"https:\/\/artizar.es\/en\/wp-json\/wp\/v2\/media?parent=33161"}],"curies":[{"name":"wp","href":"https:\/\/api.w.org\/{rel}","templated":true}]}}