{"id":35703,"date":"2023-07-08T12:15:26","date_gmt":"2023-07-08T11:15:26","guid":{"rendered":"https:\/\/artizar.es\/new-roberto-diago-caji\/"},"modified":"2023-07-11T10:37:17","modified_gmt":"2023-07-11T09:37:17","slug":"new-roberto-diago-caji","status":"publish","type":"page","link":"https:\/\/artizar.es\/en\/new-roberto-diago-caji\/","title":{"rendered":"New &#8211; Roberto Diago &#8211; CAJI"},"content":{"rendered":"\t\t<div data-elementor-type=\"wp-page\" data-elementor-id=\"35703\" class=\"elementor elementor-35703 elementor-35663\" data-elementor-settings=\"{&quot;element_pack_global_tooltip_width&quot;:{&quot;unit&quot;:&quot;px&quot;,&quot;size&quot;:&quot;&quot;,&quot;sizes&quot;:[]},&quot;element_pack_global_tooltip_width_tablet&quot;:{&quot;unit&quot;:&quot;px&quot;,&quot;size&quot;:&quot;&quot;,&quot;sizes&quot;:[]},&quot;element_pack_global_tooltip_width_mobile&quot;:{&quot;unit&quot;:&quot;px&quot;,&quot;size&quot;:&quot;&quot;,&quot;sizes&quot;:[]},&quot;element_pack_global_tooltip_padding&quot;:{&quot;unit&quot;:&quot;px&quot;,&quot;top&quot;:&quot;&quot;,&quot;right&quot;:&quot;&quot;,&quot;bottom&quot;:&quot;&quot;,&quot;left&quot;:&quot;&quot;,&quot;isLinked&quot;:true},&quot;element_pack_global_tooltip_padding_tablet&quot;:{&quot;unit&quot;:&quot;px&quot;,&quot;top&quot;:&quot;&quot;,&quot;right&quot;:&quot;&quot;,&quot;bottom&quot;:&quot;&quot;,&quot;left&quot;:&quot;&quot;,&quot;isLinked&quot;:true},&quot;element_pack_global_tooltip_padding_mobile&quot;:{&quot;unit&quot;:&quot;px&quot;,&quot;top&quot;:&quot;&quot;,&quot;right&quot;:&quot;&quot;,&quot;bottom&quot;:&quot;&quot;,&quot;left&quot;:&quot;&quot;,&quot;isLinked&quot;:true},&quot;element_pack_global_tooltip_border_radius&quot;:{&quot;unit&quot;:&quot;px&quot;,&quot;top&quot;:&quot;&quot;,&quot;right&quot;:&quot;&quot;,&quot;bottom&quot;:&quot;&quot;,&quot;left&quot;:&quot;&quot;,&quot;isLinked&quot;:true},&quot;element_pack_global_tooltip_border_radius_tablet&quot;:{&quot;unit&quot;:&quot;px&quot;,&quot;top&quot;:&quot;&quot;,&quot;right&quot;:&quot;&quot;,&quot;bottom&quot;:&quot;&quot;,&quot;left&quot;:&quot;&quot;,&quot;isLinked&quot;:true},&quot;element_pack_global_tooltip_border_radius_mobile&quot;:{&quot;unit&quot;:&quot;px&quot;,&quot;top&quot;:&quot;&quot;,&quot;right&quot;:&quot;&quot;,&quot;bottom&quot;:&quot;&quot;,&quot;left&quot;:&quot;&quot;,&quot;isLinked&quot;:true}}\" data-elementor-post-type=\"page\">\n\t\t\t\t\t\t<section class=\"elementor-section elementor-top-section elementor-element elementor-element-0729322 elementor-section-height-min-height elementor-section-content-middle elementor-section-boxed elementor-section-height-default elementor-section-items-middle\" data-id=\"0729322\" data-element_type=\"section\" data-e-type=\"section\" data-settings=\"{&quot;background_background&quot;:&quot;classic&quot;}\">\n\t\t\t\t\t\t\t<div class=\"elementor-background-overlay\"><\/div>\n\t\t\t\t\t\t\t<div class=\"elementor-container elementor-column-gap-no\">\n\t\t\t\t\t<div class=\"elementor-column elementor-col-100 elementor-top-column elementor-element elementor-element-daa7d1f\" data-id=\"daa7d1f\" data-element_type=\"column\" data-e-type=\"column\">\n\t\t\t<div class=\"elementor-widget-wrap elementor-element-populated\">\n\t\t\t\t\t\t<div class=\"elementor-element elementor-element-e498a27 elementor-widget elementor-widget-heading\" data-id=\"e498a27\" data-element_type=\"widget\" data-e-type=\"widget\" data-widget_type=\"heading.default\">\n\t\t\t\t<div class=\"elementor-widget-container\">\n\t\t\t\t\t<h2 class=\"elementor-heading-title elementor-size-default\">ROBERTO DIAGO<\/h2>\t\t\t\t<\/div>\n\t\t\t\t<\/div>\n\t\t\t\t<div class=\"elementor-element elementor-element-e86df3a elementor-widget elementor-widget-heading\" data-id=\"e86df3a\" data-element_type=\"widget\" data-e-type=\"widget\" data-widget_type=\"heading.default\">\n\t\t\t\t<div class=\"elementor-widget-container\">\n\t\t\t\t\t<h2 class=\"elementor-heading-title elementor-size-default\">La oscuridad fue el principio (Darkness was the beginning)<\/h2>\t\t\t\t<\/div>\n\t\t\t\t<\/div>\n\t\t\t\t<div class=\"elementor-element elementor-element-1278fe3 elementor-widget elementor-widget-text-editor\" data-id=\"1278fe3\" data-element_type=\"widget\" data-e-type=\"widget\" data-widget_type=\"text-editor.default\">\n\t\t\t\t<div class=\"elementor-widget-container\">\n\t\t\t\t\t\t\t\t\t<p>Juan Ismael Art Center (Fuerteventura, Canary Islands)<\/p>\n<p>July, 6 &#8211; September, 23<\/p>\n\t\t\t\t\t\t\t\t<\/div>\n\t\t\t\t<\/div>\n\t\t\t\t\t<\/div>\n\t\t<\/div>\n\t\t\t\t\t<\/div>\n\t\t<\/section>\n\t\t\t\t<section class=\"elementor-section elementor-top-section elementor-element elementor-element-054ca72 elementor-section-boxed elementor-section-height-default elementor-section-height-default\" data-id=\"054ca72\" data-element_type=\"section\" data-e-type=\"section\">\n\t\t\t\t\t\t<div class=\"elementor-container elementor-column-gap-default\">\n\t\t\t\t\t<div class=\"elementor-column elementor-col-100 elementor-top-column elementor-element elementor-element-6dce40d\" data-id=\"6dce40d\" data-element_type=\"column\" data-e-type=\"column\">\n\t\t\t<div class=\"elementor-widget-wrap elementor-element-populated\">\n\t\t\t\t\t\t<div class=\"elementor-element elementor-element-4dec264 elementor-widget elementor-widget-text-editor\" data-id=\"4dec264\" data-element_type=\"widget\" data-e-type=\"widget\" data-widget_type=\"text-editor.default\">\n\t\t\t\t<div class=\"elementor-widget-container\">\n\t\t\t\t\t\t\t\t\t<p>The work of Cuban artist Roberto Diago has made him one of the most established and outstanding creators of his generation, both in his native Cuba and internationally. Over a career spanning more than three decades, he has progressively constructed an unquestionable <em>corpus<\/em>, precisely because it is so forceful, embracing his subject matter head on, with undeniable success. And his art always evokes such an embrace. There is something in the constitution of his work, often grandiloquent, that appears to be created more by his arms than his hands, because it also tends to stretch out in space like a spillage, bursting open, a slap around the eyes, rather than a caress, and this violence indicates the strength of the arm, rather than the delicacy of the hand. Even when the hand, detailed and precise as it is, when he, Diago, wants it to.<\/p>\n<p>&nbsp;<\/p>\n<p>His work is linked to the anthropocentric tradition of Cuban Art that explores its Afro-Atlantic legacies, initiated by the vertiginous and avant-garde oeuvre of Wifredo Lam, by the mysterious painting of his paternal grandfather, Roberto Diago, and the voluminous fleshy sculptures of Agust\u00edn C\u00e1rdenas at the start and middle of the twentieth century, and continued after the Cuban revolutionary process by the fabulist and mystical work of Manuel Mendive, the neo-expressionist graphology of Eduardo Choco, and the anthropological research of Jos\u00e9 Bedia and Marta Mar\u00eda P\u00e9rez Bravo; entering art through his racial condition as a Black man, city dweller, urbanite, <em>Habanero<\/em>, descendant of artists and musicians, as an individual permeated by the transitory fin-de-siecle spirit, where diaspora is no longer an escape but instead claims a home, an outline, a familiarity as a point of departure and arrival. Heir to a legacy and bearer of a culture that seeps into every pore, this is the first individual exhibition of Roberto Diago\u2019s work in a Spanish public institution, grounded in the idea of reversing the scriptural logic of the \u201cblank page\u201d, knowing that in the beginning it was always the darkness where light is born, and not vice versa. Without fear of his \u201cblank page\u201d Roberto Diago has been writing his history, visually, re-writing that of his contemporaries, by sharing their work just as that metaphor used before, because he embraces us, just as the universe embraces this planet we call home.<\/p>\n<p>&nbsp;<\/p>\n<p>The intention here is to expose this ancestral and contemporary cosmogony that Diago gives us. Curated into three sections, based on his visions of \u201chis people\u201d, \u201chis landscape\u201d, \u201chis home\u201d. As the artist himself insists on looking for \u201chis place in the world\u201d. The exhibition contains around forty pieces including paintings, installations, drawings and sculptures, approached from a museographical perspective, in which each space must feel inhabited by its passers-by. Diago&#8217;s and ourselves.<\/p>\n<p><a href=\"#_ftnref1\" name=\"_ftn1\"><\/a><\/p>\n\t\t\t\t\t\t\t\t<\/div>\n\t\t\t\t<\/div>\n\t\t\t\t\t<\/div>\n\t\t<\/div>\n\t\t\t\t\t<\/div>\n\t\t<\/section>\n\t\t\t\t<section class=\"elementor-section elementor-top-section elementor-element elementor-element-35d1042 elementor-section-boxed elementor-section-height-default elementor-section-height-default\" data-id=\"35d1042\" data-element_type=\"section\" data-e-type=\"section\">\n\t\t\t\t\t\t<div class=\"elementor-container elementor-column-gap-default\">\n\t\t\t\t\t<div class=\"elementor-column elementor-col-100 elementor-top-column elementor-element elementor-element-8def709\" data-id=\"8def709\" data-element_type=\"column\" data-e-type=\"column\">\n\t\t\t<div class=\"elementor-widget-wrap elementor-element-populated\">\n\t\t\t\t\t\t<div class=\"elementor-element elementor-element-7afd0bc elementor-widget elementor-widget-text-editor\" data-id=\"7afd0bc\" data-element_type=\"widget\" data-e-type=\"widget\" data-widget_type=\"text-editor.default\">\n\t\t\t\t<div class=\"elementor-widget-container\">\n\t\t\t\t\t\t\t\t\t<p style=\"text-align: right;\"><strong>OMAR-PASCUAL CASTILLO<\/strong><\/p>\n<p style=\"text-align: right;\">Curator<\/p>\n\t\t\t\t\t\t\t\t<\/div>\n\t\t\t\t<\/div>\n\t\t\t\t\t<\/div>\n\t\t<\/div>\n\t\t\t\t\t<\/div>\n\t\t<\/section>\n\t\t\t\t<section class=\"elementor-section elementor-top-section elementor-element elementor-element-707363e elementor-section-content-middle elementor-section-boxed elementor-section-height-default elementor-section-height-default\" data-id=\"707363e\" data-element_type=\"section\" data-e-type=\"section\">\n\t\t\t\t\t\t<div class=\"elementor-container elementor-column-gap-no\">\n\t\t\t\t\t<div class=\"elementor-column elementor-col-100 elementor-top-column elementor-element elementor-element-a19d5f5\" data-id=\"a19d5f5\" data-element_type=\"column\" data-e-type=\"column\">\n\t\t\t<div class=\"elementor-widget-wrap elementor-element-populated\">\n\t\t\t\t\t\t<div class=\"elementor-element elementor-element-5df3311 elementor--h-position-center elementor--v-position-middle elementor-arrows-position-inside elementor-pagination-position-inside elementor-widget elementor-widget-slides\" data-id=\"5df3311\" data-element_type=\"widget\" data-e-type=\"widget\" data-settings=\"{&quot;transition&quot;:&quot;fade&quot;,&quot;navigation&quot;:&quot;both&quot;,&quot;autoplay&quot;:&quot;yes&quot;,&quot;pause_on_interaction&quot;:&quot;yes&quot;,&quot;autoplay_speed&quot;:5000,&quot;infinite&quot;:&quot;yes&quot;,&quot;transition_speed&quot;:500}\" data-widget_type=\"slides.default\">\n\t\t\t\t<div class=\"elementor-widget-container\">\n\t\t\t\t\t\t\t\t\t<div class=\"elementor-swiper\">\n\t\t\t\t\t<div class=\"elementor-slides-wrapper elementor-main-swiper swiper\" role=\"region\" aria-roledescription=\"carousel\" aria-label=\"Slides\" dir=\"ltr\" data-animation=\"fadeInUp\">\n\t\t\t\t<div class=\"swiper-wrapper elementor-slides\">\n\t\t\t\t\t\t\t\t\t\t<div class=\"elementor-repeater-item-32fceef swiper-slide\" role=\"group\" aria-roledescription=\"slide\"><div class=\"swiper-slide-bg\" role=\"img\" aria-label=\"Diago - Artizar 08\"><\/div><div class=\"swiper-slide-inner\" ><div class=\"swiper-slide-contents\"><\/div><\/div><\/div><div class=\"elementor-repeater-item-09d1074 swiper-slide\" role=\"group\" aria-roledescription=\"slide\"><div class=\"swiper-slide-bg\" role=\"img\" aria-label=\"Salas del Centro de Arte Juan Isamel. Fuerteventura\"><\/div><div class=\"swiper-slide-inner\" ><div class=\"swiper-slide-contents\"><\/div><\/div><\/div><div class=\"elementor-repeater-item-3b0dc54 swiper-slide\" role=\"group\" aria-roledescription=\"slide\"><div class=\"swiper-slide-bg\" role=\"img\" aria-label=\"Diago - Artizar 06\"><\/div><div class=\"swiper-slide-inner\" ><div class=\"swiper-slide-contents\"><\/div><\/div><\/div><div class=\"elementor-repeater-item-5e7bf0e swiper-slide\" role=\"group\" aria-roledescription=\"slide\"><div class=\"swiper-slide-bg\" role=\"img\" aria-label=\"Diago - Artizar 05\"><\/div><div class=\"swiper-slide-inner\" ><div class=\"swiper-slide-contents\"><\/div><\/div><\/div><div class=\"elementor-repeater-item-2046c85 swiper-slide\" role=\"group\" aria-roledescription=\"slide\"><div class=\"swiper-slide-bg\" role=\"img\" aria-label=\"Salas del Centro de Arte Juan Isamel. Fuerteventura\"><\/div><div class=\"swiper-slide-inner\" ><div class=\"swiper-slide-contents\"><\/div><\/div><\/div><div class=\"elementor-repeater-item-d6492ef swiper-slide\" role=\"group\" aria-roledescription=\"slide\"><div class=\"swiper-slide-bg\" role=\"img\" aria-label=\"Salas del Centro de Arte Juan Isamel. Fuerteventura\"><\/div><div class=\"swiper-slide-inner\" ><div class=\"swiper-slide-contents\"><\/div><\/div><\/div><div class=\"elementor-repeater-item-0491fc7 swiper-slide\" role=\"group\" aria-roledescription=\"slide\"><div class=\"swiper-slide-bg\" role=\"img\" aria-label=\"Salas del Centro de Arte Juan Isamel. Fuerteventura\"><\/div><div class=\"swiper-slide-inner\" ><div class=\"swiper-slide-contents\"><\/div><\/div><\/div>\t\t\t\t<\/div>\n\t\t\t\t\t\t\t\t\t\t\t\t\t\t\t<div class=\"elementor-swiper-button elementor-swiper-button-prev\" role=\"button\" tabindex=\"0\" aria-label=\"Previous slide\">\n\t\t\t\t\t\t\t<i aria-hidden=\"true\" class=\"eicon-chevron-left\"><\/i>\t\t\t\t\t\t<\/div>\n\t\t\t\t\t\t<div class=\"elementor-swiper-button elementor-swiper-button-next\" role=\"button\" tabindex=\"0\" aria-label=\"Next slide\">\n\t\t\t\t\t\t\t<i aria-hidden=\"true\" class=\"eicon-chevron-right\"><\/i>\t\t\t\t\t\t<\/div>\n\t\t\t\t\t\t\t\t\t\t\t\t\t\t\t\t<div class=\"swiper-pagination\"><\/div>\n\t\t\t\t\t\t\t\t\t\t\t\t<\/div>\n\t\t\t\t<\/div>\n\t\t\t\t\t\t\t\t<\/div>\n\t\t\t\t<\/div>\n\t\t\t\t\t<\/div>\n\t\t<\/div>\n\t\t\t\t\t<\/div>\n\t\t<\/section>\n\t\t\t\t<section class=\"elementor-section elementor-top-section elementor-element elementor-element-032722f elementor-section-boxed elementor-section-height-default elementor-section-height-default\" data-id=\"032722f\" data-element_type=\"section\" data-e-type=\"section\">\n\t\t\t\t\t\t<div class=\"elementor-container elementor-column-gap-default\">\n\t\t\t\t\t<div class=\"elementor-column elementor-col-50 elementor-top-column elementor-element elementor-element-182817d\" data-id=\"182817d\" data-element_type=\"column\" data-e-type=\"column\">\n\t\t\t<div class=\"elementor-widget-wrap elementor-element-populated\">\n\t\t\t\t\t\t<div class=\"elementor-element elementor-element-c72815b elementor-widget elementor-widget-text-editor\" data-id=\"c72815b\" data-element_type=\"widget\" data-e-type=\"widget\" data-widget_type=\"text-editor.default\">\n\t\t\t\t<div class=\"elementor-widget-container\">\n\t\t\t\t\t\t\t\t\t<p>Roberto Diago is one of the most recognized contemporary artists in Cuba. Born in 1971, he studied at the San Alejandro Academy in 1990 and works as a Consulting Professor at the Instituto Superior de Arte, Havana.<\/p>\n<p>The everyday is the material of his work, he makes use of the materials that everyday life offers him and gives them a symbolic charge in an act of cultural resistance. His work reflects his interest in the legacy of African culture brought by slaves to Cuba, and how it is presented in Cuban society today.<\/p>\n<p>He has had important exhibitions at the Lowe Museum in Miami, The Clement Foundation in Martinique, Harvard University Museum, etc. He works with galleries in the United States, Cuba, Germany and Spain among others and is a regular figure in the best art fairs in the United States and Latin America. He has also shown his work in fairs such as ARCO Madrid or FIAC Paris, as well as in the biennials of Venice, Havana or Dakar. His work is in the permanent collections of the National Museum of Havana, Deste Foundation of Athens, Brownstone Foundation of Paris, CIFO Collection of Florida, Boston Fine Arts Museum or Jorge M. P\u00e9rez Museum of Miami, among many others.<\/p>\n\t\t\t\t\t\t\t\t<\/div>\n\t\t\t\t<\/div>\n\t\t\t\t\t<\/div>\n\t\t<\/div>\n\t\t\t\t<div class=\"elementor-column elementor-col-50 elementor-top-column elementor-element elementor-element-64d0d67\" data-id=\"64d0d67\" data-element_type=\"column\" data-e-type=\"column\">\n\t\t\t<div class=\"elementor-widget-wrap elementor-element-populated\">\n\t\t\t\t\t\t<div class=\"elementor-element elementor-element-b5a297b elementor-widget elementor-widget-image\" data-id=\"b5a297b\" data-element_type=\"widget\" data-e-type=\"widget\" data-widget_type=\"image.default\">\n\t\t\t\t<div class=\"elementor-widget-container\">\n\t\t\t\t\t\t\t\t\t\t\t\t\t\t\t<img fetchpriority=\"high\" decoding=\"async\" width=\"905\" height=\"1000\" src=\"https:\/\/artizar.es\/wp-content\/uploads\/2023\/07\/Diago-Artizar-09.jpg\" class=\"attachment-large size-large wp-image-35687\" alt=\"\" srcset=\"https:\/\/artizar.es\/wp-content\/uploads\/2023\/07\/Diago-Artizar-09.jpg 905w, https:\/\/artizar.es\/wp-content\/uploads\/2023\/07\/Diago-Artizar-09-272x300.jpg 272w, https:\/\/artizar.es\/wp-content\/uploads\/2023\/07\/Diago-Artizar-09-768x849.jpg 768w\" sizes=\"(max-width: 905px) 100vw, 905px\" \/>\t\t\t\t\t\t\t\t\t\t\t\t\t\t\t<\/div>\n\t\t\t\t<\/div>\n\t\t\t\t\t<\/div>\n\t\t<\/div>\n\t\t\t\t\t<\/div>\n\t\t<\/section>\n\t\t\t\t<section class=\"elementor-section elementor-top-section elementor-element elementor-element-c81d686 elementor-section-boxed elementor-section-height-default elementor-section-height-default\" data-id=\"c81d686\" data-element_type=\"section\" data-e-type=\"section\">\n\t\t\t\t\t\t<div class=\"elementor-container elementor-column-gap-default\">\n\t\t\t\t\t<div class=\"elementor-column elementor-col-100 elementor-top-column elementor-element elementor-element-222044d\" data-id=\"222044d\" data-element_type=\"column\" data-e-type=\"column\">\n\t\t\t<div class=\"elementor-widget-wrap elementor-element-populated\">\n\t\t\t\t\t\t<div class=\"elementor-element elementor-element-48f7a88 elementor-widget elementor-widget-text-editor\" data-id=\"48f7a88\" data-element_type=\"widget\" data-e-type=\"widget\" data-widget_type=\"text-editor.default\">\n\t\t\t\t<div class=\"elementor-widget-container\">\n\t\t\t\t\t\t\t\t\t<p style=\"text-align: right;\">Organize:<\/p>\n<p style=\"text-align: right;\"><strong>CENTRO DE ARTE JUAN ISMAEL<\/strong><\/p>\n<p style=\"text-align: right;\">(Fuerteventura, Canary Islands, Spain)<\/p>\n<p style=\"text-align: right;\">Produce:<\/p>\n<p style=\"text-align: right;\"><strong>GALER\u00cdA ARTIZAR<\/strong><\/p>\n\t\t\t\t\t\t\t\t<\/div>\n\t\t\t\t<\/div>\n\t\t\t\t\t<\/div>\n\t\t<\/div>\n\t\t\t\t\t<\/div>\n\t\t<\/section>\n\t\t\t\t<section class=\"elementor-section elementor-top-section elementor-element elementor-element-b89d2c1 elementor-section-boxed elementor-section-height-default elementor-section-height-default\" data-id=\"b89d2c1\" data-element_type=\"section\" data-e-type=\"section\">\n\t\t\t\t\t\t<div class=\"elementor-container elementor-column-gap-default\">\n\t\t\t\t\t<div class=\"elementor-column elementor-col-33 elementor-top-column elementor-element elementor-element-620ed3b\" data-id=\"620ed3b\" data-element_type=\"column\" data-e-type=\"column\">\n\t\t\t<div class=\"elementor-widget-wrap elementor-element-populated\">\n\t\t\t\t\t\t<div class=\"elementor-element elementor-element-52feaca elementor-widget elementor-widget-image\" data-id=\"52feaca\" data-element_type=\"widget\" data-e-type=\"widget\" data-widget_type=\"image.default\">\n\t\t\t\t<div class=\"elementor-widget-container\">\n\t\t\t\t\t\t\t\t\t\t\t\t\t\t\t<img decoding=\"async\" width=\"742\" height=\"1024\" src=\"https:\/\/artizar.es\/wp-content\/uploads\/2023\/07\/Diago-Artizar-12-742x1024.jpg\" class=\"attachment-large size-large wp-image-35689\" alt=\"\" srcset=\"https:\/\/artizar.es\/wp-content\/uploads\/2023\/07\/Diago-Artizar-12-742x1024.jpg 742w, https:\/\/artizar.es\/wp-content\/uploads\/2023\/07\/Diago-Artizar-12-218x300.jpg 218w, https:\/\/artizar.es\/wp-content\/uploads\/2023\/07\/Diago-Artizar-12-768x1059.jpg 768w, https:\/\/artizar.es\/wp-content\/uploads\/2023\/07\/Diago-Artizar-12.jpg 870w\" sizes=\"(max-width: 742px) 100vw, 742px\" \/>\t\t\t\t\t\t\t\t\t\t\t\t\t\t\t<\/div>\n\t\t\t\t<\/div>\n\t\t\t\t\t<\/div>\n\t\t<\/div>\n\t\t\t\t<div class=\"elementor-column elementor-col-33 elementor-top-column elementor-element elementor-element-d0cc43f\" data-id=\"d0cc43f\" data-element_type=\"column\" data-e-type=\"column\">\n\t\t\t<div class=\"elementor-widget-wrap elementor-element-populated\">\n\t\t\t\t\t\t<div class=\"elementor-element elementor-element-04180c1 elementor-widget elementor-widget-image\" data-id=\"04180c1\" data-element_type=\"widget\" data-e-type=\"widget\" data-widget_type=\"image.default\">\n\t\t\t\t<div class=\"elementor-widget-container\">\n\t\t\t\t\t\t\t\t\t\t\t\t\t\t\t<img decoding=\"async\" width=\"742\" height=\"1024\" src=\"https:\/\/artizar.es\/wp-content\/uploads\/2023\/07\/Diago-Artizar-10-742x1024.jpg\" class=\"attachment-large size-large wp-image-35691\" alt=\"\" srcset=\"https:\/\/artizar.es\/wp-content\/uploads\/2023\/07\/Diago-Artizar-10-742x1024.jpg 742w, https:\/\/artizar.es\/wp-content\/uploads\/2023\/07\/Diago-Artizar-10-218x300.jpg 218w, https:\/\/artizar.es\/wp-content\/uploads\/2023\/07\/Diago-Artizar-10-768x1059.jpg 768w, https:\/\/artizar.es\/wp-content\/uploads\/2023\/07\/Diago-Artizar-10.jpg 870w\" sizes=\"(max-width: 742px) 100vw, 742px\" \/>\t\t\t\t\t\t\t\t\t\t\t\t\t\t\t<\/div>\n\t\t\t\t<\/div>\n\t\t\t\t\t<\/div>\n\t\t<\/div>\n\t\t\t\t<div class=\"elementor-column elementor-col-33 elementor-top-column elementor-element elementor-element-d461979\" data-id=\"d461979\" data-element_type=\"column\" data-e-type=\"column\">\n\t\t\t<div class=\"elementor-widget-wrap elementor-element-populated\">\n\t\t\t\t\t\t<div class=\"elementor-element elementor-element-dd8104e elementor-widget elementor-widget-image\" data-id=\"dd8104e\" data-element_type=\"widget\" data-e-type=\"widget\" data-widget_type=\"image.default\">\n\t\t\t\t<div class=\"elementor-widget-container\">\n\t\t\t\t\t\t\t\t\t\t\t\t\t\t\t<img loading=\"lazy\" decoding=\"async\" width=\"742\" height=\"1024\" src=\"https:\/\/artizar.es\/wp-content\/uploads\/2023\/07\/Diago-Artizar-11-742x1024.jpg\" class=\"attachment-large size-large wp-image-35693\" alt=\"\" srcset=\"https:\/\/artizar.es\/wp-content\/uploads\/2023\/07\/Diago-Artizar-11-742x1024.jpg 742w, https:\/\/artizar.es\/wp-content\/uploads\/2023\/07\/Diago-Artizar-11-218x300.jpg 218w, https:\/\/artizar.es\/wp-content\/uploads\/2023\/07\/Diago-Artizar-11-768x1059.jpg 768w, https:\/\/artizar.es\/wp-content\/uploads\/2023\/07\/Diago-Artizar-11.jpg 870w\" sizes=\"(max-width: 742px) 100vw, 742px\" \/>\t\t\t\t\t\t\t\t\t\t\t\t\t\t\t<\/div>\n\t\t\t\t<\/div>\n\t\t\t\t\t<\/div>\n\t\t<\/div>\n\t\t\t\t\t<\/div>\n\t\t<\/section>\n\t\t\t\t<\/div>\n\t\t","protected":false},"excerpt":{"rendered":"<p>ROBERTO DIAGO La oscuridad fue el principio (Darkness was the beginning) Juan Ismael Art Center (Fuerteventura, Canary Islands)&#8230;<\/p>\n","protected":false},"author":3,"featured_media":0,"parent":0,"menu_order":0,"comment_status":"closed","ping_status":"closed","template":"","meta":{"footnotes":""},"class_list":["post-35703","page","type-page","status-publish","hentry"],"_links":{"self":[{"href":"https:\/\/artizar.es\/en\/wp-json\/wp\/v2\/pages\/35703","targetHints":{"allow":["GET"]}}],"collection":[{"href":"https:\/\/artizar.es\/en\/wp-json\/wp\/v2\/pages"}],"about":[{"href":"https:\/\/artizar.es\/en\/wp-json\/wp\/v2\/types\/page"}],"author":[{"embeddable":true,"href":"https:\/\/artizar.es\/en\/wp-json\/wp\/v2\/users\/3"}],"replies":[{"embeddable":true,"href":"https:\/\/artizar.es\/en\/wp-json\/wp\/v2\/comments?post=35703"}],"version-history":[{"count":3,"href":"https:\/\/artizar.es\/en\/wp-json\/wp\/v2\/pages\/35703\/revisions"}],"predecessor-version":[{"id":35717,"href":"https:\/\/artizar.es\/en\/wp-json\/wp\/v2\/pages\/35703\/revisions\/35717"}],"wp:attachment":[{"href":"https:\/\/artizar.es\/en\/wp-json\/wp\/v2\/media?parent=35703"}],"curies":[{"name":"wp","href":"https:\/\/api.w.org\/{rel}","templated":true}]}}