{"id":44736,"date":"2025-12-26T18:17:29","date_gmt":"2025-12-26T18:17:29","guid":{"rendered":"https:\/\/artizar.es\/bio-angel-padron\/"},"modified":"2025-12-26T18:17:29","modified_gmt":"2025-12-26T18:17:29","slug":"bio-angel-padron","status":"publish","type":"page","link":"https:\/\/artizar.es\/en\/bio-angel-padron\/","title":{"rendered":"Bio \u00c1ngel Padr\u00f3n"},"content":{"rendered":"\t\t<div data-elementor-type=\"wp-page\" data-elementor-id=\"44736\" class=\"elementor elementor-44736 elementor-44532\" data-elementor-settings=\"{&quot;element_pack_global_tooltip_width&quot;:{&quot;unit&quot;:&quot;px&quot;,&quot;size&quot;:&quot;&quot;,&quot;sizes&quot;:[]},&quot;element_pack_global_tooltip_width_tablet&quot;:{&quot;unit&quot;:&quot;px&quot;,&quot;size&quot;:&quot;&quot;,&quot;sizes&quot;:[]},&quot;element_pack_global_tooltip_width_mobile&quot;:{&quot;unit&quot;:&quot;px&quot;,&quot;size&quot;:&quot;&quot;,&quot;sizes&quot;:[]},&quot;element_pack_global_tooltip_padding&quot;:{&quot;unit&quot;:&quot;px&quot;,&quot;top&quot;:&quot;&quot;,&quot;right&quot;:&quot;&quot;,&quot;bottom&quot;:&quot;&quot;,&quot;left&quot;:&quot;&quot;,&quot;isLinked&quot;:true},&quot;element_pack_global_tooltip_padding_tablet&quot;:{&quot;unit&quot;:&quot;px&quot;,&quot;top&quot;:&quot;&quot;,&quot;right&quot;:&quot;&quot;,&quot;bottom&quot;:&quot;&quot;,&quot;left&quot;:&quot;&quot;,&quot;isLinked&quot;:true},&quot;element_pack_global_tooltip_padding_mobile&quot;:{&quot;unit&quot;:&quot;px&quot;,&quot;top&quot;:&quot;&quot;,&quot;right&quot;:&quot;&quot;,&quot;bottom&quot;:&quot;&quot;,&quot;left&quot;:&quot;&quot;,&quot;isLinked&quot;:true},&quot;element_pack_global_tooltip_border_radius&quot;:{&quot;unit&quot;:&quot;px&quot;,&quot;top&quot;:&quot;&quot;,&quot;right&quot;:&quot;&quot;,&quot;bottom&quot;:&quot;&quot;,&quot;left&quot;:&quot;&quot;,&quot;isLinked&quot;:true},&quot;element_pack_global_tooltip_border_radius_tablet&quot;:{&quot;unit&quot;:&quot;px&quot;,&quot;top&quot;:&quot;&quot;,&quot;right&quot;:&quot;&quot;,&quot;bottom&quot;:&quot;&quot;,&quot;left&quot;:&quot;&quot;,&quot;isLinked&quot;:true},&quot;element_pack_global_tooltip_border_radius_mobile&quot;:{&quot;unit&quot;:&quot;px&quot;,&quot;top&quot;:&quot;&quot;,&quot;right&quot;:&quot;&quot;,&quot;bottom&quot;:&quot;&quot;,&quot;left&quot;:&quot;&quot;,&quot;isLinked&quot;:true}}\" data-elementor-post-type=\"page\">\n\t\t\t\t\t\t<section class=\"elementor-section elementor-top-section elementor-element elementor-element-1a71a0a elementor-section-full_width elementor-section-height-min-height elementor-section-height-default elementor-section-items-middle\" data-id=\"1a71a0a\" data-element_type=\"section\" data-e-type=\"section\" data-settings=\"{&quot;background_background&quot;:&quot;classic&quot;}\">\n\t\t\t\t\t\t<div class=\"elementor-container elementor-column-gap-default\">\n\t\t\t\t\t<div class=\"elementor-column elementor-col-100 elementor-top-column elementor-element elementor-element-800f8a6\" data-id=\"800f8a6\" data-element_type=\"column\" data-e-type=\"column\">\n\t\t\t<div class=\"elementor-widget-wrap elementor-element-populated\">\n\t\t\t\t\t\t<div class=\"elementor-element elementor-element-ffc010c elementor-widget elementor-widget-heading\" data-id=\"ffc010c\" data-element_type=\"widget\" data-e-type=\"widget\" data-widget_type=\"heading.default\">\n\t\t\t\t<div class=\"elementor-widget-container\">\n\t\t\t\t\t<h2 class=\"elementor-heading-title elementor-size-default\">\u00e1ngel padr\u00f3n<\/h2>\t\t\t\t<\/div>\n\t\t\t\t<\/div>\n\t\t\t\t<div class=\"elementor-element elementor-element-af69c9a elementor-widget elementor-widget-heading\" data-id=\"af69c9a\" data-element_type=\"widget\" data-e-type=\"widget\" data-widget_type=\"heading.default\">\n\t\t\t\t<div class=\"elementor-widget-container\">\n\t\t\t\t\t<h2 class=\"elementor-heading-title elementor-size-default\">El Hierro, 1969<\/h2>\t\t\t\t<\/div>\n\t\t\t\t<\/div>\n\t\t\t\t<div class=\"elementor-element elementor-element-0749d6a elementor-widget elementor-widget-text-editor\" data-id=\"0749d6a\" data-element_type=\"widget\" data-e-type=\"widget\" data-widget_type=\"text-editor.default\">\n\t\t\t\t<div class=\"elementor-widget-container\">\n\t\t\t\t\t\t\t\t\t<p>Vive y trabaja en Tenerife, Espa\u00f1a.<\/p>\n<p><strong>Estudios:<\/strong><\/p>\n<p>Licenciado en Bellas Artes por la Universidad de La Laguna.<\/p>\n<p><strong>Exposiciones Personales:<\/strong><\/p>\n<p>2020 \u2013 \u00abDesescavar\u00bb, Galer\u00eda Artizar, La Laguna, Tenerife<\/p>\n<p>2012 \u2013 \u00abLe paysage\u00bb Final show, ExConvento de Santo Domingo, La Laguna, Tenerife.<\/p>\n<p>2009 \u2013 \u201cPinturas recientes\u201d, Estudio ARTIZAR. La Laguna, Tenerife. 2007 \u2013 \u201chacer\/des\/hacer\u201d, Sala de Arte Contempor\u00e1neo de Santa Cruz de Tenerife.<\/p>\n<p>2005 \u2013 \u201cConstruir habitar\u201d Estudio ARTIZAR, La Laguna, Tenerife.<\/p>\n<p>2004 \u2013 Biblioteca Municipal, Gu\u00eda de Isora, Tenerife.<\/p>\n<p>2001 \u2013 \u201cLugar\u201d, Galer\u00eda Rafael Ort\u00edz. Sevilla.<\/p>\n<p>Galer\u00eda Milagros Delicado. Puerto de Santa Mar\u00eda, C\u00e1diz.<\/p>\n<p>Galer\u00eda Estudio ARTIZAR. La Laguna, Tenerife.<\/p>\n<p>\u201c2\u00d72\u201d, CAAM (Centro Atl\u00e1ntico de Arte Moderno). Las Palmas de Gran Canaria.<\/p>\n<p>2000 \u2013 Galer\u00eda Masha Prieto. Madrid.<\/p>\n<p>1998 \u2013 \u201cPinturas\u201d, Galer\u00eda Berini. Barcelona.<\/p>\n<p>1997 \u2013 \u201cEstar en el mundo\u201d. Galer\u00eda Rafael Ortiz. Sevilla.<\/p>\n<p>Galer\u00eda Carmen de la Calle. Jerez de la Frontera, C\u00e1diz.<\/p>\n<p>1995 \u2013 \u201cDesde la reserva (River Deep, Mountain High), C\u00edrculo de Bellas Artes de Tenerife.<\/p>\n<p><strong>Exposiciones Colectivas:<\/strong><\/p>\n<p>2012 \u2013 Justmad3, Feria de arte internacional, Madrid<\/p>\n<p>\u00abGroup ART\u00bb, Galer\u00eda Estudio ARTIZAR, La Laguna, Tenerife.<\/p>\n<p>2011 \u2013 \u201cHigh 10\u201d. Estudio ARTIZAR, La Laguna, Tenerife.<\/p>\n<p>2010 \u2013 Jugueter\u00eda. Colectiva l\u00fadica en Estudio Artizar.<\/p>\n<p>2007 \u2013 \u201cLa curva del mundo\u201d, Galer\u00eda Rafael Ortiz. Sevilla.<\/p>\n<p>2006 \u2013 La Vinal. Bienal de Arte y Vino Tacoronte-Acentejo. La Laguna, Tenerife.<\/p>\n<p>\u201cEl jard\u00edn, naturaleza mediada\u201d, Ermita del Gran Poder. Bajamar, Tenrife.<\/p>\n<p>\u201cRedivivir Dom\u00ednguez\u201d, Estudio ARTIZAR. La Laguna, Tenerife.<\/p>\n<p>\u201cSal\u00f3n de la luna de marzo\u201d, Estudio ARTIZAR. La Laguna, Tenerife.<\/p>\n<p>\u201cIslas Ra\u00edces\u201d, Centro de arte La Regenta. Las Palmas de Gran Canaria.<\/p>\n<p>2005 \u2013 \u201cIslas ra\u00edces\u201d, Centro cultural de Cajacanarias. Tenerife.<\/p>\n<p>2004 \u2013 \u201cLa poes\u00eda en sus trazos\u201d, Biblioteca Universitaria de Guajara. La Laguna, Tenerife.<\/p>\n<p>\u201cARTIUM 04\u201d, Ateneo de La Laguna, Tenerife.<\/p>\n<p>\u201cCartograf\u00eda de la 8\u00aa isla\u201d, Centro de Artes Pl\u00e1sticas. Las Palmas de Gran Canaria.<\/p>\n<p>\u201cM\u00ednimente\u201d, Estudio ARTIZAR. La Laguna, Tenerife.<\/p>\n<p>2003 \u2013 ARCO \u201903, IODACC (Instituto \u00d3scar Dom\u00ednguez de Arte y Creaci\u00f3n Contempor\u00e1nea). Madrid<\/p>\n<p>\u201cRasgos\u201d, Estudio ARTIZAR. La Laguna, Tenerife.<\/p>\n<p>\u201cLa distancia y otros mundos\u201d, Galer\u00eda Rafael Ort\u00edz. Sevilla.<\/p>\n<p>\u201cSin enmarcar\u201d, R.C.V. Las Palmas de Gran Canaria.<\/p>\n<p>2002 \u2013 ARTELISBOA \u201902. Galer\u00eda Rafael Ort\u00edz. Lisboa.<\/p>\n<p>\u201cFuera de formato\u201d, C\u00edrculo de Bellas Artes de Santa Cruz de Tenerife.<\/p>\n<p>\u201cII Sal\u00f3n de arte\u201d, Estudio ARTIZAR. La Laguna, Tenerife.<\/p>\n<p>2001 \u2013 ARCO \u201901. Galer\u00eda Masha Prieto. Madrid.<\/p>\n<p>Colecci\u00f3n Testimonio. Centro de Arte La Regenta. Las Palmas de Gran Canaria.<\/p>\n<p>2000 -\u201cLos papeles de Mayo\u201d, C\u00edrculo de Bellas Artes de Santa Cruz de Tenerife.<\/p>\n<p>1999 \u2013 \u201cLa isla taller\u201d, Centro de arte La Recova. Tenerife.<\/p>\n<p>\u201cGram\u00e1tica Parda\u201d, Sala de Arte B.D, Tenerife.<\/p>\n<p>Hotel y Arte, Hotel Inglaterra. Galer\u00eda Rafael Ortiz, Sevilla.<\/p>\n<p>1998 \u2013 ARCO \u201998. Galer\u00eda Rafael Ortiz, Madrid.<\/p>\n<p>\u201cNi demasiado cerca, ni demasiado lejos\u201d. Galer\u00eda Cruce, Madrid.<\/p>\n<p>Art Al\u2019Hotel, Hotel Ingl\u00e9s. Galer\u00eda Rafael Ortiz. Valencia.<\/p>\n<p>Colecci\u00f3n Testimonio. Edificio Pigtanielli, Zaragoza.<\/p>\n<p>1997 \u2013 Foro Atl\u00e1ntico de Arte Contempor\u00e1neo. Galer\u00eda Rafael Ortiz, La Coru\u00f1a.<\/p>\n<p>\u201cFiguraciones ind\u00edguenas\u201d, Centro de Arte La Regenta. Las Palmas de Gran Canaria.<\/p>\n<p>1996 \u2013 \u201cFiguraciones ind\u00edgenas\u201d, Sala de exposiciones La Granja, C\u00edrculo de Bellas Artes de Tenrife.<\/p>\n<p>Abanicos de artistas Contempor\u00e1neos. Sala Los Lavaderos. Tenerife.<\/p>\n<p>\u201c\u00daltimas Tendencias\u201d, Museo Municipal de Bellas Artes de Tenerife.<\/p>\n<p>1995 \u2013 \u201cBurning down the house\u201d, Centro Cultural de la Villa, Adeje. Tenerife<\/p>\n<p>1994 \u2013 III Muestra de pintura y escultura UAP 1993, COAC. Tenerife.<\/p>\n<p>Bienal regional de Artes Pl\u00e1sticas. Centro de Arte La Recova. Tenerife.<\/p>\n<p>Museo Municipal de Arucas. Las Palmas de Gran Canaria.<\/p>\n<p>1993 \u2013 \u201cPintores pensionados del Paular\u201d, Torre\u00f3n de Lozoya. Segovia.<\/p>\n<p>1992 \u2013 Alumnos de Bellas Artes, COAC. Tenerife.<\/p>\n<p><strong>Obras en Colecciones de Museos y de Instituciones Culturales:<\/strong><\/p>\n<p>\u2013 Colecci\u00f3n de arte de Cajacanarias.<\/p>\n<p>\u2013 Colecci\u00f3n del CAAM (Centro Atl\u00e1ntico de Arte Moderno)<\/p>\n<p>\u2013 Colecci\u00f3n del TEA (Tenerife Espacio de las Artes)<\/p>\n<p>\u2013 Colecci\u00f3n de la Royal Caribbean (Miami, USA)<\/p>\n\t\t\t\t\t\t\t\t<\/div>\n\t\t\t\t<\/div>\n\t\t\t\t\t<\/div>\n\t\t<\/div>\n\t\t\t\t\t<\/div>\n\t\t<\/section>\n\t\t\t\t<\/div>\n\t\t","protected":false},"excerpt":{"rendered":"<p>\u00e1ngel padr\u00f3n El Hierro, 1969 Vive y trabaja en Tenerife, Espa\u00f1a. Estudios: Licenciado en Bellas Artes por la&#8230;<\/p>\n","protected":false},"author":3,"featured_media":0,"parent":0,"menu_order":0,"comment_status":"closed","ping_status":"closed","template":"","meta":{"footnotes":""},"class_list":["post-44736","page","type-page","status-publish","hentry"],"_links":{"self":[{"href":"https:\/\/artizar.es\/en\/wp-json\/wp\/v2\/pages\/44736","targetHints":{"allow":["GET"]}}],"collection":[{"href":"https:\/\/artizar.es\/en\/wp-json\/wp\/v2\/pages"}],"about":[{"href":"https:\/\/artizar.es\/en\/wp-json\/wp\/v2\/types\/page"}],"author":[{"embeddable":true,"href":"https:\/\/artizar.es\/en\/wp-json\/wp\/v2\/users\/3"}],"replies":[{"embeddable":true,"href":"https:\/\/artizar.es\/en\/wp-json\/wp\/v2\/comments?post=44736"}],"version-history":[{"count":1,"href":"https:\/\/artizar.es\/en\/wp-json\/wp\/v2\/pages\/44736\/revisions"}],"predecessor-version":[{"id":44737,"href":"https:\/\/artizar.es\/en\/wp-json\/wp\/v2\/pages\/44736\/revisions\/44737"}],"wp:attachment":[{"href":"https:\/\/artizar.es\/en\/wp-json\/wp\/v2\/media?parent=44736"}],"curies":[{"name":"wp","href":"https:\/\/api.w.org\/{rel}","templated":true}]}}