{"id":44740,"date":"2025-12-26T18:19:26","date_gmt":"2025-12-26T18:19:26","guid":{"rendered":"https:\/\/artizar.es\/bio-dave-mckean\/"},"modified":"2025-12-26T18:19:27","modified_gmt":"2025-12-26T18:19:27","slug":"bio-dave-mckean","status":"publish","type":"page","link":"https:\/\/artizar.es\/en\/bio-dave-mckean\/","title":{"rendered":"Bio Dave McKean"},"content":{"rendered":"\t\t<div data-elementor-type=\"wp-page\" data-elementor-id=\"44740\" class=\"elementor elementor-44740 elementor-44503\" data-elementor-settings=\"{&quot;element_pack_global_tooltip_width&quot;:{&quot;unit&quot;:&quot;px&quot;,&quot;size&quot;:&quot;&quot;,&quot;sizes&quot;:[]},&quot;element_pack_global_tooltip_width_tablet&quot;:{&quot;unit&quot;:&quot;px&quot;,&quot;size&quot;:&quot;&quot;,&quot;sizes&quot;:[]},&quot;element_pack_global_tooltip_width_mobile&quot;:{&quot;unit&quot;:&quot;px&quot;,&quot;size&quot;:&quot;&quot;,&quot;sizes&quot;:[]},&quot;element_pack_global_tooltip_padding&quot;:{&quot;unit&quot;:&quot;px&quot;,&quot;top&quot;:&quot;&quot;,&quot;right&quot;:&quot;&quot;,&quot;bottom&quot;:&quot;&quot;,&quot;left&quot;:&quot;&quot;,&quot;isLinked&quot;:true},&quot;element_pack_global_tooltip_padding_tablet&quot;:{&quot;unit&quot;:&quot;px&quot;,&quot;top&quot;:&quot;&quot;,&quot;right&quot;:&quot;&quot;,&quot;bottom&quot;:&quot;&quot;,&quot;left&quot;:&quot;&quot;,&quot;isLinked&quot;:true},&quot;element_pack_global_tooltip_padding_mobile&quot;:{&quot;unit&quot;:&quot;px&quot;,&quot;top&quot;:&quot;&quot;,&quot;right&quot;:&quot;&quot;,&quot;bottom&quot;:&quot;&quot;,&quot;left&quot;:&quot;&quot;,&quot;isLinked&quot;:true},&quot;element_pack_global_tooltip_border_radius&quot;:{&quot;unit&quot;:&quot;px&quot;,&quot;top&quot;:&quot;&quot;,&quot;right&quot;:&quot;&quot;,&quot;bottom&quot;:&quot;&quot;,&quot;left&quot;:&quot;&quot;,&quot;isLinked&quot;:true},&quot;element_pack_global_tooltip_border_radius_tablet&quot;:{&quot;unit&quot;:&quot;px&quot;,&quot;top&quot;:&quot;&quot;,&quot;right&quot;:&quot;&quot;,&quot;bottom&quot;:&quot;&quot;,&quot;left&quot;:&quot;&quot;,&quot;isLinked&quot;:true},&quot;element_pack_global_tooltip_border_radius_mobile&quot;:{&quot;unit&quot;:&quot;px&quot;,&quot;top&quot;:&quot;&quot;,&quot;right&quot;:&quot;&quot;,&quot;bottom&quot;:&quot;&quot;,&quot;left&quot;:&quot;&quot;,&quot;isLinked&quot;:true}}\" data-elementor-post-type=\"page\">\n\t\t\t\t\t\t<section class=\"elementor-section elementor-top-section elementor-element elementor-element-98952ed elementor-section-full_width elementor-section-height-min-height elementor-section-height-default elementor-section-items-middle\" data-id=\"98952ed\" data-element_type=\"section\" data-e-type=\"section\" data-settings=\"{&quot;background_background&quot;:&quot;classic&quot;}\">\n\t\t\t\t\t\t<div class=\"elementor-container elementor-column-gap-default\">\n\t\t\t\t\t<div class=\"elementor-column elementor-col-100 elementor-top-column elementor-element elementor-element-ca77011\" data-id=\"ca77011\" data-element_type=\"column\" data-e-type=\"column\">\n\t\t\t<div class=\"elementor-widget-wrap elementor-element-populated\">\n\t\t\t\t\t\t<div class=\"elementor-element elementor-element-44246c2 elementor-widget elementor-widget-heading\" data-id=\"44246c2\" data-element_type=\"widget\" data-e-type=\"widget\" data-widget_type=\"heading.default\">\n\t\t\t\t<div class=\"elementor-widget-container\">\n\t\t\t\t\t<h2 class=\"elementor-heading-title elementor-size-default\">Dave Mckean<\/h2>\t\t\t\t<\/div>\n\t\t\t\t<\/div>\n\t\t\t\t<div class=\"elementor-element elementor-element-ee20cec elementor-widget elementor-widget-heading\" data-id=\"ee20cec\" data-element_type=\"widget\" data-e-type=\"widget\" data-widget_type=\"heading.default\">\n\t\t\t\t<div class=\"elementor-widget-container\">\n\t\t\t\t\t<h2 class=\"elementor-heading-title elementor-size-default\">BErkshire, 1963<\/h2>\t\t\t\t<\/div>\n\t\t\t\t<\/div>\n\t\t\t\t<div class=\"elementor-element elementor-element-0fe6d54 elementor-widget elementor-widget-text-editor\" data-id=\"0fe6d54\" data-element_type=\"widget\" data-e-type=\"widget\" data-widget_type=\"text-editor.default\">\n\t\t\t\t<div class=\"elementor-widget-container\">\n\t\t\t\t\t\t\t\t\t<p>Dave McKean naci\u00f3 en Taplow, Berkshire en 1963.<\/p>\n<p>Estudi\u00f3 en el Berkshire College of Art and Design de 1982 a 1986 y, antes de irse, comenz\u00f3 a trabajar como ilustrador.<\/p>\n<p>En 1986 conoci\u00f3 al autor Neil Gaiman con quien ha colaborado en muchos proyectos desde entonces. Su primer libro, <em>Casos violentos<\/em> (1987), ha sido impreso en multitud de ediciones en todo el mundo y adaptado para el teatro. Desde entonces han producido <em>Black Orchid<\/em> (1988), <em>Signal To Noise<\/em> (1990) para la revista The Face y <em>Mr. Punch<\/em> (1975). Ha realizado todas las ilustraciones y el dise\u00f1o de las portadas de la m\u00edtica serie de novelas gr\u00e1ficas <em>The Sandman<\/em>, y en 1998 se public\u00f3 un recopilatorio con todas estas portabas bajo el t\u00edtulo <em>DustCovers.<\/em><\/p>\n<p><em>Arkham Asylum<\/em> (1989), escrita por el autor y dramaturgo escoc\u00e9s Grant Morrison e ilustrada en su totalidad por McKean, sigue siendo la novela gr\u00e1fica m\u00e1s exitosa jam\u00e1s publicada. 1995 vio colaboraciones con los <em>Rolling Stones (The Voodoo Lounge)<\/em> y <em>Rachel Pollack (The Vertigo Tarot)<\/em>.<\/p>\n<p>Entre 1990 y 1996 escribi\u00f3 e ilustr\u00f3 la novela gr\u00e1fica <em>Cages<\/em>, que gan\u00f3 el premio Harvey\u00a0 y el premio Ignatz a la mejor novela gr\u00e1fica, as\u00ed como premio internacional Alph Art y el premio italiano La Pantera.<\/p>\n<p>Su colecci\u00f3n de cuentos en forma de c\u00f3mics, <em>Pictures That Tick<\/em>, lanzada en 2000, gan\u00f3 el premio al Libro Ilustrado del A\u00f1o del Victoria and Albert Museum, cuya colecci\u00f3n incorpora varios de los libros del artista.<\/p>\n<p>En 2010\/11, Delcourt, Fantagraphics y otras editoriales de toda Europa lanzan su novela er\u00f3tica <em>Celluloid.<\/em><\/p>\n<p>Ha contribuido con muchas ilustraciones para The New Yorker, Playboy y otras revistas, y ha realizado trabajos de promoci\u00f3n para las pel\u00edculas <em>Blade<\/em>, <em>Alien Resurrection<\/em>, <em>The King is Alive<\/em>, <em>Dust<\/em> y <em>Sleepy Hollow<\/em>. Adem\u00e1s de realizar un conjunto de sellos de criaturas mitol\u00f3gicas del Royal Mail. Ha creado ilustraciones conceptuales para la segunda y tercera pel\u00edcula <em>de Harry Potter<\/em>, dise\u00f1os para el proyecto interactivo de Lars von Trier en Copenhague, <em>House of Zoon<\/em>, y dise\u00f1o de pel\u00edculas y producci\u00f3n para el musical <em>Lestat<\/em> de Elton John para Broadway Warner Brothers. En el National Theatre of Scotland \/ La improbable producci\u00f3n teatral musical de <em>Wolves in the Walls<\/em> abri\u00f3 en Glasgow y Londres, antes de trasladarse a Nueva York.<\/p>\n<p>Ha ganado varios premios, incluido el premio internacional Amid a la mejor portada de \u00e1lbum del a\u00f1o, una de las m\u00e1s de 150 portadas dise\u00f1adas, ilustradas y fotografiadas desde 1990, incluidos los lanzamientos de Michael Nyman, Tori Amos, Roy Harper, Delerium, Project Mooncircle, Real World, Altan, Toad the Wet Sprocket, Bill Laswell, Alice Cooper, Dream Theater, Counting Crows, Front Line Assembly y Bill Bruford.<\/p>\n<p>En 1996 compuso e interpret\u00f3 la m\u00fasica para la adaptaci\u00f3n BBCRadio de <em>Signal to Noise<\/em> con el saxofonista Iain Ballamy, con quien recientemente ha iniciado el sello Feral Records.<\/p>\n<p>El estudio Dave&#8217;s Hourglass y Allen Speigel Fine Arts en California tambi\u00e9n han co-publicado tres colecciones de fotograf\u00edas; <em>A Small Book of B \/ W Lies<\/em>, <em>Option: Click <\/em>and <em>The Particle Tarot<\/em> que incluye una introducci\u00f3n del legendario director y maestro del Tarot Alejandro Jodorowsky.<\/p>\n<p>Ha expuesto en Am\u00e9rica y Europa, incluyendo exposiciones individuales en The Four Color Gallery (Nueva York), el Museo de Arte Contempor\u00e1neo (Madrid) y el Museo Mar\u00edtimo (Carlisle), Galerie Martel (Par\u00eds), Galerie BD (Par\u00eds), Galerie. Petit Papier (Bruselas) y Galeria Artizar (Tenerife), adem\u00e1s de dos exposiciones itinerantes con Graphicus Touring de la muestra retrospectiva <em>Narcolepsy<\/em>, que contin\u00faa exhibi\u00e9ndose en el Reino Unido y Europa.<\/p>\n<p>McKean ha ilustrado varios libros para ni\u00f1os<em>. El d\u00eda que cambi\u00e9 a mi pap\u00e1 por dos peces de colores<\/em> y <em>Los lobos en las paredes<\/em> (Libro ilustrado del a\u00f1o del NY Times), <em>MirrorMask<\/em> y <em>Crazy Hair<\/em>, todos escritos por Neil Gaiman. <em>Varjak Paw<\/em> (premio Smarties Gold), <em>The Outlaw Varjak Paw<\/em> y <em>Phoenix<\/em> escrito por SF Said, y <em>The Savage<\/em> (Liverpool Reads libro del a\u00f1o), <em>Slog&#8217;s Dad, Mouse<\/em>, <em>Bird<\/em>, <em>Snake<\/em>, <em>Wolf<\/em> de David Almond.<\/p>\n<p>Ha ilustrado y dise\u00f1ado varios libros para adultos como <em>Wizard &amp; Glass<\/em> y <em>Night Shift<\/em> (Stephen King), <em>The Homecoming<\/em> and <em>Skeletons<\/em> (Ray Bradbury), <em>What&#8217;s Welsh For Zen<\/em> y <em>Sedition &amp; Alchemy<\/em> (John Cale), y libros y pel\u00edculas para televisi\u00f3n con Iain Sinclair (<em>Slow Chocolate Autopsy<\/em>, <em>My Favorite London Devils<\/em>) , <em>Landor&#8217;s Tower<\/em>, <em>Asylum<\/em> y <em>The Falconer<\/em>). Adem\u00e1s ilustr\u00f3 ediciones de <em>Coraline<\/em>, <em>The Ocean at the End of the Lane<\/em> y <em>American Gods<\/em> y <em>The Graveyard Book<\/em> (Neil Gaiman) que gan\u00f3 la Medalla Newberry, el Carnegie y muchos otros premios.<\/p>\n<p>Dave McKean comenz\u00f3 una relaci\u00f3n de trabajo continua con Heston Blumenthal en <em>The Big Fat Duck Book<\/em> y <em>Historic Heston<\/em>, y ha contribuido con murales, dise\u00f1o de paquetes, papel tapiz, mapas y varias otras obras gr\u00e1ficas para <em>The Fat Duck<\/em> and <em>the Hinds Head<\/em> en Bray, Dinner en Londres y Melbourne.<\/p>\n<p>En 2011, se estren\u00f3 <em>The Magic of Reality<\/em> de Richard Dawkins, profusamente ilustrado por McKean, un libro que fomenta el pensamiento imaginativo, cr\u00edtico y esc\u00e9ptico, y presenta a los lectores j\u00f3venes (y a cualquier persona en realidad) al asombroso mundo real de la ciencia.<\/p>\n<p>En 1998, Dave decidi\u00f3 hacer algunas pel\u00edculas. <em>The Week Before<\/em> y <em>N [eon]<\/em> son \u200b\u200bcortometrajes que se presentaron en los circuitos de festivales de todo el mundo y <em>N [eon]<\/em> gan\u00f3 el primer premio en el Festival de Cine de Clermont-Ferrand. Estas pel\u00edculas llamaron la atenci\u00f3n de Lisa Henson, de Jim Henson Company, y junto con Neil Gaiman y el peque\u00f1o equipo de McKean se embarcaron en <em>MirrorMask<\/em>, una pel\u00edcula de fantas\u00eda para Columbia \/ Tristar. Estrenada en el Festival de Sundance en Utah, y seleccionada oficialmente para los festivales de cine de Locarno, Sitges, Londres, Edimburgo, Sarasota, Haw\u00e1i y Dubl\u00edn. Gan\u00f3 9 premios (incluido el Black Tulip inaugural en el Festival de \u00c1msterdam) y finalmente se estren\u00f3 en cines. en 2005. Se lanzaron tres libros vinculados con la pel\u00edcula, incluido <em>The Alchemy of MirrorMask<\/em>, un lujoso libro de arte que incluye todas las pinturas, dise\u00f1os y fotograf\u00edas realizadas para la pel\u00edcula.<\/p>\n<p>En la Pascua de 2011, McKean viaj\u00f3 a Port Talbot, Gales, para dirigir la versi\u00f3n cinematogr\u00e1fica del \u00e9pico evento teatral en vivo de tres d\u00edas de Michael Sheen, <em>La Pasi\u00f3n de Port Talbot<\/em>. Una reinvenci\u00f3n contempor\u00e1nea y secular de la obra de <em>La Pasi\u00f3n<\/em>. Organizado por Wildworks y National Theatre Wales, 20.000 visitantes participaron en las escenas al aire libre, y una compa\u00f1\u00eda de casi 1000 lugare\u00f1os contribuy\u00f3 a uno de los eventos art\u00edsticos m\u00e1s importantes de la d\u00e9cada. La pel\u00edcula se llam\u00f3 <em>The Gospel of Us<\/em> y fue lanzada por Soda Pictures en 2012. Gan\u00f3 2 premios Bafta Cymru para Michael Sheen y el mago del sonido Ian Sands.<\/p>\n<p>En 2013\/14 termin\u00f3 una nueva colecci\u00f3n de c\u00f3mics cortos llamada <em>Pictures that Tick 2: Exhibition<\/em>, que presenta varias obras de galer\u00eda y narrativas interactivas, incluidas <em>Coast Road<\/em> y <em>Blue Tree<\/em> (Rye Art Gallery) y <em>The Rut<\/em> (Pumphouse Gallery, Londres). Complet\u00f3 dos cuadernos de viajes (Perugia y Bilbao) para agregar a una serie en curso (Bruselas, Par\u00eds, Barcelona, \u200b\u200bViena) y, tras siete turbulentos a\u00f1os de producci\u00f3n, su tercer largometraje, <em>Luna<\/em>. <em>Luna<\/em> se estren\u00f3 en el Festival de Cine de Toronto y gan\u00f3 el premio a Mejor Pel\u00edcula Brit\u00e1nica en el Festival Raindance y el Premio Raindance en los Premios del Cine de la Independencia Brit\u00e1nica. Se lanz\u00f3 una colecci\u00f3n de todos los cortometrajes, pel\u00edculas musicales y avances de largometrajes de McKean con un espl\u00e9ndido sencillo llamado <em>Short Films<\/em>, de Dark Horse Books.<\/p>\n<p>En 2015 McKean volvi\u00f3 a trabajar con Bill Mitchell y Wildworks Theatre Company para crear <em>Wolf\u2019s Child<\/em>, una obra de teatro al aire libre <em>site specific<\/em> para el Festival de Teatro de Norfolk. Dave escribi\u00f3 el gui\u00f3n y la letra, y actualmente est\u00e1 compilando el metraje en una nueva pel\u00edcula. Tambi\u00e9n escribi\u00f3 la historia, la letra y cre\u00f3 pel\u00edculas para la comisi\u00f3n del Festival de Jazz \/ Literatura de Manchester <em>An Ape\u2019s Progress<\/em>, con Iain Ballamy y el poeta Matthew Sweeney.<\/p>\n<p>En 2016, Dave escribi\u00f3 e ilustr\u00f3 <em>Black Dog: the Dreams of Paul Nash<\/em>. Este libro y el trabajo esc\u00e9nico que lo acompa\u00f1a fue un encargo de la Fundaci\u00f3n 14-18Now, el Museo Imperial de la Guerra, el Festival Internacional de Arte-C\u00f3mic de los Lagos y On a March\u00e9 Sur la Bulle. Fue publicado como una edici\u00f3n de artistas en el Reino Unido y en todo el mundo por Dark Horse Publishing y Gl\u00e9nat. McKean transfiri\u00f3 el libro a una serie de proyecciones y escribi\u00f3 una hora de m\u00fasica orquestal y canciones. Esta actuaci\u00f3n tuvo lugar en el Somme Memorial en Amiens y, despu\u00e9s de varias actuaciones en festivales, en la inauguraci\u00f3n de la retrospectiva de Nash en Tate Britain.<\/p>\n<p>Los proyectos de libros recientes incluyen <em>Caustic<\/em>, una colecci\u00f3n de dibujos inspirados en el cine er\u00f3tico silencioso, <em>Colorado Kid<\/em> (Stephen King), <em>Soy leyenda<\/em> (Richard Matheson), <em>Poltergeist de Joe Quinn<\/em> (David Almond), <em>Postcard from Venice<\/em>, <em>Postcard from Prague<\/em> (cuadernos de bocetos) y <em>Apophenia<\/em> (libro de arte).<\/p>\n<p>Actualmente Dave McKean est\u00e1 terminando un libro de pinturas inspiradas en el cine mudo (<em>Nitrate<\/em>), m\u00e1s cuadernos de viajes (Tenerife y N\u00e1poles) y un par de novelas gr\u00e1ficas nuevas (<em>Caligaro<\/em> y <em>Raptor<\/em>). Adem\u00e1s de libros ilustrados de Joe Hill (<em>Full Throttle<\/em>) y Dostoyevsky (<em>Crimen y castigo<\/em>).<\/p>\n<p>Vive en la Isla de Oxney en Kent (Inglaterra) con su esposa, directora del estudio y m\u00fasico, Clare.<\/p>\n\t\t\t\t\t\t\t\t<\/div>\n\t\t\t\t<\/div>\n\t\t\t\t\t<\/div>\n\t\t<\/div>\n\t\t\t\t\t<\/div>\n\t\t<\/section>\n\t\t\t\t<\/div>\n\t\t","protected":false},"excerpt":{"rendered":"<p>Dave Mckean BErkshire, 1963 Dave McKean naci\u00f3 en Taplow, Berkshire en 1963. Estudi\u00f3 en el Berkshire College of&#8230;<\/p>\n","protected":false},"author":3,"featured_media":0,"parent":0,"menu_order":0,"comment_status":"closed","ping_status":"closed","template":"","meta":{"footnotes":""},"class_list":["post-44740","page","type-page","status-publish","hentry"],"_links":{"self":[{"href":"https:\/\/artizar.es\/en\/wp-json\/wp\/v2\/pages\/44740","targetHints":{"allow":["GET"]}}],"collection":[{"href":"https:\/\/artizar.es\/en\/wp-json\/wp\/v2\/pages"}],"about":[{"href":"https:\/\/artizar.es\/en\/wp-json\/wp\/v2\/types\/page"}],"author":[{"embeddable":true,"href":"https:\/\/artizar.es\/en\/wp-json\/wp\/v2\/users\/3"}],"replies":[{"embeddable":true,"href":"https:\/\/artizar.es\/en\/wp-json\/wp\/v2\/comments?post=44740"}],"version-history":[{"count":1,"href":"https:\/\/artizar.es\/en\/wp-json\/wp\/v2\/pages\/44740\/revisions"}],"predecessor-version":[{"id":44741,"href":"https:\/\/artizar.es\/en\/wp-json\/wp\/v2\/pages\/44740\/revisions\/44741"}],"wp:attachment":[{"href":"https:\/\/artizar.es\/en\/wp-json\/wp\/v2\/media?parent=44740"}],"curies":[{"name":"wp","href":"https:\/\/api.w.org\/{rel}","templated":true}]}}