{"id":44742,"date":"2025-12-26T18:19:52","date_gmt":"2025-12-26T18:19:52","guid":{"rendered":"https:\/\/artizar.es\/bio-elena-galarza\/"},"modified":"2025-12-26T18:19:52","modified_gmt":"2025-12-26T18:19:52","slug":"bio-elena-galarza","status":"publish","type":"page","link":"https:\/\/artizar.es\/en\/bio-elena-galarza\/","title":{"rendered":"Bio Elena Galarza"},"content":{"rendered":"\t\t<div data-elementor-type=\"wp-page\" data-elementor-id=\"44742\" class=\"elementor elementor-44742 elementor-44609\" data-elementor-settings=\"{&quot;element_pack_global_tooltip_width&quot;:{&quot;unit&quot;:&quot;px&quot;,&quot;size&quot;:&quot;&quot;,&quot;sizes&quot;:[]},&quot;element_pack_global_tooltip_width_tablet&quot;:{&quot;unit&quot;:&quot;px&quot;,&quot;size&quot;:&quot;&quot;,&quot;sizes&quot;:[]},&quot;element_pack_global_tooltip_width_mobile&quot;:{&quot;unit&quot;:&quot;px&quot;,&quot;size&quot;:&quot;&quot;,&quot;sizes&quot;:[]},&quot;element_pack_global_tooltip_padding&quot;:{&quot;unit&quot;:&quot;px&quot;,&quot;top&quot;:&quot;&quot;,&quot;right&quot;:&quot;&quot;,&quot;bottom&quot;:&quot;&quot;,&quot;left&quot;:&quot;&quot;,&quot;isLinked&quot;:true},&quot;element_pack_global_tooltip_padding_tablet&quot;:{&quot;unit&quot;:&quot;px&quot;,&quot;top&quot;:&quot;&quot;,&quot;right&quot;:&quot;&quot;,&quot;bottom&quot;:&quot;&quot;,&quot;left&quot;:&quot;&quot;,&quot;isLinked&quot;:true},&quot;element_pack_global_tooltip_padding_mobile&quot;:{&quot;unit&quot;:&quot;px&quot;,&quot;top&quot;:&quot;&quot;,&quot;right&quot;:&quot;&quot;,&quot;bottom&quot;:&quot;&quot;,&quot;left&quot;:&quot;&quot;,&quot;isLinked&quot;:true},&quot;element_pack_global_tooltip_border_radius&quot;:{&quot;unit&quot;:&quot;px&quot;,&quot;top&quot;:&quot;&quot;,&quot;right&quot;:&quot;&quot;,&quot;bottom&quot;:&quot;&quot;,&quot;left&quot;:&quot;&quot;,&quot;isLinked&quot;:true},&quot;element_pack_global_tooltip_border_radius_tablet&quot;:{&quot;unit&quot;:&quot;px&quot;,&quot;top&quot;:&quot;&quot;,&quot;right&quot;:&quot;&quot;,&quot;bottom&quot;:&quot;&quot;,&quot;left&quot;:&quot;&quot;,&quot;isLinked&quot;:true},&quot;element_pack_global_tooltip_border_radius_mobile&quot;:{&quot;unit&quot;:&quot;px&quot;,&quot;top&quot;:&quot;&quot;,&quot;right&quot;:&quot;&quot;,&quot;bottom&quot;:&quot;&quot;,&quot;left&quot;:&quot;&quot;,&quot;isLinked&quot;:true}}\" data-elementor-post-type=\"page\">\n\t\t\t\t\t\t<section class=\"elementor-section elementor-top-section elementor-element elementor-element-b141dfe elementor-section-full_width elementor-section-height-min-height elementor-section-height-default elementor-section-items-middle\" data-id=\"b141dfe\" data-element_type=\"section\" data-e-type=\"section\" data-settings=\"{&quot;background_background&quot;:&quot;classic&quot;}\">\n\t\t\t\t\t\t<div class=\"elementor-container elementor-column-gap-default\">\n\t\t\t\t\t<div class=\"elementor-column elementor-col-100 elementor-top-column elementor-element elementor-element-7ed0ef6\" data-id=\"7ed0ef6\" data-element_type=\"column\" data-e-type=\"column\">\n\t\t\t<div class=\"elementor-widget-wrap elementor-element-populated\">\n\t\t\t\t\t\t<div class=\"elementor-element elementor-element-bb96e4e elementor-widget elementor-widget-heading\" data-id=\"bb96e4e\" data-element_type=\"widget\" data-e-type=\"widget\" data-widget_type=\"heading.default\">\n\t\t\t\t<div class=\"elementor-widget-container\">\n\t\t\t\t\t<h2 class=\"elementor-heading-title elementor-size-default\">ELENA GALARZA<\/h2>\t\t\t\t<\/div>\n\t\t\t\t<\/div>\n\t\t\t\t<div class=\"elementor-element elementor-element-f847367 elementor-widget elementor-widget-heading\" data-id=\"f847367\" data-element_type=\"widget\" data-e-type=\"widget\" data-widget_type=\"heading.default\">\n\t\t\t\t<div class=\"elementor-widget-container\">\n\t\t\t\t\t<h2 class=\"elementor-heading-title elementor-size-default\">Tenerife, 1966<\/h2>\t\t\t\t<\/div>\n\t\t\t\t<\/div>\n\t\t\t\t<div class=\"elementor-element elementor-element-7b96a87 elementor-widget elementor-widget-text-editor\" data-id=\"7b96a87\" data-element_type=\"widget\" data-e-type=\"widget\" data-widget_type=\"text-editor.default\">\n\t\t\t\t<div class=\"elementor-widget-container\">\n\t\t\t\t\t\t\t\t\t<p>Nacida en La Laguna en 1966, Elena Galarza conclu\u00eda en 1989 los estudios que hab\u00eda iniciado en 1984 en la facultad de Bellas Artes de la Universidad de La Laguna, y ese mismo a\u00f1o comienza a participar en algunas exposiciones colectivas. Al a\u00f1o siguiente presenta su primera individual en la Galer\u00eda Par\u00e1metro de Santa Cruz. En 1991 expone tambi\u00e9n individualmente en el Ateneo de La Laguna y en la Sala de Arte y Cultura de la Caja de Ahorros en la misma ciudad, ambas organizadas por Gonzalo D\u00edaz, de Sala Conca, donde tambi\u00e9n mostrar\u00e1 su obra en colectivas, as\u00ed como en Galer\u00eda Artizar. En 1992 ser\u00e1 la \u00fanica representante femenina en la exposici\u00f3n <em>Una historia natural,<\/em> comisariada por Antonio Zaya para la APE Gallery de Nueva York, exposici\u00f3n coincidente con un proyecto institucional que presentaba el arte canario al p\u00fablico estadounidense: <em>From the Volcano<\/em>, comisariada por Fernando Castro y promovida por el Gobierno de Canarias. A los pocos d\u00edas de llegar a Nueva York, Elena Galarza enferm\u00f3 gravemente, hubo de ser repatriada de urgencia y permaneci\u00f3 varias semanas en coma en un centro hospitalario de la capital santacrucera.<\/p>\n<p>\u00a0<\/p>\n<p>A partir de 1993 abandona la pintura y se centra casi exclusivamente en el dibujo. Expone los primeros ese a\u00f1o en la Galer\u00eda Saro Le\u00f3n de Las Palmas de Gran Canaria, en la que ser\u00e1 su cuarta individual. En 1994 inaugura <em>Reyes y poeta<\/em> en Galer\u00eda Artizar, con dibujos y collages. Este a\u00f1o le otorgan el Premio Mont Blanc a la Cultura en Canarias, cuya beca va a permitirle cumplir un largo anhelo: estudiar e investigar la obra de Paul Klee, lo que la llevar\u00e1 tras el verano a la Fundaci\u00f3n Paul Klee en Berna, donde vivir\u00e1 dos meses. Luego se traslada a Ginebra donde, con una beca del Cabildo de Tenerife y trabajos que realiza, permanece hasta finales de 1997 ampliando sus estudios litogr\u00e1ficos en el \u00c9cole Sup\u00e9rieure des Beaux-Arts y asiste a un curso de encuadernaci\u00f3n, lo que se materializa en el libro <em>El cielo precipitado<\/em> (Ginebra, 1997) con 8 litograf\u00edas de Elena Galarza y 7 poemas de Rafael Alberti del libro <em>Sobre los \u00e1ngeles<\/em>.<\/p>\n<p>En 1996 su obra estar\u00e1 presente en la exposici\u00f3n <em>Corona roja<\/em>, comisariada por Francisco Rivas para el Centro Atl\u00e1ntico de Arte Moderno (CAAM) de Gran Canaria.<\/p>\n<p>\u00a0<\/p>\n<p>De regreso a la isla, en 1997 participa con obra realizada en Suiza en la exposici\u00f3n <em>Mundo, magia, memoria<\/em>, comisariada por Carlos E. Pinto y promovida por el Ayuntamiento de La Laguna dentro de las actividades del V Centenario. Tambi\u00e9n estar\u00e1 en <em>Memorias metam\u00f3rficas<\/em>, en la Sala Parpall\u00f3 de la Diputaci\u00f3n de Valencia, junto a Pep Dur\u00e1n, Ant\u00f3n Pati\u00f1o, etc. El 2000 participa en la exposici\u00f3n <em>Convergencias\/Divergencias<\/em> (CAAM) y en diversas colectivas, y en 2001 presenta <em>Cuaderno de dibujos<\/em> dentro de la exposici\u00f3n dual que realiza junto a \u00c1ngel Padr\u00f3n en Galer\u00eda Artizar. En 2004 expone en la VI Bienal de Dakar en un proyecto comisariado por Celestino Hern\u00e1ndez con el t\u00edtulo <em>Derroteros insulares.<\/em><\/p>\n<p>\u00a0<\/p>\n<p>A mediados de 2009, Antonio Salgado Perez public\u00f3 en El D\u00eda un elogioso art\u00edculo sobre las caricaturas de Galarza, una l\u00ednea de trabajo que hab\u00eda venido practicando los a\u00f1os precedentes en sustituci\u00f3n de su padre, el acuarelista Juan Galarza, con sus colaboraciones habituales para el peri\u00f3dico La Opini\u00f3n de Tenerife. A finales de ese a\u00f1o participa en la exposici\u00f3n <em>Jugueter\u00eda<\/em>, en Galer\u00eda Artizar, la \u00faltima ocasi\u00f3n en la que exhibir\u00e1 su obra. En la primavera de 2012 Elena Galarza marcha a Alemania, donde ha vivido desde entonces ejerciendo diversas profesiones y distante del mundo del arte, hasta ahora. Sobre su obra han escrito, adem\u00e1s de algunos de los nombres citados m\u00e1s arriba, Emmanuel Guigon, Andr\u00e9s Sanchez Robayna, Jonathan Allen, Clara Mu\u00f1oz, Orlando Betancor, entre otros.<\/p>\n\t\t\t\t\t\t\t\t<\/div>\n\t\t\t\t<\/div>\n\t\t\t\t\t<\/div>\n\t\t<\/div>\n\t\t\t\t\t<\/div>\n\t\t<\/section>\n\t\t\t\t<\/div>\n\t\t","protected":false},"excerpt":{"rendered":"<p>ELENA GALARZA Tenerife, 1966 Nacida en La Laguna en 1966, Elena Galarza conclu\u00eda en 1989 los estudios que&#8230;<\/p>\n","protected":false},"author":3,"featured_media":0,"parent":0,"menu_order":0,"comment_status":"closed","ping_status":"closed","template":"","meta":{"footnotes":""},"class_list":["post-44742","page","type-page","status-publish","hentry"],"_links":{"self":[{"href":"https:\/\/artizar.es\/en\/wp-json\/wp\/v2\/pages\/44742","targetHints":{"allow":["GET"]}}],"collection":[{"href":"https:\/\/artizar.es\/en\/wp-json\/wp\/v2\/pages"}],"about":[{"href":"https:\/\/artizar.es\/en\/wp-json\/wp\/v2\/types\/page"}],"author":[{"embeddable":true,"href":"https:\/\/artizar.es\/en\/wp-json\/wp\/v2\/users\/3"}],"replies":[{"embeddable":true,"href":"https:\/\/artizar.es\/en\/wp-json\/wp\/v2\/comments?post=44742"}],"version-history":[{"count":1,"href":"https:\/\/artizar.es\/en\/wp-json\/wp\/v2\/pages\/44742\/revisions"}],"predecessor-version":[{"id":44743,"href":"https:\/\/artizar.es\/en\/wp-json\/wp\/v2\/pages\/44742\/revisions\/44743"}],"wp:attachment":[{"href":"https:\/\/artizar.es\/en\/wp-json\/wp\/v2\/media?parent=44742"}],"curies":[{"name":"wp","href":"https:\/\/api.w.org\/{rel}","templated":true}]}}