{"id":44744,"date":"2025-12-26T18:20:19","date_gmt":"2025-12-26T18:20:19","guid":{"rendered":"https:\/\/artizar.es\/bio-esther-elena-pea\/"},"modified":"2025-12-26T18:20:20","modified_gmt":"2025-12-26T18:20:20","slug":"bio-esther-elena-pea","status":"publish","type":"page","link":"https:\/\/artizar.es\/en\/bio-esther-elena-pea\/","title":{"rendered":"Bio Esther Elena Pea"},"content":{"rendered":"\t\t<div data-elementor-type=\"wp-page\" data-elementor-id=\"44744\" class=\"elementor elementor-44744 elementor-44473\" data-elementor-settings=\"{&quot;element_pack_global_tooltip_width&quot;:{&quot;unit&quot;:&quot;px&quot;,&quot;size&quot;:&quot;&quot;,&quot;sizes&quot;:[]},&quot;element_pack_global_tooltip_width_tablet&quot;:{&quot;unit&quot;:&quot;px&quot;,&quot;size&quot;:&quot;&quot;,&quot;sizes&quot;:[]},&quot;element_pack_global_tooltip_width_mobile&quot;:{&quot;unit&quot;:&quot;px&quot;,&quot;size&quot;:&quot;&quot;,&quot;sizes&quot;:[]},&quot;element_pack_global_tooltip_padding&quot;:{&quot;unit&quot;:&quot;px&quot;,&quot;top&quot;:&quot;&quot;,&quot;right&quot;:&quot;&quot;,&quot;bottom&quot;:&quot;&quot;,&quot;left&quot;:&quot;&quot;,&quot;isLinked&quot;:true},&quot;element_pack_global_tooltip_padding_tablet&quot;:{&quot;unit&quot;:&quot;px&quot;,&quot;top&quot;:&quot;&quot;,&quot;right&quot;:&quot;&quot;,&quot;bottom&quot;:&quot;&quot;,&quot;left&quot;:&quot;&quot;,&quot;isLinked&quot;:true},&quot;element_pack_global_tooltip_padding_mobile&quot;:{&quot;unit&quot;:&quot;px&quot;,&quot;top&quot;:&quot;&quot;,&quot;right&quot;:&quot;&quot;,&quot;bottom&quot;:&quot;&quot;,&quot;left&quot;:&quot;&quot;,&quot;isLinked&quot;:true},&quot;element_pack_global_tooltip_border_radius&quot;:{&quot;unit&quot;:&quot;px&quot;,&quot;top&quot;:&quot;&quot;,&quot;right&quot;:&quot;&quot;,&quot;bottom&quot;:&quot;&quot;,&quot;left&quot;:&quot;&quot;,&quot;isLinked&quot;:true},&quot;element_pack_global_tooltip_border_radius_tablet&quot;:{&quot;unit&quot;:&quot;px&quot;,&quot;top&quot;:&quot;&quot;,&quot;right&quot;:&quot;&quot;,&quot;bottom&quot;:&quot;&quot;,&quot;left&quot;:&quot;&quot;,&quot;isLinked&quot;:true},&quot;element_pack_global_tooltip_border_radius_mobile&quot;:{&quot;unit&quot;:&quot;px&quot;,&quot;top&quot;:&quot;&quot;,&quot;right&quot;:&quot;&quot;,&quot;bottom&quot;:&quot;&quot;,&quot;left&quot;:&quot;&quot;,&quot;isLinked&quot;:true}}\" data-elementor-post-type=\"page\">\n\t\t\t\t\t\t<section class=\"elementor-section elementor-top-section elementor-element elementor-element-6609466 elementor-section-full_width elementor-section-height-min-height elementor-section-height-default elementor-section-items-middle\" data-id=\"6609466\" data-element_type=\"section\" data-e-type=\"section\" data-settings=\"{&quot;background_background&quot;:&quot;classic&quot;}\">\n\t\t\t\t\t\t<div class=\"elementor-container elementor-column-gap-default\">\n\t\t\t\t\t<div class=\"elementor-column elementor-col-100 elementor-top-column elementor-element elementor-element-cd39fd3\" data-id=\"cd39fd3\" data-element_type=\"column\" data-e-type=\"column\">\n\t\t\t<div class=\"elementor-widget-wrap elementor-element-populated\">\n\t\t\t\t\t\t<div class=\"elementor-element elementor-element-ccc7bec elementor-widget elementor-widget-heading\" data-id=\"ccc7bec\" data-element_type=\"widget\" data-e-type=\"widget\" data-widget_type=\"heading.default\">\n\t\t\t\t<div class=\"elementor-widget-container\">\n\t\t\t\t\t<h2 class=\"elementor-heading-title elementor-size-default\">Esther elena pea<\/h2>\t\t\t\t<\/div>\n\t\t\t\t<\/div>\n\t\t\t\t<div class=\"elementor-element elementor-element-e76e21c elementor-widget elementor-widget-heading\" data-id=\"e76e21c\" data-element_type=\"widget\" data-e-type=\"widget\" data-widget_type=\"heading.default\">\n\t\t\t\t<div class=\"elementor-widget-container\">\n\t\t\t\t\t<h2 class=\"elementor-heading-title elementor-size-default\">TENERIFE, 1994<\/h2>\t\t\t\t<\/div>\n\t\t\t\t<\/div>\n\t\t\t\t<div class=\"elementor-element elementor-element-d970c7e elementor-widget elementor-widget-text-editor\" data-id=\"d970c7e\" data-element_type=\"widget\" data-e-type=\"widget\" data-widget_type=\"text-editor.default\">\n\t\t\t\t<div class=\"elementor-widget-container\">\n\t\t\t\t\t\t\t\t\t<p class=\"font_8\"><strong>Exposiciones individuales<\/strong><\/p>\n<p class=\"font_8\">2020 &#8211;\u00a0Paisajes del ahora\u00a0en Bodegas Monje, El Sauzal. Espa\u00f1a.<\/p>\n<p class=\"font_8\">2019 &#8211;\u00a0Breve Ideario de \u2018lo natural\u2019\u00a0en SOLAR Acci\u00f3n Cultural. Santa Cruz de Tenerife. Espa\u00f1a.<\/p>\n<p class=\"font_8\">2015 &#8211;\u00a0(LUDO)Laboratorio\u00a0en el \u2018Ciclo Peril\u00f3gica\u2019. Sala de Exposiciones la Caixa, San Crist\u00f3bal de La Laguna. Espa\u00f1a.<\/p>\n<p class=\"font_8\"><span class=\"wixGuard\">\u200b<\/span><span class=\"wixGuard\">\u200b<\/span><\/p>\n<p class=\"font_8\"><strong>Exposiciones Colectivas<\/strong><\/p>\n<p class=\"font_8\">2021 \/ 2022 &#8211; \u2018\u00c1rboles Capitales\u2019 en Papeis 21. Galer\u00eda TREMA Arte Contemporanea. Lisboa, Portugal.\u00a0<\/p>\n<p class=\"font_8\">2017 &#8211; Instalaci\u00f3n\u00a0\u00a0Z\u00f3calo\u00a0en &#8220;Combinar Visible&#8221;. \u00c1rea 60, TEA Tenerife Espacio de las Artes. Santa Cruz de Tenerife, Espa\u00f1a.<\/p>\n<p class=\"font_8\">2017 &#8211; Instalaci\u00f3n\u00a0Estudios, clasificaciones y colecciones itinerantes en torno a la naturaleza como concepto\u00a0en &#8220;25ft_17 orientaciones&#8221;. Sala Museo del Cabrera Pinto. San Crist\u00f3bal de La Laguna. Espa\u00f1a.<\/p>\n<p class=\"font_8\">2017 &#8211; Instalaci\u00f3n Yacimientos en el ciclo &#8220;Y ahora?&#8221;. Sala Fleming4. Puerto de la Cruz. Espa\u00f1a.<\/p>\n<p class=\"font_8\">2016 \u00a0&#8211; Instalaci\u00f3n\u00a0\u00c1rboles Capitales\u00a0en \u2018La Gran Brecha\u2019. Sala de Exposiciones la Caixa, San Crist\u00f3bal de La Laguna, Espa\u00f1a.<\/p>\n<p class=\"font_8\">2016 &#8211;\u00a0\u00a0Exposici\u00f3n\u00a0PR\u00d3LOGO: EXPERIENCIAS CULTURALES A DOS CON VEINTE LA HORA. Sala de Arte de El Ateneo de La Laguna, San Crist\u00f3bal de La Laguna. Espa\u00f1a.<\/p>\n<p class=\"font_8\">2014 \u00a0&#8211; Intervenci\u00f3n\u00a0M\u00e1quina de Generaci\u00f3n Colectiva de Discurso Pol\u00edtico\u00a0en \u201cFr\u00e1gil Equilibrio\u201d. Centro de Arte La Recova, Santa Cruz de Tenerife. Espa\u00f1a.<\/p>\n<p class=\"font_8\">2014 \u00a0&#8211; Intervenci\u00f3n\u00a0Fetos y Zombis en \u201cFestival PensARTE, Arte y Filosof\u00eda. Foro Sociedad y Universidad de la Laguna\u201d. Museo Municipal de Bellas Artes de Santa Cruz de Tenerife. Espa\u00f1a.<\/p>\n<p class=\"font_8\">2014 \u00a0&#8211;\u00a0Acci\u00f3n perform\u00e1tica,\u00a0 intervenci\u00f3n de\u00a0Carmen Dormida, pieza escult\u00f3rica de Antonio L\u00f3pez. Parque Garc\u00eda Sanabria, Santa Cruz de Tenerife. Espa\u00f1a.<\/p>\n<p class=\"font_8\">2013 &#8211; \u00a0serie fotogr\u00e1fica\u00a0Sin t\u00edtulo\u00a0en &#8220;Primeros Principios&#8221;. TEA Tenerife Espacio de las Artes. Con . \u00a0TEA Tenerife Espacio de las Artes, Santa Cruz de Tenerife. Espa\u00f1a.<\/p>\n<p class=\"font_8\"><span class=\"wixGuard\">\u200b<\/span><span class=\"wixGuard\">\u200b<\/span><\/p>\n<p class=\"font_8\"><strong>Ferias y bienales<\/strong><\/p>\n<p class=\"font_8\">2021 &#8211; Serie fotogr\u00e1ficas\u00a0Retratos y Autorretratos. en Bienal de Fotograf\u00eda Fotonoviembre. Centro de Fotograf\u00eda Isla de Tenerife, TEA Tenerife Espacio de las Artes. Santa Cruz de Tenerife, Espa\u00f1a.<\/p>\n<p class=\"font_8\">2021 &#8211; JustMAD 2021, Duo Project: Romina Rivero y Esther Elena Pea con<\/p>\n<p class=\"font_8\">Galer\u00eda Artizar.<span class=\"wixGuard\">\u200b<\/span><\/p>\n<p class=\"font_8\">2016. &#8211; Instalaci\u00f3n\u00a0Las alas del arte.\u00a0Panorama Art\u00edstico Contempor\u00e1neo\u00a0en \u2018BACOS, San Miguel\u2019. Bienal Internacional. San Miguel de Abona. Espa\u00f1a<\/p>\n<p class=\"font_8\"><span class=\"wixGuard\">\u200b<\/span><\/p>\n<p class=\"font_8\"><strong>Colecciones<\/strong><span class=\"wixGuard\">\u200b<\/span><\/p>\n<p class=\"font_8\">2021- Galer\u00eda Artizar. San Crist\u00f3bal de La Laguna, Espa\u00f1a.<\/p>\n<p class=\"font_8\">2021 &#8211; Munt\u00e9 arquitectos. Madrid, Espa\u00f1a.<\/p>\n<p class=\"font_8\">2021 &#8211; Galer\u00eda Moleiros. Miami, Estados Unidos.<\/p>\n<p class=\"font_8\">2020 &#8211; Bodegas Monje. El Sauzal, Espa\u00f1a.<\/p>\n<p class=\"font_8\"><span class=\"wixGuard\">\u200b<\/span><\/p>\n<p class=\"font_8\"><strong>Becas y Residencias Art\u00edsticas<\/strong><\/p>\n<p class=\"font_8\">2020 &#8211; Beca Now\u201920, Galer\u00eda Artizar. San Crist\u00f3bal de La Laguna, Espa\u00f1a.<\/p>\n<p class=\"font_8\">2019 &#8211; Residencia art\u00edstica La Habitaci\u00f3n. SOLAR Acci\u00f3n Cultural. Proyecto:\u00a0Breve Ideario de \u2018lo natural\u2019.<span class=\"wixGuard\">\u200b<\/span><\/p>\n<p class=\"font_8\">2018 \/ 2019 &#8211; Beca Fundaci\u00f3n Universidad de La Laguna. Gesti\u00f3n Cultural en Departamento de Direcci\u00f3n y en Departamento de Producci\u00f3n, TEA Tenerife Espacio de las Artes. Santa Cruz de Tenerife, Espa\u00f1a.<\/p>\n<p class=\"font_8\"><span class=\"wixGuard\">\u200b<\/span><span class=\"wixGuard\">\u200b<\/span><\/p>\n<p class=\"font_8\"><strong>Formaci\u00f3n Acad\u00e9mica<\/strong><\/p>\n<p class=\"font_8\">2019 &#8211;\u00a0M\u00e1ster de Teor\u00eda e Historia del Arte y Gesti\u00f3n Cultural, Universidad de La Laguna.<\/p>\n<p class=\"font_8\">2017 &#8211;\u00a0\u00a0Grado en Bellas Artes, Universidad de La Laguna.<\/p>\n<p class=\"font_8\">2016 &#8211; M\u00e1ster en\u00a0Gesti\u00f3n de Espacios y Proyectos Culturales. Universidad de Sevilla.<\/p>\n<p class=\"font_8\"><span class=\"wixGuard\">\u200b<\/span><\/p>\n\t\t\t\t\t\t\t\t<\/div>\n\t\t\t\t<\/div>\n\t\t\t\t\t<\/div>\n\t\t<\/div>\n\t\t\t\t\t<\/div>\n\t\t<\/section>\n\t\t\t\t<\/div>\n\t\t","protected":false},"excerpt":{"rendered":"<p>Esther elena pea TENERIFE, 1994 Exposiciones individuales 2020 &#8211;\u00a0Paisajes del ahora\u00a0en Bodegas Monje, El Sauzal. Espa\u00f1a. 2019 &#8211;\u00a0Breve&#8230;<\/p>\n","protected":false},"author":3,"featured_media":0,"parent":0,"menu_order":0,"comment_status":"closed","ping_status":"closed","template":"","meta":{"footnotes":""},"class_list":["post-44744","page","type-page","status-publish","hentry"],"_links":{"self":[{"href":"https:\/\/artizar.es\/en\/wp-json\/wp\/v2\/pages\/44744","targetHints":{"allow":["GET"]}}],"collection":[{"href":"https:\/\/artizar.es\/en\/wp-json\/wp\/v2\/pages"}],"about":[{"href":"https:\/\/artizar.es\/en\/wp-json\/wp\/v2\/types\/page"}],"author":[{"embeddable":true,"href":"https:\/\/artizar.es\/en\/wp-json\/wp\/v2\/users\/3"}],"replies":[{"embeddable":true,"href":"https:\/\/artizar.es\/en\/wp-json\/wp\/v2\/comments?post=44744"}],"version-history":[{"count":1,"href":"https:\/\/artizar.es\/en\/wp-json\/wp\/v2\/pages\/44744\/revisions"}],"predecessor-version":[{"id":44745,"href":"https:\/\/artizar.es\/en\/wp-json\/wp\/v2\/pages\/44744\/revisions\/44745"}],"wp:attachment":[{"href":"https:\/\/artizar.es\/en\/wp-json\/wp\/v2\/media?parent=44744"}],"curies":[{"name":"wp","href":"https:\/\/api.w.org\/{rel}","templated":true}]}}