{"id":44746,"date":"2025-12-26T18:20:48","date_gmt":"2025-12-26T18:20:48","guid":{"rendered":"https:\/\/artizar.es\/bio-federico-g-trujillo\/"},"modified":"2025-12-26T18:20:49","modified_gmt":"2025-12-26T18:20:49","slug":"bio-federico-g-trujillo","status":"publish","type":"page","link":"https:\/\/artizar.es\/en\/bio-federico-g-trujillo\/","title":{"rendered":"Bio Federico G. Trujillo"},"content":{"rendered":"\t\t<div data-elementor-type=\"wp-page\" data-elementor-id=\"44746\" class=\"elementor elementor-44746 elementor-44453\" data-elementor-settings=\"{&quot;element_pack_global_tooltip_width&quot;:{&quot;unit&quot;:&quot;px&quot;,&quot;size&quot;:&quot;&quot;,&quot;sizes&quot;:[]},&quot;element_pack_global_tooltip_width_tablet&quot;:{&quot;unit&quot;:&quot;px&quot;,&quot;size&quot;:&quot;&quot;,&quot;sizes&quot;:[]},&quot;element_pack_global_tooltip_width_mobile&quot;:{&quot;unit&quot;:&quot;px&quot;,&quot;size&quot;:&quot;&quot;,&quot;sizes&quot;:[]},&quot;element_pack_global_tooltip_padding&quot;:{&quot;unit&quot;:&quot;px&quot;,&quot;top&quot;:&quot;&quot;,&quot;right&quot;:&quot;&quot;,&quot;bottom&quot;:&quot;&quot;,&quot;left&quot;:&quot;&quot;,&quot;isLinked&quot;:true},&quot;element_pack_global_tooltip_padding_tablet&quot;:{&quot;unit&quot;:&quot;px&quot;,&quot;top&quot;:&quot;&quot;,&quot;right&quot;:&quot;&quot;,&quot;bottom&quot;:&quot;&quot;,&quot;left&quot;:&quot;&quot;,&quot;isLinked&quot;:true},&quot;element_pack_global_tooltip_padding_mobile&quot;:{&quot;unit&quot;:&quot;px&quot;,&quot;top&quot;:&quot;&quot;,&quot;right&quot;:&quot;&quot;,&quot;bottom&quot;:&quot;&quot;,&quot;left&quot;:&quot;&quot;,&quot;isLinked&quot;:true},&quot;element_pack_global_tooltip_border_radius&quot;:{&quot;unit&quot;:&quot;px&quot;,&quot;top&quot;:&quot;&quot;,&quot;right&quot;:&quot;&quot;,&quot;bottom&quot;:&quot;&quot;,&quot;left&quot;:&quot;&quot;,&quot;isLinked&quot;:true},&quot;element_pack_global_tooltip_border_radius_tablet&quot;:{&quot;unit&quot;:&quot;px&quot;,&quot;top&quot;:&quot;&quot;,&quot;right&quot;:&quot;&quot;,&quot;bottom&quot;:&quot;&quot;,&quot;left&quot;:&quot;&quot;,&quot;isLinked&quot;:true},&quot;element_pack_global_tooltip_border_radius_mobile&quot;:{&quot;unit&quot;:&quot;px&quot;,&quot;top&quot;:&quot;&quot;,&quot;right&quot;:&quot;&quot;,&quot;bottom&quot;:&quot;&quot;,&quot;left&quot;:&quot;&quot;,&quot;isLinked&quot;:true}}\" data-elementor-post-type=\"page\">\n\t\t\t\t\t\t<section class=\"elementor-section elementor-top-section elementor-element elementor-element-3791139 elementor-section-full_width elementor-section-height-min-height elementor-section-height-default elementor-section-items-middle\" data-id=\"3791139\" data-element_type=\"section\" data-e-type=\"section\" data-settings=\"{&quot;background_background&quot;:&quot;classic&quot;}\">\n\t\t\t\t\t\t<div class=\"elementor-container elementor-column-gap-default\">\n\t\t\t\t\t<div class=\"elementor-column elementor-col-100 elementor-top-column elementor-element elementor-element-eb385e5\" data-id=\"eb385e5\" data-element_type=\"column\" data-e-type=\"column\">\n\t\t\t<div class=\"elementor-widget-wrap elementor-element-populated\">\n\t\t\t\t\t\t<div class=\"elementor-element elementor-element-8725deb elementor-widget elementor-widget-heading\" data-id=\"8725deb\" data-element_type=\"widget\" data-e-type=\"widget\" data-widget_type=\"heading.default\">\n\t\t\t\t<div class=\"elementor-widget-container\">\n\t\t\t\t\t<h2 class=\"elementor-heading-title elementor-size-default\">FEDERICO G. TRUJILLO<\/h2>\t\t\t\t<\/div>\n\t\t\t\t<\/div>\n\t\t\t\t<div class=\"elementor-element elementor-element-2595889 elementor-widget elementor-widget-heading\" data-id=\"2595889\" data-element_type=\"widget\" data-e-type=\"widget\" data-widget_type=\"heading.default\">\n\t\t\t\t<div class=\"elementor-widget-container\">\n\t\t\t\t\t<h2 class=\"elementor-heading-title elementor-size-default\">TENERIFE, 1988<\/h2>\t\t\t\t<\/div>\n\t\t\t\t<\/div>\n\t\t\t\t<div class=\"elementor-element elementor-element-9fdba87 elementor-widget elementor-widget-text-editor\" data-id=\"9fdba87\" data-element_type=\"widget\" data-e-type=\"widget\" data-widget_type=\"text-editor.default\">\n\t\t\t\t<div class=\"elementor-widget-container\">\n\t\t\t\t\t\t\t\t\t<p class=\"p1\"><strong>FORMACI\u00d3N UNIVERSITARIA:<\/strong><\/p>\n<p class=\"p2\">2013\/2014<\/p>\n<p class=\"p2\">M\u00e1ster en Producci\u00f3n e Inves2gaci\u00f3n Ar6s2ca, Facultat de Belles Arts, Universitat de<\/p>\n<p class=\"p2\">Barcelona (UB)<\/p>\n<p class=\"p2\">2011\/2012<\/p>\n<p class=\"p2\">BA Fine Art, 3rd year, Manchester Metropolitan University, School of Art,<\/p>\n<p class=\"p2\">MANCHESTER.<\/p>\n<p class=\"p2\">2006\/2011<\/p>\n<p class=\"p2\">Licenciatura en Bellas Artes, Universitat de Barcelona,BARCELONA<\/p>\n<p class=\"p1\">FORMACI\u00d3N NO REGLADA Y COMPLEMENTARIA:<\/p>\n<p class=\"p3\">2022<\/p>\n<p class=\"p3\">&#8216;Muros, bloques, pixeles y otros vanos&#8217;, por David Bestu.. Taller Ondacorta. TEA TENERIFE.<\/p>\n<p class=\"p3\">2019<\/p>\n<p class=\"p3\">Curso RisograMa. Ondacorta. TEA TENERIFE<\/p>\n<p class=\"p4\">2013<\/p>\n<p class=\"p4\">1er Symposium Topograf\u00edas de lo visible. Universitat de Barcelona<\/p>\n<p class=\"p4\">2010<\/p>\n<p class=\"p4\">Seminari Al voltant de la recerca art\u00edstica (MACBA)<\/p>\n<p class=\"p4\">2009<\/p>\n<p class=\"p4\">V Simposio internacional cr\u00edtica de arte en un mundo global: Resistencias. Lo Glocal y lo<\/p>\n<p class=\"p4\">Singuniversal a trav\u00e9s de las bienales.(MACBA)<\/p>\n<p class=\"p3\"><strong>EXPOSICIONES INDIVIDUALES:<\/strong><\/p>\n<p class=\"p3\">_2019:<\/p>\n<p class=\"p3\">Futuros Cancelados o Who the F*** is Federico Garc\u00eda Trujillo? feat Joan Pall\u00e9. Galer\u00eda Luc\u00eda<\/p>\n<p class=\"p3\">Mendoza. Madrid.<\/p>\n<p class=\"p3\">_2018:<\/p>\n<p class=\"p3\">The Morandi&#8217;s ASTude o Algunas Estrategias para conservar el Entusiasmo. Sala SAC. S\/C de<\/p>\n<p class=\"p3\">Tenerife*<\/p>\n<p class=\"p3\">_2015:<\/p>\n<p class=\"p3\">Frames Roc.o. Espai Cub, La Capella. Barcelona<\/p>\n<p class=\"p3\">_2013:<\/p>\n<p class=\"p3\">La Pintura Como Lenguaje Documental. Galer.a Miscelanea. Barcelona<\/p>\n<p class=\"p3\"><strong>EXPOSICIONES COLECTIVAS:<\/strong><\/p>\n<p class=\"p3\">2023:<\/p>\n<p class=\"p3\">&#8211; HYBRID ART FAIR. Galer.a ArSzar. Hotel PeSt Palace Santa B.rbara. Madrid<\/p>\n<p class=\"p3\">2021:<\/p>\n<p class=\"p3\">&#8211; Filtraci.n en Gravedad y .rbita. TEA Tenerife Espacio de las Artes. S\/C de Tenerife.<\/p>\n<p class=\"p3\">2020:<\/p>\n<p class=\"p3\">&#8211; Plasma #1. Espacio Plasma. La Laguna<\/p>\n<p class=\"p3\">2019:<\/p>\n<p class=\"p3\">&#8211; Premio Ibercaja de Pintura Joven 2019. PaSo de la Infanta. Zaragoza.*<\/p>\n<p class=\"p3\">&#8211; Fundaci. Arranz-Bravo 10 a.os. Hospitalet de Llobregat. *<\/p>\n<p class=\"p3\">&#8211; Ilusionarte. Galer.a Luc.a Mendoza. Madrid.<\/p>\n<p class=\"p3\">2018:<\/p>\n<p class=\"p3\">&#8211; Crisis?, What Crisis? Cap.tulo 2. Dibujos (y otros recursos antropol.gicos) TEA Tenerife &#8211;<\/p>\n<p class=\"p3\">Espacio de las Artes. S\/C de Tenerife.*<\/p>\n<p class=\"p3\">&#8211; PHE Gallery. Espacio Cultural CasSllo San Felipe. Puerto de la Cruz<\/p>\n<p class=\"p3\">&#8211; Atrium. Certamen de Artes Pl.sScas. Fundaci.n Canaria Mapfre Guanarteme. La Laguna.<\/p>\n<p class=\"p3\">2017:<\/p>\n<p class=\"p3\">&#8211; El Pliegue. Galer.a Aurora. Barcelona<\/p>\n<p class=\"p3\">&#8211; Venien de lluny. Piramid.n Centre D\u2019Art Contemporani, Barcelona.<\/p>\n<p class=\"p3\">2016:<\/p>\n<p class=\"p3\">&#8211; 16&#215;16. Piramid.n Centre D\u2019Art Contemporani, Barcelona.<\/p>\n<p class=\"p3\">&#8211; Secuencia Editorial. La Panera, Lleida.<\/p>\n<p class=\"p3\">&#8211; Donar Joc. Major 28, La Floresta, Lleida.<\/p>\n<p class=\"p3\">&#8211; Coincidencias abiertas. ColecSvo Solar. La Laguna.<\/p>\n<p class=\"p3\">2015:<\/p>\n<p class=\"p3\">&#8211; Premio internacional de pintura Guasch Coranty. TECLA SALA. Barcelona*<\/p>\n<p class=\"p3\">&#8211; Jeune CreaSon Europeene. Casa Empord.. Figueres.*<\/p>\n<p class=\"p3\">&#8211; Aparteu les Cadires. Can Felipa Arts Visuals. Barcelona.<\/p>\n<p class=\"p3\">&#8211; Jeune CreaSon Europeene. Villa Olmo, Como. Italia.*<\/p>\n<p class=\"p3\">&#8211; Escenaris de realitat (re)ficcionada. Fundaci. Arranz Bravo. L\u2019Hospitalet de LLobregat *<\/p>\n<p class=\"p3\">2014:<\/p>\n<p class=\"p3\">&#8211; S.N EUROPA. Museu de l\u2019Empord.. Figueres.<\/p>\n<p class=\"p3\">&#8211; Memorias de Contrabando. Centro de Arte La Recova. S\/C de Tenerife.*<\/p>\n<p class=\"p3\">&#8211; Art&lt;30BS, Sala Pares y Galeria Trama, Barcelona *<\/p>\n<p class=\"p3\">&#8211; ArSficiala. Cyan Gallery. Barcelona.<\/p>\n<p class=\"p3\">&#8211; Acto ConmemoraSvo. Ooze projects. 33\/45. Barcelona<\/p>\n<p class=\"p3\">&#8211; Jeune CreaSon Europeene. Klaipeda KKKC. Lituania.*<\/p>\n<p class=\"p3\">&#8211; ARTSHOW Busan 2014. Busan, Korea.<\/p>\n<p class=\"p3\">2013:<\/p>\n<p class=\"p3\">&#8211; 2a Presentaci.n PictoBcn2013. Centro de producci.n arvsSca Hangar, Barcelona.<\/p>\n<p class=\"p3\">&#8211; III Exposici.n ColecSvo Infarto. C\/Valencia 320. Barcelona.<\/p>\n<p class=\"p3\">&#8211; Jeune CreaSon Europeene. Bonnefantenmuseum Maastricht, Paises Bajos *<\/p>\n<p class=\"p3\">&#8211; Jeune CreaSon Europeene. Le Beffroi. Ville de Montrouge, Paris *<\/p>\n<p class=\"p3\">&#8211; Et Si On Br.lait La Sorbonne? Fiesta De Graduaci.n Del Programa De Formaci.n A*Desk<\/p>\n<p class=\"p3\">2012-13. A*Desk. Barcelona.<\/p>\n<p class=\"p3\">&#8211; A4. Galer.a UnStled. Barcelona.<\/p>\n<p class=\"p3\">&#8211; 5. Premi de Pintura Torres Garc.a. Sala D\u2019exposicions Caixa Laietana, Matar. *<\/p>\n<p class=\"p3\">2012:<\/p>\n<p class=\"p3\">&#8211; Degree Show. Manchester School Of Art. Manchester *<\/p>\n<p class=\"p3\">&#8211; Silent AucSon. Holden Gallery. Manchester<\/p>\n<p class=\"p3\">&#8211; EXPOSICI\u00d3N PREMIADOS PASSEIG SAN JOAN(VILA DE GRACIA) BARCELONA<\/p>\n<p class=\"p3\">2011:<\/p>\n<p class=\"p3\">&#8211; EXPOSICI\u00d3N PREMIO DE PINTURA AUTOCUGAT, MONASTERIO SAN CUGAT BARCELONA*<\/p>\n<p class=\"p3\">&#8211; EXPOSICI\u00d3N PREMIADOS PASSEIG SAN JOAN(VILA DE GRACIA) BARCELONA<\/p>\n<p class=\"p3\">&#8211; Exposici\u00f3n XIV Encuentro de Pintores \u201cXavier Pousa\u201d Balneario de Mondariz. GALICIA*<\/p>\n<p class=\"p3\">2010:<\/p>\n<p class=\"p3\">&#8211; DEL TALLER A LA PARED (CAN CASTELLO BARCELONA)<\/p>\n<p class=\"p3\">&#8211; EXPOSICI\u00d3N PINTORES PENSIONADOS DEL PALACIO DE QUINTANAR, SEGOVIA*<\/p>\n<p class=\"p3\">2008:<\/p>\n<p class=\"p3\">&#8211; EXPOSICI\u00d3N BECA DE PAISAJE GUIDO KOLITZER (FUNDACION GUIDO KOLITZER) CANARIAS*<\/p>\n<p class=\"p3\">*cat.logo editado<\/p>\n<p class=\"p3\"><strong>BECAS Y PREMIOS:<\/strong><\/p>\n<p class=\"p3\">2022<\/p>\n<p class=\"p3\">&#8211; Beca ARTNOW`23 GALERIA ARTIZAR<\/p>\n<p class=\"p3\">2021:<\/p>\n<p class=\"p3\">&#8211; Programa Filtraciones en la colecci.n Tea. Tenerife Espacio de Las Artes<\/p>\n<p class=\"p3\">2020:<\/p>\n<p class=\"p3\">&#8211; Ayudas Covid Gobierno de Canarias<\/p>\n<p class=\"p3\">2019<\/p>\n<p class=\"p3\">&#8211; Premio IBERCAJA DE PINTURA JOVEN 2019 (1er Premio)<\/p>\n<p class=\"p3\">2017<\/p>\n<p class=\"p3\">&#8211; RESIDENCIA EN PIRAMID.N CENTRE D&#8217;ART CONTEMPORANI.<\/p>\n<p class=\"p3\">2016<\/p>\n<p class=\"p3\">&#8211; INTRANSIT 16. MUSEO DEL TRAJE. MADRID.<\/p>\n<p class=\"p3\">&#8211; PREMIO .SCAR DOM.NGUEZ. TENERIFE (1er Premio)<\/p>\n<p class=\"p3\">2015<\/p>\n<p class=\"p3\">&#8211; BCN PRODUCCI. \u201915. INSTITUT DE CULTURA DE BARCELONA.<\/p>\n<p class=\"p3\">&#8211; SALA D\u2019ART JOVE. PROYECTOS DE EDICI.N. (con Claudia Parra y Albert Garrig.)<\/p>\n<p class=\"p3\">&#8211; CAN FELIPA Arts Visuals. Beca de Producci.n. BARCELONA<\/p>\n<p class=\"p3\">&#8211; Art&lt; 30, SALA PAR.S &#8211; GALER.A TRAMA<\/p>\n<p class=\"p3\">&#8211; IV ENCONTRO DA ARTISTAS NOVOS, CIDADE DA CULTURA. SANTIAGO DE COMPOSTELA.<\/p>\n<p class=\"p3\">2013<\/p>\n<p class=\"p3\">&#8211; JCE BIENNIAL 2013-2015<\/p>\n<p class=\"p3\">2012<\/p>\n<p class=\"p3\">&#8211; 1st Prize KEN BILLANY PAINTING PRIZE<\/p>\n<p class=\"p3\">&#8211; 2o PREMIO CONCURSO DE PINTURA PASSEIG SAN JOAN<\/p>\n<p class=\"p3\">&#8211; 1er ACCESIT BECA DE PINTURA AUTOCUGAT<\/p>\n<p class=\"p3\">&#8211; XIV BECA DE PAISAJE FUNDACION MONDARIZ \u201cXAVIER POUZA\u201d<\/p>\n<p class=\"p3\">2010<\/p>\n<p class=\"p3\">&#8211; 1er PREMIO CONCURSO DE ACUARELA GVARRO.<\/p>\n<p class=\"p3\">&#8211; 2o PREMIO CONCURSO DE PINTURA PASSEIG SAN JOAN.<\/p>\n<p class=\"p3\">&#8211; BECA DE PINTORES PENSIONADOS DEL PALACIO DE QUINTANAR , SEGOVIA.<\/p>\n<p class=\"p3\">2008:<\/p>\n<p class=\"p2\"><span class=\"s1\">&#8211; <\/span>BECA DE PAISAJE ENCLAVES Y RESONANCIAS, GUIDO KOLITZER.<\/p>\n<p class=\"p3\"><strong>OBRA EN COLECCIONES:<\/strong><\/p>\n<p class=\"p3\">&#8211; Colecci.n Tea Tenerife<\/p>\n<p class=\"p3\">&#8211; Colecci.n Ibercaja<\/p>\n<p class=\"p3\">&#8211; Colecci.n DKV<\/p>\n<p class=\"p3\">&#8211; Colecci.n Gvarro Canson.<\/p>\n<p class=\"p3\">&#8211; Piramid.n centre d&#8217;art contemporani. Barcelona<\/p>\n<p class=\"p3\">&#8211; CollecSon Pascal Fouch.<\/p>\n<p class=\"p3\">&#8211; Academia de Historia y Arte de San Quirce. Segovia<\/p>\n<p class=\"p3\">&#8211; Fundaci.n Mondariz Balneario<\/p>\n<p class=\"p3\">&#8211; Fundaci.n Guido Kolitzer<\/p>\n<p class=\"p3\">&#8211; Universitat de Barcelona<\/p>\n\t\t\t\t\t\t\t\t<\/div>\n\t\t\t\t<\/div>\n\t\t\t\t\t<\/div>\n\t\t<\/div>\n\t\t\t\t\t<\/div>\n\t\t<\/section>\n\t\t\t\t<\/div>\n\t\t","protected":false},"excerpt":{"rendered":"<p>FEDERICO G. TRUJILLO TENERIFE, 1988 FORMACI\u00d3N UNIVERSITARIA: 2013\/2014 M\u00e1ster en Producci\u00f3n e Inves2gaci\u00f3n Ar6s2ca, Facultat de Belles Arts,&#8230;<\/p>\n","protected":false},"author":3,"featured_media":0,"parent":0,"menu_order":0,"comment_status":"closed","ping_status":"closed","template":"","meta":{"footnotes":""},"class_list":["post-44746","page","type-page","status-publish","hentry"],"_links":{"self":[{"href":"https:\/\/artizar.es\/en\/wp-json\/wp\/v2\/pages\/44746","targetHints":{"allow":["GET"]}}],"collection":[{"href":"https:\/\/artizar.es\/en\/wp-json\/wp\/v2\/pages"}],"about":[{"href":"https:\/\/artizar.es\/en\/wp-json\/wp\/v2\/types\/page"}],"author":[{"embeddable":true,"href":"https:\/\/artizar.es\/en\/wp-json\/wp\/v2\/users\/3"}],"replies":[{"embeddable":true,"href":"https:\/\/artizar.es\/en\/wp-json\/wp\/v2\/comments?post=44746"}],"version-history":[{"count":1,"href":"https:\/\/artizar.es\/en\/wp-json\/wp\/v2\/pages\/44746\/revisions"}],"predecessor-version":[{"id":44747,"href":"https:\/\/artizar.es\/en\/wp-json\/wp\/v2\/pages\/44746\/revisions\/44747"}],"wp:attachment":[{"href":"https:\/\/artizar.es\/en\/wp-json\/wp\/v2\/media?parent=44746"}],"curies":[{"name":"wp","href":"https:\/\/api.w.org\/{rel}","templated":true}]}}