{"id":44762,"date":"2025-12-26T18:24:13","date_gmt":"2025-12-26T18:24:13","guid":{"rendered":"https:\/\/artizar.es\/bio-laura-mesa\/"},"modified":"2025-12-26T18:24:13","modified_gmt":"2025-12-26T18:24:13","slug":"bio-laura-mesa","status":"publish","type":"page","link":"https:\/\/artizar.es\/en\/bio-laura-mesa\/","title":{"rendered":"Bio Laura Mesa"},"content":{"rendered":"\t\t<div data-elementor-type=\"wp-page\" data-elementor-id=\"44762\" class=\"elementor elementor-44762 elementor-44667\" data-elementor-settings=\"{&quot;element_pack_global_tooltip_width&quot;:{&quot;unit&quot;:&quot;px&quot;,&quot;size&quot;:&quot;&quot;,&quot;sizes&quot;:[]},&quot;element_pack_global_tooltip_width_tablet&quot;:{&quot;unit&quot;:&quot;px&quot;,&quot;size&quot;:&quot;&quot;,&quot;sizes&quot;:[]},&quot;element_pack_global_tooltip_width_mobile&quot;:{&quot;unit&quot;:&quot;px&quot;,&quot;size&quot;:&quot;&quot;,&quot;sizes&quot;:[]},&quot;element_pack_global_tooltip_padding&quot;:{&quot;unit&quot;:&quot;px&quot;,&quot;top&quot;:&quot;&quot;,&quot;right&quot;:&quot;&quot;,&quot;bottom&quot;:&quot;&quot;,&quot;left&quot;:&quot;&quot;,&quot;isLinked&quot;:true},&quot;element_pack_global_tooltip_padding_tablet&quot;:{&quot;unit&quot;:&quot;px&quot;,&quot;top&quot;:&quot;&quot;,&quot;right&quot;:&quot;&quot;,&quot;bottom&quot;:&quot;&quot;,&quot;left&quot;:&quot;&quot;,&quot;isLinked&quot;:true},&quot;element_pack_global_tooltip_padding_mobile&quot;:{&quot;unit&quot;:&quot;px&quot;,&quot;top&quot;:&quot;&quot;,&quot;right&quot;:&quot;&quot;,&quot;bottom&quot;:&quot;&quot;,&quot;left&quot;:&quot;&quot;,&quot;isLinked&quot;:true},&quot;element_pack_global_tooltip_border_radius&quot;:{&quot;unit&quot;:&quot;px&quot;,&quot;top&quot;:&quot;&quot;,&quot;right&quot;:&quot;&quot;,&quot;bottom&quot;:&quot;&quot;,&quot;left&quot;:&quot;&quot;,&quot;isLinked&quot;:true},&quot;element_pack_global_tooltip_border_radius_tablet&quot;:{&quot;unit&quot;:&quot;px&quot;,&quot;top&quot;:&quot;&quot;,&quot;right&quot;:&quot;&quot;,&quot;bottom&quot;:&quot;&quot;,&quot;left&quot;:&quot;&quot;,&quot;isLinked&quot;:true},&quot;element_pack_global_tooltip_border_radius_mobile&quot;:{&quot;unit&quot;:&quot;px&quot;,&quot;top&quot;:&quot;&quot;,&quot;right&quot;:&quot;&quot;,&quot;bottom&quot;:&quot;&quot;,&quot;left&quot;:&quot;&quot;,&quot;isLinked&quot;:true}}\" data-elementor-post-type=\"page\">\n\t\t\t\t\t\t<section class=\"elementor-section elementor-top-section elementor-element elementor-element-7dcfdd7 elementor-section-full_width elementor-section-height-min-height elementor-section-height-default elementor-section-items-middle\" data-id=\"7dcfdd7\" data-element_type=\"section\" data-e-type=\"section\" data-settings=\"{&quot;background_background&quot;:&quot;classic&quot;}\">\n\t\t\t\t\t\t<div class=\"elementor-container elementor-column-gap-default\">\n\t\t\t\t\t<div class=\"elementor-column elementor-col-100 elementor-top-column elementor-element elementor-element-d7e2dd4\" data-id=\"d7e2dd4\" data-element_type=\"column\" data-e-type=\"column\">\n\t\t\t<div class=\"elementor-widget-wrap elementor-element-populated\">\n\t\t\t\t\t\t<div class=\"elementor-element elementor-element-d2bb18f elementor-widget elementor-widget-heading\" data-id=\"d2bb18f\" data-element_type=\"widget\" data-e-type=\"widget\" data-widget_type=\"heading.default\">\n\t\t\t\t<div class=\"elementor-widget-container\">\n\t\t\t\t\t<h2 class=\"elementor-heading-title elementor-size-default\">Laura Mesa<\/h2>\t\t\t\t<\/div>\n\t\t\t\t<\/div>\n\t\t\t\t<div class=\"elementor-element elementor-element-8b80fd1 elementor-widget elementor-widget-heading\" data-id=\"8b80fd1\" data-element_type=\"widget\" data-e-type=\"widget\" data-widget_type=\"heading.default\">\n\t\t\t\t<div class=\"elementor-widget-container\">\n\t\t\t\t\t<h2 class=\"elementor-heading-title elementor-size-default\">Tenerife, 1975<\/h2>\t\t\t\t<\/div>\n\t\t\t\t<\/div>\n\t\t\t\t<div class=\"elementor-element elementor-element-ba69f5c elementor-widget elementor-widget-text-editor\" data-id=\"ba69f5c\" data-element_type=\"widget\" data-e-type=\"widget\" data-widget_type=\"text-editor.default\">\n\t\t\t\t<div class=\"elementor-widget-container\">\n\t\t\t\t\t\t\t\t\t<p>Licenciada en Bellas Artes con doble especialidad, pintura y escultura, en 1998.\u00a0Doctora Cum Laude en Bellas Artes por la especialidad de Dibujo en 2008 y graduada en Filosof\u00eda en 2018.<\/p>\n<p>Tras 20 a\u00f1os de experiencia como profesora de Dibujo Art\u00edstico en las Escuelas de Arte y Superior de Dise\u00f1o actualmente soy docente en \u00a0la Facultad de Bellas Artes de la ULL.<\/p>\n<p>Paralelamente he desarrollado una investigaci\u00f3n art\u00edstica que cuenta con 19 exposiciones colectivas \u2013en distintos espacios de Tenerife, Gran Canaria y Madrid\u2013 y 5 exposiciones individuales.<\/p>\n<p>\u00a0<\/p>\n<p><strong>\u00daltimas exposiciones individuales<\/strong><\/p>\n<p>\u00a0<\/p>\n<p>2021\u00a0 \u00a0 \u00a0 \u00a0<em>Pensar el final compromete el final<\/em>. Sala de Arte Contempor\u00e1neo (SAC). Tenerife.<\/p>\n<p>2020 \u00a0 \u00a0 \u00a0\u00a0<em>Pero no el mundo<\/em>. Galer\u00eda Artizar. Tenerife.<\/p>\n<p>2019 \u00a0 \u00a0 \u00a0 \u00a0<em>Laura Mesa<\/em>. EXHIBITLab. Santander.<\/p>\n<p>2018-19 \u00a0<em>Los m\u00f3viles y el dibujo<\/em>. CIC El Almac\u00e9n. Lanzarote.<\/p>\n<p>2017 \u00a0 \u00a0 \u00a0\u00a0<em>1364<\/em>. Ateneo de La Laguna. Tenerife.<\/p>\n<p>\u00a0<\/p>\n<p>\u00a0<\/p>\n<p><strong>\u00daltimas exposiciones colectivas<\/strong><\/p>\n<p>\u00a0<\/p>\n<p>2019 \u00a0 \u00a0 \u00a0 \u00a0<em>Deformaciones.<\/em>\u00a0Galer\u00eda Artizar. Tenerife.\u00a0<\/p>\n<p>2019 \u00a0 \u00a0 \u00a0 \u00a0<em>Equivalencia II<\/em>. S\/T Espacio Cultural. Las Palmas de Gran Canaria.\u00a0<\/p>\n<p>2018 \u00a0 \u00a0 \u00a0 \u00a0<em>El azar objetivo.<\/em> TEA Tenerife Espacio de las Artes.<\/p>\n<p>2017-18 \u00a0<em>Papeles<\/em>. Galer\u00eda Bibli. Santa Cruz de Tenerife.<\/p>\n<p>2017-18\u00a0\u00a0<em>Lancelot 28\u00ba 7\u00ba<\/em>. 9\u00aa Bienal de Lanzarote. Museo Internacional de Arte Contempor\u00e1neo. Lanzarote.<\/p>\n<p>\u00a0<\/p>\n\t\t\t\t\t\t\t\t<\/div>\n\t\t\t\t<\/div>\n\t\t\t\t\t<\/div>\n\t\t<\/div>\n\t\t\t\t\t<\/div>\n\t\t<\/section>\n\t\t\t\t<\/div>\n\t\t","protected":false},"excerpt":{"rendered":"<p>Laura Mesa Tenerife, 1975 Licenciada en Bellas Artes con doble especialidad, pintura y escultura, en 1998.\u00a0Doctora Cum Laude&#8230;<\/p>\n","protected":false},"author":3,"featured_media":0,"parent":0,"menu_order":0,"comment_status":"closed","ping_status":"closed","template":"","meta":{"footnotes":""},"class_list":["post-44762","page","type-page","status-publish","hentry"],"_links":{"self":[{"href":"https:\/\/artizar.es\/en\/wp-json\/wp\/v2\/pages\/44762","targetHints":{"allow":["GET"]}}],"collection":[{"href":"https:\/\/artizar.es\/en\/wp-json\/wp\/v2\/pages"}],"about":[{"href":"https:\/\/artizar.es\/en\/wp-json\/wp\/v2\/types\/page"}],"author":[{"embeddable":true,"href":"https:\/\/artizar.es\/en\/wp-json\/wp\/v2\/users\/3"}],"replies":[{"embeddable":true,"href":"https:\/\/artizar.es\/en\/wp-json\/wp\/v2\/comments?post=44762"}],"version-history":[{"count":1,"href":"https:\/\/artizar.es\/en\/wp-json\/wp\/v2\/pages\/44762\/revisions"}],"predecessor-version":[{"id":44763,"href":"https:\/\/artizar.es\/en\/wp-json\/wp\/v2\/pages\/44762\/revisions\/44763"}],"wp:attachment":[{"href":"https:\/\/artizar.es\/en\/wp-json\/wp\/v2\/media?parent=44762"}],"curies":[{"name":"wp","href":"https:\/\/api.w.org\/{rel}","templated":true}]}}