{"id":44764,"date":"2025-12-26T18:24:50","date_gmt":"2025-12-26T18:24:50","guid":{"rendered":"https:\/\/artizar.es\/bio-luis-palmero\/"},"modified":"2025-12-26T18:24:50","modified_gmt":"2025-12-26T18:24:50","slug":"bio-luis-palmero","status":"publish","type":"page","link":"https:\/\/artizar.es\/en\/bio-luis-palmero\/","title":{"rendered":"Bio Luis Palmero"},"content":{"rendered":"\t\t<div data-elementor-type=\"wp-page\" data-elementor-id=\"44764\" class=\"elementor elementor-44764 elementor-44599\" data-elementor-settings=\"{&quot;element_pack_global_tooltip_width&quot;:{&quot;unit&quot;:&quot;px&quot;,&quot;size&quot;:&quot;&quot;,&quot;sizes&quot;:[]},&quot;element_pack_global_tooltip_width_tablet&quot;:{&quot;unit&quot;:&quot;px&quot;,&quot;size&quot;:&quot;&quot;,&quot;sizes&quot;:[]},&quot;element_pack_global_tooltip_width_mobile&quot;:{&quot;unit&quot;:&quot;px&quot;,&quot;size&quot;:&quot;&quot;,&quot;sizes&quot;:[]},&quot;element_pack_global_tooltip_padding&quot;:{&quot;unit&quot;:&quot;px&quot;,&quot;top&quot;:&quot;&quot;,&quot;right&quot;:&quot;&quot;,&quot;bottom&quot;:&quot;&quot;,&quot;left&quot;:&quot;&quot;,&quot;isLinked&quot;:true},&quot;element_pack_global_tooltip_padding_tablet&quot;:{&quot;unit&quot;:&quot;px&quot;,&quot;top&quot;:&quot;&quot;,&quot;right&quot;:&quot;&quot;,&quot;bottom&quot;:&quot;&quot;,&quot;left&quot;:&quot;&quot;,&quot;isLinked&quot;:true},&quot;element_pack_global_tooltip_padding_mobile&quot;:{&quot;unit&quot;:&quot;px&quot;,&quot;top&quot;:&quot;&quot;,&quot;right&quot;:&quot;&quot;,&quot;bottom&quot;:&quot;&quot;,&quot;left&quot;:&quot;&quot;,&quot;isLinked&quot;:true},&quot;element_pack_global_tooltip_border_radius&quot;:{&quot;unit&quot;:&quot;px&quot;,&quot;top&quot;:&quot;&quot;,&quot;right&quot;:&quot;&quot;,&quot;bottom&quot;:&quot;&quot;,&quot;left&quot;:&quot;&quot;,&quot;isLinked&quot;:true},&quot;element_pack_global_tooltip_border_radius_tablet&quot;:{&quot;unit&quot;:&quot;px&quot;,&quot;top&quot;:&quot;&quot;,&quot;right&quot;:&quot;&quot;,&quot;bottom&quot;:&quot;&quot;,&quot;left&quot;:&quot;&quot;,&quot;isLinked&quot;:true},&quot;element_pack_global_tooltip_border_radius_mobile&quot;:{&quot;unit&quot;:&quot;px&quot;,&quot;top&quot;:&quot;&quot;,&quot;right&quot;:&quot;&quot;,&quot;bottom&quot;:&quot;&quot;,&quot;left&quot;:&quot;&quot;,&quot;isLinked&quot;:true}}\" data-elementor-post-type=\"page\">\n\t\t\t\t\t\t<section class=\"elementor-section elementor-top-section elementor-element elementor-element-efcc255 elementor-section-full_width elementor-section-height-min-height elementor-section-height-default elementor-section-items-middle\" data-id=\"efcc255\" data-element_type=\"section\" data-e-type=\"section\" data-settings=\"{&quot;background_background&quot;:&quot;classic&quot;}\">\n\t\t\t\t\t\t<div class=\"elementor-container elementor-column-gap-default\">\n\t\t\t\t\t<div class=\"elementor-column elementor-col-100 elementor-top-column elementor-element elementor-element-bd957fd\" data-id=\"bd957fd\" data-element_type=\"column\" data-e-type=\"column\">\n\t\t\t<div class=\"elementor-widget-wrap elementor-element-populated\">\n\t\t\t\t\t\t<div class=\"elementor-element elementor-element-67fbce6 elementor-widget elementor-widget-heading\" data-id=\"67fbce6\" data-element_type=\"widget\" data-e-type=\"widget\" data-widget_type=\"heading.default\">\n\t\t\t\t<div class=\"elementor-widget-container\">\n\t\t\t\t\t<h2 class=\"elementor-heading-title elementor-size-default\">Luis Palmero<\/h2>\t\t\t\t<\/div>\n\t\t\t\t<\/div>\n\t\t\t\t<div class=\"elementor-element elementor-element-da61520 elementor-widget elementor-widget-heading\" data-id=\"da61520\" data-element_type=\"widget\" data-e-type=\"widget\" data-widget_type=\"heading.default\">\n\t\t\t\t<div class=\"elementor-widget-container\">\n\t\t\t\t\t<h2 class=\"elementor-heading-title elementor-size-default\">Tenerife, 1957<\/h2>\t\t\t\t<\/div>\n\t\t\t\t<\/div>\n\t\t\t\t<div class=\"elementor-element elementor-element-7860ff8 elementor-widget elementor-widget-text-editor\" data-id=\"7860ff8\" data-element_type=\"widget\" data-e-type=\"widget\" data-widget_type=\"text-editor.default\">\n\t\t\t\t<div class=\"elementor-widget-container\">\n\t\t\t\t\t\t\t\t\t<p class=\"rtejustify\"><strong>Selecci\u00f3n de exposiciones individuales<\/strong><\/p>\n<p class=\"rtejustify\">\u2022 2021 Escalas (1980-2020) TEA, Tenerife.<br \/>\u2022 2020 Galer\u00eda Artizar, La Laguna, Tenerife.<br \/>\u2022 2016 Feria Internacional de Arte ARTESANTANDER. Galer\u00eda Manuel Ojeda<br \/>\u2022 2014 Urdimbres. Galer\u00eda Manuel Ojeda, Las Palmas de Gran Canaria.<br \/>\u2022 2012 Urdimbres Espacio Salesas. Madrid<br \/>\u2022 2009 Pinturas.Galer\u00eda Magda Bellotti, Madrid.<br \/>\u2022 2008 Galer\u00eda Manuel Ojeda, Las Palmas de Gran Canaria.<br \/>\u2022 2006 Tres Sabores. Galer\u00eda Artizar, La Laguna, Tenerife.<br \/>\u2022 2005<br \/>o Indian Summer. Galer\u00eda Manuel Ojeda, Las Palmas de Gran Canaria.<br \/>o Test of time. Centro de Arte La Recova, Santa Cruz de Tenerife.<br \/>\u2022 2004 Intervenci\u00f3n en la Facultad de Veterinaria de la ULPGC.<br \/>\u2022 2003 Galer\u00eda Elvira Gonz\u00e1lez,Madrid.<br \/>\u2022 2002 Galer\u00eda Bores &amp; Mallo, C\u00e1ceres.<br \/>\u2022 2000 Centro de Arte La Regenta, Las Palmas, y Centro de Arte La Granja, Tenerife<br \/>\u2022 1997<br \/>o Galer\u00eda Manuel Ojeda (ARCO), Madrid.<br \/>o Galer\u00eda Rafael Ortiz, Sevilla.<br \/>\u2022 1996 Galer\u00eda Elba Ben\u00edtez. Madrid<br \/>\u2022 1994<br \/>o Galer\u00eda Magda Bellotti, Algeciras.<br \/>o Galer\u00eda Manuel Ojeda, Las Palmas de Gran Canaria.<br \/>o Galer\u00eda Rafael Ortiz, Sevilla.<br \/>\u2022 1993<br \/>o Galer\u00eda Manuel Ojeda, Las Palmas de Gran Canaria.<br \/>o Galer\u00eda Manuel Ojeda (ARCO), Madrid.<br \/>o Galer\u00eda Elba Ben\u00edtez, Madrid.<br \/>\u2022 1991<br \/>o Galer\u00eda Manuel Ojeda, Las Palmas de Gran Canaria.<br \/>o Galer\u00eda Artizar, La Laguna, Tenerife.<br \/>\u2022 1988 \u201cDe como estar alerta en melod\u00eda\u201d Ateneo de La Laguna, Tenerife.<br \/>\u2022 1987<br \/>o Casa de Cultura Benito P\u00e9rez Armas, Yaiza, Lanzarote.<br \/>o Modus Vivendi, Z\u00farich, Suiza.<br \/>\u2022 1984 Librer\u00eda Afroc\u00e1n, Las Palmas de Gran Canaria.<br \/>\u2022 1983 Sala de Arte y Cultura, La Laguna, Tenerife.<br \/>\u2022 1982 Galer\u00eda Leyendecker, Santa Cruz de Tenerife.<br \/>\u2022 1978 Ateneo de La Laguna, Tenerife.<\/p>\n<p>\u00a0<\/p>\n<p class=\"rtejustify\"><strong>Selecci\u00f3n de exposiciones colectivas<\/strong><\/p>\n<p class=\"rtejustify\">\u2022 2019 &#8220;De mar a mar&#8221;. Miguel Galano y Luis Palmero, Galer\u00eda Manuel Ojeda. Las Palmas de Gran Canaria.<br \/>\u2022 2018 &#8220;Navegando con Luis Palmero&#8221;. L\u00eda Ateca, Cayetana H. Cuy\u00e1s y Luis Palmero, Galer\u00eda Manuel Ojeda.<br \/>Las Palmas de Gran Canaria.<br \/>\u2022 2016 &#8220;Versos&#8221; Galer\u00eda Manuel Ojeda. Las Palmas de Gran Canaria.<br \/>\u2022 2010<br \/>o Galer\u00eda Manuel Ojeda: \u201cObject-art\u201d. Las Palmas de Gran Canaria.<br \/>o OTR. Espacio de Arte: \u201cSOLO PAPEL\u201d. Madrid.<br \/>\u2022 2009<br \/>o La dulce geometr\u00eda, Juan Manuel Bonet y Luis Palmero, Museo Internacional de Arte<br \/>Contempor\u00e1neo de Lanzarote.<br \/>o Feria Arte Santander 09, Galer\u00eda Magda Bellotti, Santander. Exposici\u00f3n Premio y Concurso Artes<br \/>Pl\u00e1sticas del Gobierno de Cantabria, Museo Jes\u00fas del Monasterio, Cantabria.<br \/>\u2022 2008<br \/>o La otra orilla. Galer\u00eda Manuel Ojeda, Las Palmas de Gran Canaria.<br \/>o Feria Internacional ART COLONGNE de Colonia, Alemania.<br \/>o 25 a\u00f1os. Galer\u00eda Magda Bellotti, Madrid. versos.<br \/>o Galer\u00eda Manuel Ojeda, Las Palmas de Gran Canaria.<br \/>\u2022 2007 ARCO 07, Madrid. Galer\u00eda ManuelOjeda.<br \/>\u2022 2006 ARCO 06, Madrid. Galer\u00eda ManuelOjeda.<br \/>\u2022 2005 ARCO 05, Madrid. Galer\u00eda ManuelOjeda.<br \/>\u2022 2004 ARCO 04, Madrid. Galer\u00eda Manuel Ojeda. Derroteros Insulares.Dakar, Senegal.<br \/>\u2022 2003<br \/>o Pensamiento y forma. Casa de la Cultura Agust\u00edn de la Ho Lanzarote.<br \/>o ARCO 03, Madrid.<br \/>o Galer\u00eda Manuel Ojeda.<br \/>\u2022 2002<br \/>o Lugares y percepciones. Galer\u00eda Manuel Ojeda, Las Palmas de Gran Canaria.<br \/>o ARCO 02, Madrid. Galer\u00eda Manuel Ojeda.<br \/>\u2022 2001<br \/>o ARCO 01, Madrid. Galer\u00eda Manuel Ojeda.<br \/>o El arte abstracto y la Galer\u00eda Denise Rene.Centro Atl\u00e1ntico de Arte Moderno, Las Palmas de<br \/>Gran Canaria.<br \/>o Esto no es una fotograf\u00eda.Centro de Fotograf\u00eda Isla de Tenerife, Santa Cruz de Tenerife.<br \/>\u2022 2000 ARCO 00, Madrid. Galer\u00eda Manuel Ojeda.<br \/>\u2022 1999<br \/>o ARCO 99, Madrid . Galer\u00eda Manuel Ojeda.<br \/>o Convergencias, divergencias.Centro Atl\u00e1ntico de Arte Moderno, Las Palmas de GranCanaria.<br \/>o La temperatura del color. Galer\u00eda Rafael Ortiz, Sevilla.<br \/>\u2022 1998<br \/>o Islas. Centro de Arte La Granja y Sala de Exposiciones La Recova, Santa Cruz de Tenerife.<br \/>o ARCO 98 (Madrid).<br \/>o Islas. Centro Andaluz de Arte Contempor\u00e1neo, Sevilla. III Bienal de miniaturas.<br \/>o El mar. Ermita del Gran Poder de Bajamar, Tenerife.<br \/>o Colecci\u00f3n Coca-Cola Espa\u00f1a, Santa Cruz de Tenerife.<br \/>\u2022 1997<br \/>o \u00daltimas tendencias. Fondos del CAAM. Centro Atl\u00e1ntico de Arte Moderno, Las Palmas de Gran<br \/>Canaria.<br \/>o Islas. Centro Atl\u00e1ntico de Arte Moderno, Las Palmas de Gran Canaria.<br \/>o Mundo, magia, memoria. Instituto de Canarias Cabrera Pinto, La Laguna, Tenerife.<br \/>\u2022 1996 Broto, Herrera, Irazu, Palmero y Sicilia. Galer\u00eda Manuel Ojeda, Las Palmas de Gran Canaria.Colecci\u00f3n<br \/>\u00abCoca-Cola Espa\u00f1a\u00bb, Santander.<br \/>\u2022 1995 Adeje pl\u00e1stica 95. Centro Cultural de Adeje, Tenerife.<br \/>\u2022 1994<br \/>o 3\u00aa Bienal Mart\u00ednez Guerricabeitia. Palau dels Scala, Valencia. \u00abEscenarios diferentes\u00bb. Centro de<br \/>Arte La Regenta, Las Palmas, y Centro de Arte La Granja, Tenerife.<br \/>o Hern\u00e1ndez Pijoan, Moreno Meyerhoff, Navarro Baldeweg, Palmero, Perejaume, P\u00e9rez Villalta,<br \/>Serra de Rivera, Solano. PAISAJES. Galer\u00eda Senda, Barcelona.<br \/>o \u00abMiniaturas\u00bb. Ermita del Gran Poder de Bajamar, Tenerife.<br \/>\u2022 1993<br \/>o J.R. Amondarain, J.M. B\u00e1ez, V. Civera, A. Corujeira, Dis Berl\u00edn, A. Guache, L. Palmero, A. Rojas, J.<br \/>Usle,<br \/>Z. V\u00e1zquez: \u201cSue\u00f1os geom\u00e9tricos\u201d. Arteleku, San Sebasti\u00e1n y Galer\u00eda Elba Ben\u00edtez, Madrid.<br \/>o V Bienal de Pintura. Iglesia de San Esteban, Murcia.<br \/>o Galer\u00eda Nacional de Praga, C\u00e1ceres.<br \/>o Dis Berlin, Cabot, Civera, Guzm\u00e1n, Herrera, Moraza, Palmero, Paneque, Rojas, Romero, Ruiz: \u00abDesde<br \/>Occidente\u00bb (70 a\u00f1os de Revista de Occidente). C\u00edrculo de Bellas Artes de Madrid.<br \/>\u2022 1992<br \/>o La C\u00e1mara en Artizar. Estudio Artizar, La Laguna, Tenerife.<br \/>o Cubierta del libro Fuego blanco, de Andr\u00e9s Robayna, Biblioteca Ambit, Barcelona.<br \/>o Suplemento del diario La Gaceta de Canarias, La Laguna, Tenerife.<br \/>\u2022 1989 Alem\u00e1n, Herrera, Matallana, Palmero. Espacio La C\u00e1mara, La Laguna, Tenerife.<br \/>\u2022 1988<br \/>o Herrera, Palmero, Tay\u00f3. (Confluencias: Syntaxis). Casa de la Cultura Benito P\u00e9rez Armas, Yaiza,<br \/>Lanzarote.<br \/>o \u00abIneludible encuentro\u00bb. Sala San Antonio Abad, Las Palmas de Gran Canaria.<br \/>o Ilustra con dibujos el n\u00famero 88de la Revista de occidente.<br \/>\u2022 1987<br \/>o Carlos Matallana, Adri\u00e1n Alem\u00e1n, Jos\u00e9 Luis Navarro, Jos\u00e9 Herrera y Luis Palmero. Colegio de Arquitectos<br \/>de Tenerife.<br \/>o Cubierta del n\u00famero 12-13 de la revista Syntaxis, Tenerife.<br \/>o Ilustraci\u00f3n de portada del libro \u201cDiario de un sol de verano\u201d, de D. L\u00f3pez Torres, Instituto de Estudios<br \/>Canarios, Universidad de la Laguna.<br \/>o Cubierta de libro \u201cEstrategia Neobarroca\u201d, de Gustavo Guerrero, Llibres del Mall, Barcelona.<br \/>\u2022 1986<br \/>o Herrera y Palmero. El Almac\u00e9n, Lanzarote.<br \/>o Ilustraci\u00f3n de portada del libro \u201cComposiciones\u201d de Juan Gelman, Llibres del Mall, Barcelona.<br \/>\u2022 1985<br \/>o Archipi\u00e9lago. Colegio de Arquitectos de Tenerife.<br \/>o Archipi\u00e9lago. Casa de Col\u00f3n, Las Palmas de Gran Canaria.<br \/>o Herrera y Palmero. C\u00edrculo de Bellas Artes, Tenerife.<br \/>o L\u00edmites de expresi\u00f3n pl\u00e1stica en Canarias. Colegio de Arquitectos de Tenerife.<br \/>o Visiones Atl\u00e1nticas. Instituto Espa\u00f1ol de Cultura, Viena.<br \/>\u2022 1984 Herrera, Medina Mesa y Palmero. Sala Arte y Cultura, Puerto de la Cruz, Tenerife. \u00abDual\u00bb (Herrera y<br \/>Palmero). Ateneo de La Laguna, Tenerife.<br \/>\u2022 1983<br \/>o ARCO 83 (Madrid).<br \/>o D\u00edaz Padilla, Gil, Zapf, Medina Mesa, Valc\u00e1rcel, Palmero y Emperador. Galer\u00eda Leyendecker, Santa Cruz<br \/>de Tenerife.<br \/>o D\u00edaz Padilla, Gil, Zapf, Valc\u00e1rcel y Palmero. Museo Municipal, Santa Cruz de Tenerife.<br \/>\u2022 1982<br \/>o ARCO 82 (Madrid).<br \/>o Ilustraci\u00f3n del libro \u201cCiudad de colibr\u00ed\u201d de Arturo Carrera, y \u201cDisparos en el Para\u00edso\u201d de Jos\u00e9 Carlos Cata\u00f1o<br \/>\u2022 1981<br \/>o Medina Mesa, Aznar, Palmero. Galer\u00eda Leyendecker, Santa Cruz de Tenerife.<br \/>o Vanguardia Canaria. Parque Cultural Viera y Clavijo, Santa Cruz de Tenerife.<\/p>\n<p>\u00a0<\/p>\n<p class=\"rtejustify\"><strong>Selecci\u00f3n de obras en colecciones p\u00fablicas<\/strong><\/p>\n<p class=\"rtejustify\">\u2022 Colecci\u00f3n, CajaCanarias, Tenerife.<br \/>\u2022 Fondos de Arte Contempor\u00e1neo de la Consejer\u00eda de Educaci\u00f3n y Cultural del Gobierno de Canarias.<br \/>\u2022 Museo Nacional Centro de Arte Reina Sof\u00eda, Madrid.<br \/>\u2022 Colecci\u00f3n, Deutsche Bank, Madrid.<br \/>\u2022 Fondos de Arte Contempor\u00e1neo de la Consejer\u00eda de Cultura y Educaci\u00f3n del Gobierno de Murcia.<br \/>\u2022 Colecci\u00f3n de Arte Contempor\u00e1neo de la Fundaci\u00f3n Coca-Cola, Espa\u00f1a.<br \/>\u2022 Colecci\u00f3n de Arte del Ayuntamiento de Pamplona.<br \/>\u2022 Instituto Valenciano de Arte Moderno (IVAM), Valencia.<br \/>\u2022 Centro Atl\u00e1ntico de Arte Moderno (CAAM), Las Palmas de Gran Canaria.<br \/>\u2022 Colecci\u00f3n,Banco de Espa\u00f1a, Madrid.<br \/>\u2022 Colecci\u00f3n,Fenosa, Madrid.<br \/>\u2022 Colecci\u00f3n,CajaMadrid, Madrid.<br \/>\u2022 Colecci\u00f3n,Testimonio, La Caixa.<\/p>\n\t\t\t\t\t\t\t\t<\/div>\n\t\t\t\t<\/div>\n\t\t\t\t\t<\/div>\n\t\t<\/div>\n\t\t\t\t\t<\/div>\n\t\t<\/section>\n\t\t\t\t<\/div>\n\t\t","protected":false},"excerpt":{"rendered":"<p>Luis Palmero Tenerife, 1957 Selecci\u00f3n de exposiciones individuales \u2022 2021 Escalas (1980-2020) TEA, Tenerife.\u2022 2020 Galer\u00eda Artizar, La&#8230;<\/p>\n","protected":false},"author":3,"featured_media":0,"parent":0,"menu_order":0,"comment_status":"closed","ping_status":"closed","template":"","meta":{"footnotes":""},"class_list":["post-44764","page","type-page","status-publish","hentry"],"_links":{"self":[{"href":"https:\/\/artizar.es\/en\/wp-json\/wp\/v2\/pages\/44764","targetHints":{"allow":["GET"]}}],"collection":[{"href":"https:\/\/artizar.es\/en\/wp-json\/wp\/v2\/pages"}],"about":[{"href":"https:\/\/artizar.es\/en\/wp-json\/wp\/v2\/types\/page"}],"author":[{"embeddable":true,"href":"https:\/\/artizar.es\/en\/wp-json\/wp\/v2\/users\/3"}],"replies":[{"embeddable":true,"href":"https:\/\/artizar.es\/en\/wp-json\/wp\/v2\/comments?post=44764"}],"version-history":[{"count":1,"href":"https:\/\/artizar.es\/en\/wp-json\/wp\/v2\/pages\/44764\/revisions"}],"predecessor-version":[{"id":44765,"href":"https:\/\/artizar.es\/en\/wp-json\/wp\/v2\/pages\/44764\/revisions\/44765"}],"wp:attachment":[{"href":"https:\/\/artizar.es\/en\/wp-json\/wp\/v2\/media?parent=44764"}],"curies":[{"name":"wp","href":"https:\/\/api.w.org\/{rel}","templated":true}]}}