{"id":44766,"date":"2025-12-26T18:25:16","date_gmt":"2025-12-26T18:25:16","guid":{"rendered":"https:\/\/artizar.es\/bio-luna-bengoechea\/"},"modified":"2025-12-26T18:25:16","modified_gmt":"2025-12-26T18:25:16","slug":"bio-luna-bengoechea","status":"publish","type":"page","link":"https:\/\/artizar.es\/en\/bio-luna-bengoechea\/","title":{"rendered":"Bio Luna Bengoechea"},"content":{"rendered":"\t\t<div data-elementor-type=\"wp-page\" data-elementor-id=\"44766\" class=\"elementor elementor-44766 elementor-44435\" data-elementor-settings=\"{&quot;element_pack_global_tooltip_width&quot;:{&quot;unit&quot;:&quot;px&quot;,&quot;size&quot;:&quot;&quot;,&quot;sizes&quot;:[]},&quot;element_pack_global_tooltip_width_tablet&quot;:{&quot;unit&quot;:&quot;px&quot;,&quot;size&quot;:&quot;&quot;,&quot;sizes&quot;:[]},&quot;element_pack_global_tooltip_width_mobile&quot;:{&quot;unit&quot;:&quot;px&quot;,&quot;size&quot;:&quot;&quot;,&quot;sizes&quot;:[]},&quot;element_pack_global_tooltip_padding&quot;:{&quot;unit&quot;:&quot;px&quot;,&quot;top&quot;:&quot;&quot;,&quot;right&quot;:&quot;&quot;,&quot;bottom&quot;:&quot;&quot;,&quot;left&quot;:&quot;&quot;,&quot;isLinked&quot;:true},&quot;element_pack_global_tooltip_padding_tablet&quot;:{&quot;unit&quot;:&quot;px&quot;,&quot;top&quot;:&quot;&quot;,&quot;right&quot;:&quot;&quot;,&quot;bottom&quot;:&quot;&quot;,&quot;left&quot;:&quot;&quot;,&quot;isLinked&quot;:true},&quot;element_pack_global_tooltip_padding_mobile&quot;:{&quot;unit&quot;:&quot;px&quot;,&quot;top&quot;:&quot;&quot;,&quot;right&quot;:&quot;&quot;,&quot;bottom&quot;:&quot;&quot;,&quot;left&quot;:&quot;&quot;,&quot;isLinked&quot;:true},&quot;element_pack_global_tooltip_border_radius&quot;:{&quot;unit&quot;:&quot;px&quot;,&quot;top&quot;:&quot;&quot;,&quot;right&quot;:&quot;&quot;,&quot;bottom&quot;:&quot;&quot;,&quot;left&quot;:&quot;&quot;,&quot;isLinked&quot;:true},&quot;element_pack_global_tooltip_border_radius_tablet&quot;:{&quot;unit&quot;:&quot;px&quot;,&quot;top&quot;:&quot;&quot;,&quot;right&quot;:&quot;&quot;,&quot;bottom&quot;:&quot;&quot;,&quot;left&quot;:&quot;&quot;,&quot;isLinked&quot;:true},&quot;element_pack_global_tooltip_border_radius_mobile&quot;:{&quot;unit&quot;:&quot;px&quot;,&quot;top&quot;:&quot;&quot;,&quot;right&quot;:&quot;&quot;,&quot;bottom&quot;:&quot;&quot;,&quot;left&quot;:&quot;&quot;,&quot;isLinked&quot;:true}}\" data-elementor-post-type=\"page\">\n\t\t\t\t\t\t<section class=\"elementor-section elementor-top-section elementor-element elementor-element-2a82e0d elementor-section-full_width elementor-section-height-min-height elementor-section-height-default elementor-section-items-middle\" data-id=\"2a82e0d\" data-element_type=\"section\" data-e-type=\"section\" data-settings=\"{&quot;background_background&quot;:&quot;classic&quot;}\">\n\t\t\t\t\t\t<div class=\"elementor-container elementor-column-gap-default\">\n\t\t\t\t\t<div class=\"elementor-column elementor-col-100 elementor-top-column elementor-element elementor-element-2c64961\" data-id=\"2c64961\" data-element_type=\"column\" data-e-type=\"column\">\n\t\t\t<div class=\"elementor-widget-wrap elementor-element-populated\">\n\t\t\t\t\t\t<div class=\"elementor-element elementor-element-b394d56 elementor-widget elementor-widget-heading\" data-id=\"b394d56\" data-element_type=\"widget\" data-e-type=\"widget\" data-widget_type=\"heading.default\">\n\t\t\t\t<div class=\"elementor-widget-container\">\n\t\t\t\t\t<h2 class=\"elementor-heading-title elementor-size-default\">LUNA BENGOECHEA<\/h2>\t\t\t\t<\/div>\n\t\t\t\t<\/div>\n\t\t\t\t<div class=\"elementor-element elementor-element-9cc4980 elementor-widget elementor-widget-heading\" data-id=\"9cc4980\" data-element_type=\"widget\" data-e-type=\"widget\" data-widget_type=\"heading.default\">\n\t\t\t\t<div class=\"elementor-widget-container\">\n\t\t\t\t\t<h2 class=\"elementor-heading-title elementor-size-default\">Gran Canaria, 1984\u200b<\/h2>\t\t\t\t<\/div>\n\t\t\t\t<\/div>\n\t\t\t\t<div class=\"elementor-element elementor-element-93c7857 elementor-widget elementor-widget-text-editor\" data-id=\"93c7857\" data-element_type=\"widget\" data-e-type=\"widget\" data-widget_type=\"text-editor.default\">\n\t\t\t\t<div class=\"elementor-widget-container\">\n\t\t\t\t\t\t\t\t\t<p>FORMACI\u00d3N<\/p>\n<p><strong>2013<\/strong> Painting Short Course, Chelsea College of Art, Londres, Reino Unido<\/p>\n<p><strong>2012<\/strong> M\u00e1ster en Producci\u00f3n Art\u00edstica, Universidad Polit\u00e9cnica, Valencia, Espa\u00f1a<\/p>\n<p><strong>2008<\/strong> Licenciada en Bellas Artes, Universidad de La Laguna, Tenerife, Espa\u00f1a<\/p>\n<p>EXPOSICIONES INDIVIDUALES<\/p>\n<p><strong>2022<\/strong> Proyecto Salinas, Galer\u00eda Luc\u00eda Mendoza, Madrid, Espa\u00f1a<\/p>\n<p>Holy Sugar, Centro Atl\u00e1ntico Moderno CAAM, Las Palmas de Gran Canaria, Espa\u00f1a<\/p>\n<p><strong>2021<\/strong> Luna Bengoechea, El Zulo, Las Palmas, Espa\u00f1a<\/p>\n<p><strong>2020<\/strong> A cu\u00e1nto est\u00e1 la libra, Fundaci\u00f3n Francis Naranjo, Las Palmas de Gran Canaria, Espa\u00f1a<\/p>\n<p><strong>2019<\/strong> Hyper Natura, Galer\u00eda Luc\u00eda Mendoza, Madrid, Espa\u00f1a<\/p>\n<p>Flavor, Centro de Innovaci\u00f3n Cultural El Almac\u00e9n, Lanzarote, Espa\u00f1a<\/p>\n<p><strong>2018<\/strong> Metten is Wetten, De Fabriek, Eindhoven, Pa\u00edses Bajos<\/p>\n<p><strong>2017<\/strong> Novus Ordo Seclorum, Centro Atl\u00e1ntico de Arte Moderno, Las Palmas de Gran Canaria, Espa\u00f1a<\/p>\n<p>Requiem, Galer\u00eda Saro Le\u00f3n, Las Palmas de Gran Canaria, Espa\u00f1a<\/p>\n<p><strong>2016<\/strong> It\u2019s Alive, Sala de Arte Contempor\u00e1neo de Tenerife, Tenerife, Espa\u00f1a<\/p>\n<p><strong>2014<\/strong> A cu\u00e1nto est\u00e1 la libra, Sorojchi Tambo, La Paz, Bolivia<\/p>\n<p><strong>2013 <\/strong>Naturaleza Muerta por Asfixia, Fundaci\u00f3n Mapfre Guanarteme, Gran Canaria, Espa\u00f1a<\/p>\n<p>EXPOSICIONES COLECTIVAS<\/p>\n<p><strong>2023<\/strong> Mycelium. La naturaleza es lo que est\u00e1 dentro y fuera, Galer\u00eda Artizar, Santa Cruz de Tenerife, Espa\u00f1a.<\/p>\n<p>El valor de la sal, Lo Pati, Red de Centros de Artes Visuales de Catalu\u00f1a. Comisario Juan<\/p>\n<p>Guardiola<\/p>\n<p><strong>2022<\/strong> Pan y Circo, Centro Cultural Conde Duque, Madrid. Comisariada por Alicia Ventura<\/p>\n<p>Con los pies en la Tierra, Centro Atl\u00e1ntico de Arte Moderno, CAAM. Comisariada por Blanca de la Torre y Zoran Eric<\/p>\n<p>Fabular un Mundo Diferente, Centro Cultural de Espa\u00f1a en Maputo, Mozambique. Comisariada por Blanca de la Torre<\/p>\n<p>Fabular un Mundo Diferente, Centro Cultural de Espa\u00f1a en Montevideo, Uruguay. Comisariada por Blanca de la Torre<\/p>\n<p><strong>2021 <\/strong>Fabular un Mundo Diferente, Centro Cultural de Espa\u00f1a en Lima, AECID. Comisariada por Blanca de la Torre<\/p>\n<p>Desorden (Entrop\u00eda), Galer\u00eda Luc\u00eda Mendoza, Madrid, Espa\u00f1a<\/p>\n<p>Overview Effect, MOCAB, Belgrado, Serbia<\/p>\n<p>IN\/OUT, CAAM, Centro Atl\u00e1ntico de Arte Moderno<\/p>\n<p><strong>2020<\/strong> M\u00c1S, M\u00c1S, M\u00c1S &#8211; DKV Queremos M\u00e1s Arte. Comisariada por Rosal\u00eda Banet.<\/p>\n<p>LO QUE NO VES &#8211; DKV Queremos M\u00e1s Arte. Comisariada por Rodrigo Carre\u00f1o.<\/p>\n<p>In\u00e9ditos 2020. La Casa Encendida. Comisariada por Nuria Montcl\u00fas. Madrid.<\/p>\n<p>A L G O Q U E D E C I R, Galer\u00eda Luc\u00eda Mendoza, Madrid, Espa\u00f1a<\/p>\n<p>La Cosa del Pantano: cr\u00edtica(s) y po\u00e9tica(s) desde la aberraci\u00f3n, La Casa Encendida, Madrid, Espa\u00f1a<\/p>\n<p><strong>2019<\/strong> No news, good news, Centro Atl\u00e1ntico de Arte Moderno CAAM, Las Palmas, Espa\u00f1a<\/p>\n<p>No news, good news, Centro de Arte Cabrera Pinto, Tenerife, Espa\u00f1a<\/p>\n<p><strong>2018<\/strong> Biotop\u00edas, comisariada por PSJM, Gabinete Literario, Las Palmas de Gran Canaria, Espa\u00f1a<\/p>\n<p>Beyond the Wall, CAM, Art Pace Museum, San Antonio, Texas, EEUU<\/p>\n<p>En medio de su orgullo, comisariada por Adonay Berm\u00fadez, Sala Cabrera Pinto, La Laguna, Tenerife, Espa\u00f1a<\/p>\n<p>Lava Circular, Sala de Exposiciones El Cabildo, El Hierro, Espa\u00f1a<\/p>\n<p>In Money We trust, FAC, Madrid, Espa\u00f1a<\/p>\n<p>Lo digerido, comisariada por Dalia de la Rosa, Espacio D\u00f6rffi, Lanzarote, Espa\u00f1a<\/p>\n<p><strong>2017<\/strong> +F Artistas post-conceptuales en Canarias 2000-2017, Centro Atl\u00e1ntico Moderno CAAM, Las Palmas de Gran Canaria, Espa\u00f1a<\/p>\n<p>Hybris, comisariada por Blanca de la Torre, Museo de Arte Contempor\u00e1neo de Castilla y Le\u00f3n, Le\u00f3n, Espa\u00f1a<\/p>\n<p>P\u00e1ginas en construcci\u00f3n, comisariada por Pepe Murciego, Casa de la Cultura de San Lorenzo de El Escorial, Madrid, Espa\u00f1a<\/p>\n<p>Espacios de arte, Colecci\u00f3n Fundaci\u00f3n MAPFRE Guanarteme, Las Palmas de Gran Canaria, Espa\u00f1a<\/p>\n<p><strong>2016<\/strong> Mural homenaje a Mara Gonz\u00e1lez, Jornadas de Arte y Participaci\u00f3n Ciudadana de Las Palmas, comisariado por PSJM, Las Palmas de Gran Canaria, Espa\u00f1a<\/p>\n<p><strong>2015<\/strong> Para\u00edso alternativo, comisariada por Adonay Berm\u00fadez, Convento de Santo Domingo, Lanzarote, Espa\u00f1a<\/p>\n<p>Turismo Ef\u00edmero: el di\u00e1logo Iberoamericano, comisariada por Adonay Berm\u00fadez, EL TANQUE, Tenerife, Espa\u00f1a<\/p>\n<p>Fotonoviembre, Tenerife Espacio de las Artes, Tenerife, Espa\u00f1a<\/p>\n<p>Summer Exhibition, C\u00edrculo de Bellas Artes, Tenerife, Espa\u00f1a<\/p>\n<p><strong>2014<\/strong> ASPHYXIA, Hardy Tree Gallery, comisariada por Adonay Berm\u00fadez, Londres, Reino Unido<\/p>\n<p>Breaking News, Galer\u00eda Manuel Ojeda, Gran Canaria, Espa\u00f1a<\/p>\n<p>Embajada de Espa\u00f1a en La Habana, Cuba<\/p>\n<p><strong>2013<\/strong> November Moustache, The Vyner Studio Gallery, Londres, Reino Unido<\/p>\n<p>October First Thursday 2013, The Vyner Studio Gallery, Londres, Reino Unido<\/p>\n<p>Portraits of the Outermost Regions, Comit\u00e9 Econ\u00f3mico Europeo, Bruselas, B\u00e9lgica<\/p>\n<p>X Bienal de Pintura de Padru, Isole, Cerde\u00f1a, Italia<\/p>\n<p>FERIAS DE ARTE<\/p>\n<p><strong>2022 <\/strong>ENTER Art Fair, Galer\u00eda Luc\u00eda Mendoza, Copenhague, Dinamarca<\/p>\n<p>Estampa, Galer\u00eda Luc\u00eda Mendoza, Madrid, Espa\u00f1a<\/p>\n<p><strong>2021<\/strong> Estampa, Galer\u00eda Luc\u00eda Mendoza, Madrid, Espa\u00f1a<\/p>\n<p>ENTER Art Fair, Galer\u00eda Luc\u00eda Mendoza, Copenhague, Dinamarca<\/p>\n<p><strong>2020<\/strong> Enter Art Fair, Galer\u00eda Luc\u00eda Mendoza, Copenhague, Dinamarca<\/p>\n<p>Drawing Room, Galer\u00eda Luc\u00eda Mendoza, Madrid, Espa\u00f1a<\/p>\n<p>Estampa, Galer\u00eda Luc\u00eda Mendoza, Madrid, Espa\u00f1a<\/p>\n<p>PINTA Miami, Galer\u00eda Luc\u00eda Mendoza, Miami, EEUU<\/p>\n<p><strong>2018<\/strong> Estampa, Galer\u00eda Luc\u00eda Mendoza, Madrid, Espa\u00f1a<\/p>\n<p><strong>2015<\/strong> YAT, Young Art Taipei, Galer\u00eda Saro Le\u00f3n, Taipei, Taiw\u00e1n<\/p>\n<p><strong>2014<\/strong> ATRIUM 14, Fundaci\u00f3n MAPFRE Guanarteme, Gran Canaria, Espa\u00f1a<\/p>\n<p><strong>2013<\/strong> El Charco Art F.A.C.E, Feria de Arte Canario Emergente, Lanzarote, Espa\u00f1a<\/p>\n<p><strong>2012<\/strong> Room Art Fair#2, Feria de Arte Emergente, Galer\u00eda Mr.Pink, Madrid, Espa\u00f1a<\/p>\n<p>SELECTA 2012, Galer\u00eda Kessler-Battaglia, Valencia, Espa\u00f1a<\/p>\n<p>OBRAS EN COLECCIONES<\/p>\n<p>Colecci\u00f3n CA2M, Madrid, Espa\u00f1a<\/p>\n<p>Universidad de Las Palmas de Gran Canaria, Gran Canaria, Espa\u00f1a<\/p>\n<p>Colecci\u00f3n Centro Atl\u00e1ntico de Arte Moderno CAAM, Gran Canaria, Espa\u00f1a<\/p>\n<p>Colecci\u00f3n Privada Alfredo Cabrera, Gran Canaria, Espa\u00f1a<\/p>\n<p>Colecci\u00f3n Privada Blanco-Soler, Madrid, Espa\u00f1a<\/p>\n<p>Fundaci\u00f3n Mapfre Guanarteme, Gran Canaria, Espa\u00f1a<\/p>\n<p>Ayuntamiento de Teror, Gran Canaria, Espa\u00f1a<\/p>\n<p>Ayuntamiento de Telde, Gran Canaria, Espa\u00f1a<\/p>\n<p>Ayuntamiento de Mog\u00e1n, Gran Canaria, Espa\u00f1a<\/p>\n<p>Colecci\u00f3n Privada Thomas Geerlings, \u00c1msterdam, Pa\u00edses Bajos<\/p>\n<p>PREMIOS Y RECONOCIMIENTOS<\/p>\n<p><strong>2019<\/strong> Premio Nuevo Talento Drawing Room, Madrid, Espa\u00f1a<\/p>\n<p>Premio al Proyecto de Investigaci\u00f3n y Creaci\u00f3n Art\u00edstica C\u00e9sar Manrique, Gob. Canarias<\/p>\n<p><strong>2018<\/strong> Residencia art\u00edstica en De Fabriek, Fundaci\u00f3n Mondriaan, Amsterdam, Pa\u00edses Bajos<\/p>\n<p><strong>2017<\/strong> Residencia art\u00edstica, Centro Atl\u00e1ntico de Arte Moderno \u2013 CAAM, Espa\u00f1a<\/p>\n<p>Residencia art\u00edstica Al Jallo, Espacio D\u00f6rffi, Lanzarote, Espa\u00f1a<\/p>\n<p>Encontro de Artistas Novos, Cidade da cultura, Santiago de Compostela, Espa\u00f1a<\/p>\n<p><strong>2016<\/strong> CANARIAS CREA, Proyecto Hybris en el MUSAC, Le\u00f3n, Espa\u00f1a<\/p>\n<p><strong>2015<\/strong> CAAM, Promoci\u00f3n art\u00edstica en el exterior, Centro Atl\u00e1ntico de Arte Moderno, Gran Canaria<\/p>\n<p>Residencia art\u00edstica en No Lugar, Quito, Ecuador<\/p>\n<p><strong>2014<\/strong> Residencia art\u00edstica en Sorojchi Tambo, La Paz, Bolivia<\/p>\n<p>Residencia en Centro de Arte La Regenta, Gran Canaria, Espa\u00f1a<\/p>\n<p><strong>2014<\/strong> Residencia art\u00edstica en The Vyner Studio Gallery, Londres, Reino Unido<\/p>\n\t\t\t\t\t\t\t\t<\/div>\n\t\t\t\t<\/div>\n\t\t\t\t\t<\/div>\n\t\t<\/div>\n\t\t\t\t\t<\/div>\n\t\t<\/section>\n\t\t\t\t<\/div>\n\t\t","protected":false},"excerpt":{"rendered":"<p>LUNA BENGOECHEA Gran Canaria, 1984\u200b FORMACI\u00d3N 2013 Painting Short Course, Chelsea College of Art, Londres, Reino Unido 2012&#8230;<\/p>\n","protected":false},"author":3,"featured_media":0,"parent":0,"menu_order":0,"comment_status":"closed","ping_status":"closed","template":"","meta":{"footnotes":""},"class_list":["post-44766","page","type-page","status-publish","hentry"],"_links":{"self":[{"href":"https:\/\/artizar.es\/en\/wp-json\/wp\/v2\/pages\/44766","targetHints":{"allow":["GET"]}}],"collection":[{"href":"https:\/\/artizar.es\/en\/wp-json\/wp\/v2\/pages"}],"about":[{"href":"https:\/\/artizar.es\/en\/wp-json\/wp\/v2\/types\/page"}],"author":[{"embeddable":true,"href":"https:\/\/artizar.es\/en\/wp-json\/wp\/v2\/users\/3"}],"replies":[{"embeddable":true,"href":"https:\/\/artizar.es\/en\/wp-json\/wp\/v2\/comments?post=44766"}],"version-history":[{"count":1,"href":"https:\/\/artizar.es\/en\/wp-json\/wp\/v2\/pages\/44766\/revisions"}],"predecessor-version":[{"id":44767,"href":"https:\/\/artizar.es\/en\/wp-json\/wp\/v2\/pages\/44766\/revisions\/44767"}],"wp:attachment":[{"href":"https:\/\/artizar.es\/en\/wp-json\/wp\/v2\/media?parent=44766"}],"curies":[{"name":"wp","href":"https:\/\/api.w.org\/{rel}","templated":true}]}}