{"id":44768,"date":"2025-12-26T18:26:06","date_gmt":"2025-12-26T18:26:06","guid":{"rendered":"https:\/\/artizar.es\/bio-manuel-mendive\/"},"modified":"2025-12-26T18:26:06","modified_gmt":"2025-12-26T18:26:06","slug":"bio-manuel-mendive","status":"publish","type":"page","link":"https:\/\/artizar.es\/en\/bio-manuel-mendive\/","title":{"rendered":"Bio Manuel Mendive"},"content":{"rendered":"\t\t<div data-elementor-type=\"wp-page\" data-elementor-id=\"44768\" class=\"elementor elementor-44768 elementor-44657\" data-elementor-settings=\"{&quot;element_pack_global_tooltip_width&quot;:{&quot;unit&quot;:&quot;px&quot;,&quot;size&quot;:&quot;&quot;,&quot;sizes&quot;:[]},&quot;element_pack_global_tooltip_width_tablet&quot;:{&quot;unit&quot;:&quot;px&quot;,&quot;size&quot;:&quot;&quot;,&quot;sizes&quot;:[]},&quot;element_pack_global_tooltip_width_mobile&quot;:{&quot;unit&quot;:&quot;px&quot;,&quot;size&quot;:&quot;&quot;,&quot;sizes&quot;:[]},&quot;element_pack_global_tooltip_padding&quot;:{&quot;unit&quot;:&quot;px&quot;,&quot;top&quot;:&quot;&quot;,&quot;right&quot;:&quot;&quot;,&quot;bottom&quot;:&quot;&quot;,&quot;left&quot;:&quot;&quot;,&quot;isLinked&quot;:true},&quot;element_pack_global_tooltip_padding_tablet&quot;:{&quot;unit&quot;:&quot;px&quot;,&quot;top&quot;:&quot;&quot;,&quot;right&quot;:&quot;&quot;,&quot;bottom&quot;:&quot;&quot;,&quot;left&quot;:&quot;&quot;,&quot;isLinked&quot;:true},&quot;element_pack_global_tooltip_padding_mobile&quot;:{&quot;unit&quot;:&quot;px&quot;,&quot;top&quot;:&quot;&quot;,&quot;right&quot;:&quot;&quot;,&quot;bottom&quot;:&quot;&quot;,&quot;left&quot;:&quot;&quot;,&quot;isLinked&quot;:true},&quot;element_pack_global_tooltip_border_radius&quot;:{&quot;unit&quot;:&quot;px&quot;,&quot;top&quot;:&quot;&quot;,&quot;right&quot;:&quot;&quot;,&quot;bottom&quot;:&quot;&quot;,&quot;left&quot;:&quot;&quot;,&quot;isLinked&quot;:true},&quot;element_pack_global_tooltip_border_radius_tablet&quot;:{&quot;unit&quot;:&quot;px&quot;,&quot;top&quot;:&quot;&quot;,&quot;right&quot;:&quot;&quot;,&quot;bottom&quot;:&quot;&quot;,&quot;left&quot;:&quot;&quot;,&quot;isLinked&quot;:true},&quot;element_pack_global_tooltip_border_radius_mobile&quot;:{&quot;unit&quot;:&quot;px&quot;,&quot;top&quot;:&quot;&quot;,&quot;right&quot;:&quot;&quot;,&quot;bottom&quot;:&quot;&quot;,&quot;left&quot;:&quot;&quot;,&quot;isLinked&quot;:true}}\" data-elementor-post-type=\"page\">\n\t\t\t\t\t\t<section class=\"elementor-section elementor-top-section elementor-element elementor-element-32bcf06 elementor-section-full_width elementor-section-height-min-height elementor-section-height-default elementor-section-items-middle\" data-id=\"32bcf06\" data-element_type=\"section\" data-e-type=\"section\" data-settings=\"{&quot;background_background&quot;:&quot;classic&quot;}\">\n\t\t\t\t\t\t<div class=\"elementor-container elementor-column-gap-default\">\n\t\t\t\t\t<div class=\"elementor-column elementor-col-100 elementor-top-column elementor-element elementor-element-b0ce698\" data-id=\"b0ce698\" data-element_type=\"column\" data-e-type=\"column\">\n\t\t\t<div class=\"elementor-widget-wrap elementor-element-populated\">\n\t\t\t\t\t\t<div class=\"elementor-element elementor-element-2dfb5f5 elementor-widget elementor-widget-heading\" data-id=\"2dfb5f5\" data-element_type=\"widget\" data-e-type=\"widget\" data-widget_type=\"heading.default\">\n\t\t\t\t<div class=\"elementor-widget-container\">\n\t\t\t\t\t<h2 class=\"elementor-heading-title elementor-size-default\">Manuel Mendive<\/h2>\t\t\t\t<\/div>\n\t\t\t\t<\/div>\n\t\t\t\t<div class=\"elementor-element elementor-element-9ad0cc0 elementor-widget elementor-widget-heading\" data-id=\"9ad0cc0\" data-element_type=\"widget\" data-e-type=\"widget\" data-widget_type=\"heading.default\">\n\t\t\t\t<div class=\"elementor-widget-container\">\n\t\t\t\t\t<h2 class=\"elementor-heading-title elementor-size-default\">Havana, 1944<\/h2>\t\t\t\t<\/div>\n\t\t\t\t<\/div>\n\t\t\t\t<div class=\"elementor-element elementor-element-83615a6 elementor-widget elementor-widget-text-editor\" data-id=\"83615a6\" data-element_type=\"widget\" data-e-type=\"widget\" data-widget_type=\"text-editor.default\">\n\t\t\t\t<div class=\"elementor-widget-container\">\n\t\t\t\t\t\t\t\t\t<p><strong>Exposiciones personales (Selecci\u00f3n):<\/strong><\/p>\n<p>2015 \u2013 \u00abEnerg\u00edas para el amor y la bondad\u00bb, Galer\u00eda V\u00edctor Manuel, La Habana, Cuba. 2014 \u2013 \u00abPeque\u00f1as fugas\u00bb Galer\u00eda Artizar, La Laguna, Tenerife. 2012 \u2013 \u00abLa foresta m\u00e1gica\u00bb Galer\u00eda Artizar, La Laguna, Tenerife.\u00a02010 \u2013 \u201cLa luz y las tinieblas\u201d Museo Jos\u00e9 Luis Cuevas. M\u00e9xico\u00a0\u2013 \u201cConversando con la naturaleza\u201d Galer\u00eda Artizar, Tenerife. Espa\u00f1a.\u00a02008 \u2013 Exposici\u00f3n \u00a8El color blanco, el azul, el verde y el color de mi piel\u00a8, Museo de Antropolog\u00eda e Historia de M\u00e9rida, Yucat\u00e1n, M\u00e9xico. 2005 \u2013 Exposici\u00f3n Alimentar el Esp\u00edritu, la Luz, los Ancestros, Oludumare, lo m\u00e1s hermoso, Gary Nader Gallery, Coral Gables, USA, (5 de Marzo). \u2013 Serie \u00a8Madre \u00fffrica\u00a8, Jornada de la Cultura Africana, Galer\u00eda \u00a8Casa de la Cultura de Angola\u00a8, La Habana, Cuba. 2004 \u2013 Exposici\u00f3n de Arte Cubano Moderno, Atenas, Grecia. 2003 \u2013 Los Ancestros, orisha, la naturaleza y el pensamiento, Museo de las Am\u00e9ricas, San Juan, Puerto Rico. \u2013 Social, intelectual y chic, Biarritz, Francia. 2002 \u2013 Las Aguas, lo cotidiano y el pensamiento, Museo Nacional de Bellas Artes, La Habana, Cuba. \u2013 Shang\u00f3 y la Vida, Sala de Exposiciones La Recova, Santa Cruz de Tenerife, Islas Canarias, Espa\u00f1a. 2001 \u2013 Shang\u00f3 y la Vida, Centro de Cultura Sa Nostra, Palma de Mallorca; Centro Cultural Capitol, C\u00e1ceres, Espa\u00f1a. \u2013 Santa B\u00e1rbara-Shang\u00f3 en nuestras Vidas, Galer\u00eda de Arte Universal de Guines, La Habana, Cuba. 2000 \u2013 Las Aves y los Peces, Galer\u00eda Latinoamericana, Casa de las Am\u00e9ricas, La Habana, Cuba. \u2013 Exposici\u00f3n de Esculturas, Museo del Ron, La Habana, Cuba. 1999 \u2013 Galer\u00eda Gary Nader, Coral Gables, Florida, Estados Unidos de Am\u00e9rica. 1998 \u2013 Villa de Chantecler\u00e7, Fort-de-France, Martinica. \u2013 Galer\u00eda Andy Jllich, Suiza. 1997 \u2013 Galer\u00eda Joan Guaita Art, Palma de Mallorca, Espa\u00f1a \u2013 Galer\u00eda El Mundo del Arte, Par\u00eds Francia. \u2013 Museo de Arte Colonial, La Habana, Cuba. \u2013 Museo de Arte Moderno de Cartagena de Indias, Colombia. 1996 \u2013 Galer\u00eda Nacional de Jamaica, Kingston, Jamaica. \u2013 Galer\u00eda Arte Actual, Santiago de Chile, Chile. \u2013 Galer\u00eda La Acacia, La Habana, Cuba. 1995 \u2013 Galer\u00eda Fernando Quintana, Bogot\u00e1 Colombia. 1994 \u2013 Galer\u00eda El Mundo del Arte, Par\u00eds, Francia. 1993 \u2013 Galer\u00eda Expositum, Ciudad de M\u00e9xico, D.F. 1992 \u2013 Galer\u00eda El Mundo del Arte, Par\u00eds, Francia. 1991 \u2013 XXI Bienal Internacional de Sao Paulo, Brasil. 1990 \u2013 Galer\u00eda C\u00edvica, Plaza Cavour, Padua, Italia. 1989 \u2013 Galer\u00eda Nesle, Par\u00eds, Francia. \u2013 Grupo SEIBU, Shibuya, Tokio, Jap\u00f3n. 1988 \u2013 The October Gallery, Londres, Gran Breta\u00f1a. \u2013 Museo Etnogr\u00e1fico de Budapest, Hungr\u00eda. \u2013 XLIII Bienal de Venecia, Italia. 1987 \u2013 Para el Ojo que Mira, Museo Nacional de Bellas Artes, La Habana, Cuba. \u2013 Museo de Arte Contempor\u00e1neo, Ciudad de Panam\u00e1, Panam\u00e1. 1986 \u2013 Conversando con los Peces, Galer\u00eda Espacio Cultural Latinoamericano, Paris, Francia. 1984 \u2013 Galer\u00eda Plaza Vieja, Fondo Cubano de Bienes Culturales, La Habana, Cuba.\u00a01982 \u2013 Galer\u00eda ORTH, Nuremberg, RFA. \u2013 Casa Iwalewa, Universidad de Bayreuth, Alemania. \u2013 Galer\u00eda Mpapa, Lusaka, Zambia. \u2013 Muestra itinerante por Zambia, Nigeria, Angola y Mozambique. 1981 \u2013 Galer\u00eda de Arte, Mosc\u00fa, URSS. 1980 \u2013 Mendive: Un pintor de lo Real Maravilloso, Galer\u00eda L, La Habana, Cuba. 1975 \u2013 Museo Nacional de Tanzania, Tanzania, Africa. 1964 \u2013 Centro de Arte, Plaza de la Catedral, La Habana, Cuba.<\/p>\n<p><strong>Performances (selecci\u00f3n):<\/strong><\/p>\n<p>2004 \u2013 La Naturaleza y el Cuerpo, Centro de Arte, Romer\u00edas de Mayo, Holgu\u00edn. 2003 \u2013 Evento Internacional de Sexolog\u00eda, Teatro Nacional de Cuba, La Habana. \u2013 Octava Bienal de La Habana, Proyecto La California, La Habana. 2002 \u2013 Performance para la exposici\u00f3n Las Aguas, lo cotidiano y el pensamiento, Museo Nacional de Bellas Artes, La Habana, Cuba. 2001 \u2013 Performance para la exposici\u00f3n Shang\u00f3 y la Vida, filmado en Manto Blanco, Lomas de la Peregrina, Tapaste. \u2013 Performance para la exposici\u00f3n Santa B\u00e1rbara-Shang\u00f3 en nuestras Vidas, Galer\u00eda de Arte Universal, Guines, La Habana. \u2013 Body Pinting exposici\u00f3n Shang\u00f3 y la Vida, Centro de Cultura, Sa Nostra, Palma de Mallorca, Espa\u00f1a. 2000 \u2013 Inauguraci\u00f3n de la exposici\u00f3n Social, intelectual y chic, Museo del Ron, La Habana, Cuba. \u2013 Las Aves y los Peces, Galer\u00eda Latinoamericana, Casa de las Am\u00e9ricas, La Habana, Cuba. 1999 \u2013 Evento La Odisea Africana, Jonh F. Kennedy Center, Washington D.C., Estados Unidos de Am\u00e9rica. \u2013 Feria Internacional de Arte Contempor\u00e1neo, FIAC\u00b499, Par\u00eds, Francia. 1998 \u2013 El agua, la luz, la sombra, Villa Chantecler\u00e7, Fort-de-France, Martinica. 1997 \u2013 Feria Internacional de Arte ARCO\u00b497, Galer\u00eda Joan Guaita Art, Madrid, Espa\u00f1a. \u2013 Se parece a la Felicidad, VI Bienal de La Habana, Centro Wifredo Lam, Museo de Arte Colonial, La Habana, Cuba. \u2013 Museo de Arte Moderno de Cartagena de Indias, Plaza San Pedro Claver, Colombia. 1996 \u2013 Aguas Profundas, Galer\u00eda Arte Actual, Santiago de Chile, Chile. \u2013 Cabezas y Corazones, Performance y Multimedia, Galer\u00eda La Acacia, La Habana, Cuba. 1995 \u2013 Festival del Caribe 2000, Espacio Champeret, Par\u00eds, Francia. 1994 \u2013 Aguas Profundas, Festival Internacional Cenvantino, Museo de la Alh\u00e1ndiga, Guanajuato, M\u00e9xico. \u2013 V Bienal de La Habana, Centro Wifredo Lam, La Habana, Cuba. 1993 \u2013 Primer Festival de Arte y Cultura Vodum Ouidah\u00b493, Benin, Africa. 1992 \u2013 Galer\u00eda El Mundo del Arte, Par\u00eds, Francia. \u2013 Sacar lo Malo, Teatro Nesl\u00e9, Par\u00eds, Francia. 1991 \u2013 Shang\u00f3, inauguraci\u00f3n del Memorial de Am\u00e9rica Latina, Sao Paulo, Brasil. 1990 \u2013 XII Festival Internacional de Ballet de La Habana, La Habana, Cuba. \u2013 Yemay\u00e1 y Osh\u00fan, Galer\u00eda C\u00edvica, Plaza Cavour, Padua, Italia. 1989 \u2013 Instituto de Arte Contempor\u00e1neo ICA, Londres, Gran Breta\u00f1a. \u2013 La naturaleza y el cuerpo, Grupo SEIBU, Tokio, Jap\u00f3n. \u2013 La Luz, III Bienal de La Habana, Museo Nacional de Bellas Artes, La Habana, Cuba. \u2013 Centro Cultural de Filipinas, con la participaci\u00f3n del Ballet Nacional de Filipinas. 1988 \u2013 Iroko, exposici\u00f3n Aguas, peces y hombre, The October Gallery, Londres, Gran \u2013 Museo de Arte Moderno de la Villa de Par\u00eds, Francia. \u2013 El Pavo Real, XLIII Bienal de Venecia, Italia. 1987 \u2013 Para el Ojo que mira, Museo Nacional de Bellas Artes, La Habana, Cuba. \u2013 Museo de Arte Contempor\u00e1neo, Ciudad de Panam\u00e1. \u2013 Performance, Festividad de Los congos de Portobelo, Panam\u00e1. 1986 \u2013 La Vida, II Bienal de La Habana, Museo Nacional de Bellas Artes, La Habana, Cuba.<\/p>\n<p><strong>Exposiciones Colectivas (Selecci\u00f3n):<\/strong><\/p>\n<p>2015 \u2013 \u00abAires de Cuba\u00bb, Galer\u00eda Artizar, La Laguna, Tenerife. 2010 \u2013 Son cubano, Galer\u00eda ARTIZAR, Tenerife. Espa\u00f1a.\u00a02007 \u2013 Feria Internacional de Arte Contempor\u00e1neo, ARCO 2008, Madrid, Espa\u00f1a \u2013 11 Artistas Cubanos, Centro Cultural Le Manoir, Cologny, Suiza, abril-mayo 2007 \u2013 Feria Internacional de Arte Contempor\u00e1neo, ARCO 2007, Madrid, Espa\u00f1a \u2013 Once artistas cubanos. Centro Cultual Le Manoir, 4 Place du Manoir, 1223, Cologny.\u00a02006 \u2013 Galeria Villa Manuela, UNEAC, La Habana, Cuba \u2013 Galeria Espacios, Madrid, Espa\u00f1a 2005 \u2013 Feria Internacional de Arte ARCO?2005, Madrid, Espa\u00f1a \u2013 Art. Expo Atlanta, Estados Unidos \u2013 Feria Internacional Art Basel, Suiza. \u2013 Mirada Interior, Museo de la Ciudad, Convento de San Francisco de Asis, La Habana. 2004 \u2013 Feria Internacional de Arte ARCO\u00b42004, Madrid, Espa\u00f1a. \u2013 Homenaje a Guayasam\u00edn, Casa Guayasam\u00edn, Museo de la Ciudad \u2013 Feria Internacional de Arte Art Fair, Toronto, Canad\u00e1. \u2013 Recuento de un Premio, Galer\u00eda Villa Manuela, UNEAC, Habana \u2013 Mirada Interior, 35 Artistas Cubanos, Convento de San Francisco de As\u00eds, Museo de la Ciudad. 2003 \u2013 Feria Art Miami, Miami, USA. \u2013 Feria ARCO\u00b42003, Madrid, Espa\u00f1a. \u2013 Feria de Caracas, Venezuela, \u2013 Art Chicago, USA. Festival de Cine y Cultura de Biarritz, Francia. 2002 \u2013 Galer\u00eda Carambola Beach Resort, St. Croix, Estados Unidos de Am\u00e9rica. \u2013 The Great House at Villa Madelaine, St. Croix, Estados Unidos de Am\u00e9rica. \u2013 Feria Internacional de Arte Miami, Estados Unidos de Am\u00e9rica. \u2013 Feria Internacional de Arte Contempor\u00e1neo ARCO\u00b42002, Madrid, Espa\u00f1a. 2001 \u2013 Feria Internacional de Arte Contempor\u00e1neo ARCo\u00b42001, Madrid, Espa\u00f1a. \u2013 Feria Internacional de Arte Miami, Estados Unidos de Am\u00e9rica. \u2013 Galer\u00eda Carambola Beach Resort, St. Croix, Estados Unidos de Am\u00e9rica. \u2013 The Great House at Villa Madeleine, St. Croix, Estados Unidos de Am\u00e9rica. \u2013 Latin American Art Show, New York, Estados Unidos de Am\u00e9rica. \u2013 Galer\u00eda Flinn, Greenwich, Connecicut, Estados Unidos de Am\u00e9rica. \u2013 The Greenwich Library, Greenwich, Connecicut, Estados Unidos de Am\u00e9rica. 2000 \u2013 Galer\u00eda Carambola Beach resort, St. Croix, Estados Unidos de Am\u00e9rica. \u2013 Galer\u00eda Coming to America, New York, Estados Unidos de Am\u00e9rica. \u2013 Feria Internacional de Arte Contempor\u00e1neo, ARCO 2000, Madrid, Espa\u00f1a. \u2013 Feria Iberoamericana de Arte, Caracas, Venezuela. \u2013 Feria de Arte, Shanghai 2000, China. \u2013 Artissina, Palazzo Nervi-Torino, Italia. \u2013 Pl\u00e1stica Cubana, Fort-de-France, Martinica. \u2013 Instituto de Arte de Boston, Estados Unidos de Am\u00e9rica. \u2013 VII Bienal de La Habana, Plaza Vieja, Oficina del Historoiador de la Ciudad, Gobierno de las Islas Baleares, Direcci\u00f3n General de Cultura. 1999 \u2013 Galer\u00eda Whim Museum, St. Croix, Estados Unidos de Am\u00e9rica. \u2013 Feria Internacional de Arte Contempor\u00e1neo ARCO 99, Madrid, Espa\u00f1a. \u2013 Feria Internacional de Arte Moderno y Contempor\u00e1neo FIAC\u00b499, Par\u00eds, Francia. \u2013 Feria Internacional de Arte de Miami, Estados Unidos de Norteam\u00e9rica. \u2013 Castillo de Capdepera, Palma de Mallorca, Espa\u00f1a. 1998 \u2013 Feria Internacional de Arte de Miami, Estados Unidos de Am\u00e9rica. \u2013 Feria Internacional de Arte Contempor\u00e1neo, ARCO 98, Madrid, Espa\u00f1a. \u2013 Centro Atl\u00e1ntico de Arte Moderno, Las Palmas de Gran Canaria, Espa\u00f1a. \u2013 Centro Andaluz de Arte Contempor\u00e1neo, Junta de Andaluc\u00eda, Sevilla. \u2013 III Sal\u00f3n Internacional de Estandartes, Centro Cultural de Tijuana, M\u00e9xico. \u2013 Feria Internacional de Arte de Buenos Aires, Argentina. \u2013 Feria Internacional de Arte de Caracas FIAC, Caracas, Venezuela. \u2013 Galer\u00eda Joan Guaita Art, Palma de Mallorca, Espa\u00f1a. \u2013 The Metropolitan Pavilion Gallery, Centro de Estudios Cubanos, New York, Estados Unidos de Am\u00e9rica. \u2013 Bienal Internacional de Arte de Cuman\u00e1, Venezuela. \u2013 Sala de exposiciones, Diputaci\u00f3n de Huesca, Espa\u00f1a. 1997 \u2013 Feria Internacional de Arte Contempor\u00e1neo ARCO 97, Madrid, Espa\u00f1a. \u2013 Galer\u00eda Joan Guaita Art, Palma de Mallorca, Espa\u00f1a. \u2013 VI Bienal de La Habana, Centro Wifredo Lam, La Habana, Cuba. 1996 \u2013 Centro Atl\u00e1ntico de Arte Moderno, Las Palmas, Gran Canaria, Espa\u00f1a. \u2013 Fundaci\u00f3n La Caixa, Palma de Mallorca, Espa\u00f1a. \u2013 Centro de Arte Santa M\u00f3nica, Barcelona, Espa\u00f1a. \u2013 Feria Internacional de Arte Contempor\u00e1neo, ARCO 96, Madrid, Espa\u00f1a. \u2013 Galer\u00eda Joan Guaita Art, Palma de Mallorca, Espa\u00f1a. 1994 \u2013 Museo de Arte Moderno, Troyes, Francia. \u2013 Museo de Arte Moderno, Se\u00fal, Corea del Sur.\u00a01993 \u2013 Galer\u00eda El Mundo del Arte, Par\u00eds, Francia. \u2013 Museo Boshum, Alemania. 1992 \u2013 Pabell\u00f3n de las Artes Sevilla 92, Espa\u00f1a. 1991 \u2013 Museo de San Diego, California, Estados Unidos de Am\u00e9rica. \u2013 Galer\u00eda C\u00edvica de Arte Contempor\u00e1neo, Marsala, Sicilia, Italia. \u2013 Centro Cultural Ziqueiros, M\u00e9xico, D.F. 1990 \u2013 XXV Sal\u00f3n Internacional de Arte de Zagrebo, Yugoslavia. \u2013 Palacio de Vel\u00e1squez, Madrid, Espa\u00f1a. 1989 \u2013 Centro Cultural Villa de Madrid, Espa\u00f1a. \u2013 Hayward Gallery, Londres, Gran Breta\u00f1a. \u2013 III Bienal de La Habana, Museo Nacional de Bellas Artes, La Habana, Cuba. 1988 \u2013 Sal\u00f3n de Mayo, Grand Palais, Par\u00eds, Francia. \u2013 17 Festival Cultural del Caribe, Fort-de-France, Martinico. 1986 \u2013 II Bienal de La Habana, Centro Wifredo Lam, Museo Nacional de Bellas Artes, La Habana, Cuba. 1984 \u2013 IFA Gallerie, Bonn, Alemania. \u2013 I Bienal de La Habana, Centro Wifredo Lam, Museo Nacional de Bellas Artes, La Habana, Cuba. 1980 \u2013 Casa de la UNESCO, Par\u00eds, Francia. \u2013 Museo Carrillo Gil, M\u00e9xico D.F. 1979 \u2013 Festival Carifesta\u00b479, Museo Nacional de Bellas Artes, La Habana, Cuba. 1978 \u2013 Museo Espa\u00f1ol de Arte Contempor\u00e1neo, Madrid, Espa\u00f1a. 1977 \u2013 Museo de Arte Moderno, Ciudad de M\u00e9xico, M\u00e9xico D.F. 1976 \u2013 Museo de Arte Moderno, La Tertulia, California, USA. 1975 \u2013 Instituto Nacional de Bellas Artes, M\u00e9xico D.F. 1974 \u2013 Pl\u00e1stica Cubana en Suecia, Suecia. 1970 \u2013 Sal\u00f3n 70, Museo Nacional de Bellas Artes, La Habana, Cuba. \u2013 II Festival Internacional de Pintura de Cannes-sur-Mer, Francia. \u2013 Expo Jap\u00f3n 70, Pabell\u00f3n de Cuba, Jap\u00f3n. 1969 \u2013 Joven Pintura Cubana, muestra itinerante presentada en Argelia, Mongolia, URSS, Corea, China, Hungr\u00eda, Yugoslavia, Bulgaria, Checoslovaquia, RDA, y Polonia. \u2013 Exposici\u00f3n en homenaje a Camilo y Che, La Habana, Cuba. 1968 \u2013 XXIV Sal\u00f3n de Mayo, Museo de Arte Moderno de la Villa de Par\u00eds, Francia. Galer\u00eda de La Habana, La Habana, Cuba. \u2013 Congreso Cultural de La Habana, La Habana, Cuba. \u2013 Sal\u00f3n Nacional de Artes Pl\u00e1sticas de la Uni\u00f3n de Escritores y Artistas de Cuba, La Habana, Cuba. 1967 \u2013 Exposici\u00f3n Internacional Expo\u00b467, Montreal, Canad\u00e1. \u2013 Galer\u00eda Galiano, Ciudad de La Habana, Cuba. 1963 \u2013 Lyceum de La Habana, C\u00edrculo de Bellas Artes, La Habana, Cuba. 1962 \u2013 Lyceum de La Habana, C\u00edrculo de Bellas Artes de La Habana, Cuba. 1961 \u2013 Galer\u00eda Municipal de Bellas Artes, Plaza de la Catedral, La Habana, Cuba.<\/p>\n<p><strong>Premios y Distinciones:<\/strong><\/p>\n<p>2004 \u2013 Distinci\u00f3n Medalla Jos\u00e9 Mar\u00eda Heredia, Consejo de las Artes Pl\u00e1sticas, Direcci\u00f3n de Cultura, Santiago de Cuba. \u2013 Hacha de Holgu\u00edn, Direcci\u00f3n de Patrimonio Cultural, Holgu\u00edn. 2001 \u2013 Premio Nacional de Artes Pl\u00e1sticas 2001, La Habana, Cuba. \u2013 Distinci\u00f3n Hijo Ilustre de la Ciudad de La Habana, Poder Popular, Ciudad de La Habana. 1995 \u2013 Medalla de la Villa de Fort-de-France, Martinica. 1994 \u2013 Orden F\u00e9lix Varela de Primer Grado, Consejo de Estado de la Rep\u00fablica de Cuba. \u2013 Orden Caballero de las Artes y las Letras del Ministerio de Cultura y Francofon\u00eda de la Rep\u00fablica de Francia. 1990 \u2013 Medalla de la Comuna de Saint Guiliano Terme, Italia. \u2013 Medalla de la Ciudad de La Habana 1989 \u2013 Medalla Junior Olympics, Jap\u00f3n. 1988 \u2013 Medalla Alejo Carpentier, Consejo de Estado de la Rep\u00fablica de Cuba. \u2013 Premio Colectivo, Muestra Cubana en la I Bienal Fundaci\u00f3n Jaime Guash, Barcelona, Espa\u00f1a. 1987 \u2013 Distinci\u00f3n Orden V Aniversario, Direcci\u00f3n Municipal de Cultura, Cotorro. 1986 \u2013 Menci\u00f3n VI Festival de la Cultura de Origen Caribe\u00f1o, Santiago de Cuba. \u2013 Diploma IV Cuadrienal, Erfurt, Alemania. \u2013 Premio Internacional de la Segunda Bienal de La Habana, Centro Wifredo Lam, Museo Nacional de Bellas artes, La Habana, Cuba.\u00a01984 \u2013 Premio Galer\u00eda Espacio Cultural Latinoamericano de Par\u00eds, I Bienal de La Habana, Centro Wifredo Lam, Museo Nacional de Bellas Artes, La Habana Cuba. \u2013 Premio Orden 1300 A\u00f1os de la Cultura B\u00falgara, Ministerio de Cultura de Bulgaria. 1983 \u2013 Distinci\u00f3n por la Cultura Nacional, Ministerio de Cultura de Cuba. 1976 \u2013 Medalla de la Direcci\u00f3n Municipal de Cultura de 10 de Octubre, La Habana, Cuba. 1970 \u2013 Diploma Prix Nacional, II Festival Internacional de Pintura, Cannes-sur-Mer, Francia. 1968 \u2013 Premio Adam Montparnasse, XXIV Sal\u00f3n de Mayo de Par\u00eds, Francia. \u2013 Premio Sal\u00f3n Nacional de Artes Pl\u00e1sticas, La Habana, Cuba. 1967 \u2013 Primer Premio, Sal\u00f3n de Dibujo, La Habana, Cuba. 1962 \u2013 Premio de Escultura, C\u00edrculo de Bellas Artes, La Habana, Cuba. 1955 \u2013 Premio, Sociedad Morinaga de Exaltaci\u00f3n a la Madre, UNESCO, Tokio, Jap\u00f3n.<\/p>\n<p><strong>Obras en Colecciones de Museos y de Instituciones Culturales:<\/strong><\/p>\n<p>Museo Nacional de Bellas Artes, La Habana. \u2013 Museo Emilio Bacard\u00ed, Santiago de Cuba. \u2013 Museo de Arte Moderno de Panam\u00e1, PANARTE. \u2013 Museo de Arte Moderno, Cartagena de Indias, Colombia. \u2013 Museo Etnogr\u00e1fico de Budapest, Hungr\u00eda. \u2013 Museo de Arte Moderno de la Villa de Par\u00eds, Francia. \u2013 Centro Atl\u00e1ntico de Arte Moderno, Las Palmas de Gran Canaria. \u2013 Fundaci\u00f3n Sa Nostra, Palma de Mallorca, Espa\u00f1a. \u2013 Fundaci\u00f3n France Libert\u00e9, Par\u00eds, Francia. \u2013 Galer\u00eda Joan Guaita Art, Palma de Mallorca, Espa\u00f1a. \u2013 Museo Nacional de Tanzania. \u2013 The Jonh F. Kennedy Center, Washington, Estados Unidos de Am\u00e9rica. \u2013 Gary Nader, Art Gallery, Miami, USA. \u2013 Grupo SEIBU , Tokio, Jap\u00f3n. \u2013 Centro Cultural de Manila, Filipinas.<\/p>\n\t\t\t\t\t\t\t\t<\/div>\n\t\t\t\t<\/div>\n\t\t\t\t\t<\/div>\n\t\t<\/div>\n\t\t\t\t\t<\/div>\n\t\t<\/section>\n\t\t\t\t<\/div>\n\t\t","protected":false},"excerpt":{"rendered":"<p>Manuel Mendive Havana, 1944 Exposiciones personales (Selecci\u00f3n): 2015 \u2013 \u00abEnerg\u00edas para el amor y la bondad\u00bb, Galer\u00eda V\u00edctor&#8230;<\/p>\n","protected":false},"author":3,"featured_media":0,"parent":0,"menu_order":0,"comment_status":"closed","ping_status":"closed","template":"","meta":{"footnotes":""},"class_list":["post-44768","page","type-page","status-publish","hentry"],"_links":{"self":[{"href":"https:\/\/artizar.es\/en\/wp-json\/wp\/v2\/pages\/44768","targetHints":{"allow":["GET"]}}],"collection":[{"href":"https:\/\/artizar.es\/en\/wp-json\/wp\/v2\/pages"}],"about":[{"href":"https:\/\/artizar.es\/en\/wp-json\/wp\/v2\/types\/page"}],"author":[{"embeddable":true,"href":"https:\/\/artizar.es\/en\/wp-json\/wp\/v2\/users\/3"}],"replies":[{"embeddable":true,"href":"https:\/\/artizar.es\/en\/wp-json\/wp\/v2\/comments?post=44768"}],"version-history":[{"count":1,"href":"https:\/\/artizar.es\/en\/wp-json\/wp\/v2\/pages\/44768\/revisions"}],"predecessor-version":[{"id":44769,"href":"https:\/\/artizar.es\/en\/wp-json\/wp\/v2\/pages\/44768\/revisions\/44769"}],"wp:attachment":[{"href":"https:\/\/artizar.es\/en\/wp-json\/wp\/v2\/media?parent=44768"}],"curies":[{"name":"wp","href":"https:\/\/api.w.org\/{rel}","templated":true}]}}