{"id":44770,"date":"2025-12-26T18:26:58","date_gmt":"2025-12-26T18:26:58","guid":{"rendered":"https:\/\/artizar.es\/bio-marco-alom\/"},"modified":"2026-01-11T08:26:53","modified_gmt":"2026-01-11T08:26:53","slug":"bio-marco-alom","status":"publish","type":"page","link":"https:\/\/artizar.es\/en\/bio-marco-alom\/","title":{"rendered":"Bio Marco Alom"},"content":{"rendered":"\t\t<div data-elementor-type=\"wp-page\" data-elementor-id=\"44770\" class=\"elementor elementor-44770 elementor-44589\" data-elementor-settings=\"{&quot;element_pack_global_tooltip_width&quot;:{&quot;unit&quot;:&quot;px&quot;,&quot;size&quot;:&quot;&quot;,&quot;sizes&quot;:[]},&quot;element_pack_global_tooltip_width_tablet&quot;:{&quot;unit&quot;:&quot;px&quot;,&quot;size&quot;:&quot;&quot;,&quot;sizes&quot;:[]},&quot;element_pack_global_tooltip_width_mobile&quot;:{&quot;unit&quot;:&quot;px&quot;,&quot;size&quot;:&quot;&quot;,&quot;sizes&quot;:[]},&quot;element_pack_global_tooltip_padding&quot;:{&quot;unit&quot;:&quot;px&quot;,&quot;top&quot;:&quot;&quot;,&quot;right&quot;:&quot;&quot;,&quot;bottom&quot;:&quot;&quot;,&quot;left&quot;:&quot;&quot;,&quot;isLinked&quot;:true},&quot;element_pack_global_tooltip_padding_tablet&quot;:{&quot;unit&quot;:&quot;px&quot;,&quot;top&quot;:&quot;&quot;,&quot;right&quot;:&quot;&quot;,&quot;bottom&quot;:&quot;&quot;,&quot;left&quot;:&quot;&quot;,&quot;isLinked&quot;:true},&quot;element_pack_global_tooltip_padding_mobile&quot;:{&quot;unit&quot;:&quot;px&quot;,&quot;top&quot;:&quot;&quot;,&quot;right&quot;:&quot;&quot;,&quot;bottom&quot;:&quot;&quot;,&quot;left&quot;:&quot;&quot;,&quot;isLinked&quot;:true},&quot;element_pack_global_tooltip_border_radius&quot;:{&quot;unit&quot;:&quot;px&quot;,&quot;top&quot;:&quot;&quot;,&quot;right&quot;:&quot;&quot;,&quot;bottom&quot;:&quot;&quot;,&quot;left&quot;:&quot;&quot;,&quot;isLinked&quot;:true},&quot;element_pack_global_tooltip_border_radius_tablet&quot;:{&quot;unit&quot;:&quot;px&quot;,&quot;top&quot;:&quot;&quot;,&quot;right&quot;:&quot;&quot;,&quot;bottom&quot;:&quot;&quot;,&quot;left&quot;:&quot;&quot;,&quot;isLinked&quot;:true},&quot;element_pack_global_tooltip_border_radius_mobile&quot;:{&quot;unit&quot;:&quot;px&quot;,&quot;top&quot;:&quot;&quot;,&quot;right&quot;:&quot;&quot;,&quot;bottom&quot;:&quot;&quot;,&quot;left&quot;:&quot;&quot;,&quot;isLinked&quot;:true}}\" data-elementor-post-type=\"page\">\n\t\t\t\t\t\t<section class=\"elementor-section elementor-top-section elementor-element elementor-element-08ddf18 elementor-section-full_width elementor-section-height-min-height elementor-section-height-default elementor-section-items-middle\" data-id=\"08ddf18\" data-element_type=\"section\" data-e-type=\"section\" data-settings=\"{&quot;background_background&quot;:&quot;classic&quot;}\">\n\t\t\t\t\t\t<div class=\"elementor-container elementor-column-gap-default\">\n\t\t\t\t\t<div class=\"elementor-column elementor-col-100 elementor-top-column elementor-element elementor-element-b4318e9\" data-id=\"b4318e9\" data-element_type=\"column\" data-e-type=\"column\">\n\t\t\t<div class=\"elementor-widget-wrap elementor-element-populated\">\n\t\t\t\t\t\t<div class=\"elementor-element elementor-element-ec4078a elementor-widget elementor-widget-heading\" data-id=\"ec4078a\" data-element_type=\"widget\" data-e-type=\"widget\" data-widget_type=\"heading.default\">\n\t\t\t\t<div class=\"elementor-widget-container\">\n\t\t\t\t\t<h2 class=\"elementor-heading-title elementor-size-default\">Marco Alom<\/h2>\t\t\t\t<\/div>\n\t\t\t\t<\/div>\n\t\t\t\t<div class=\"elementor-element elementor-element-9984d78 elementor-widget elementor-widget-heading\" data-id=\"9984d78\" data-element_type=\"widget\" data-e-type=\"widget\" data-widget_type=\"heading.default\">\n\t\t\t\t<div class=\"elementor-widget-container\">\n\t\t\t\t\t<h2 class=\"elementor-heading-title elementor-size-default\">Tenerife, 1986<\/h2>\t\t\t\t<\/div>\n\t\t\t\t<\/div>\n\t\t\t\t<div class=\"elementor-element elementor-element-044ae2e elementor-widget elementor-widget-text-editor\" data-id=\"044ae2e\" data-element_type=\"widget\" data-e-type=\"widget\" data-widget_type=\"text-editor.default\">\n\t\t\t\t<div class=\"elementor-widget-container\">\n\t\t\t\t\t\t\t\t\t<div class=\"page\" title=\"Page 22\">\n<div class=\"layoutArea\">\n<div class=\"column\">\n<p class=\"s11\"><span class=\"s12\">SOLO EXHIBITIONS<\/span><\/p>\n<p class=\"s14\"><span class=\"s6\"><br \/>\n<\/span><span class=\"s6\">2025<\/span>\u200b\u200b<span class=\"s13\">\u201cUna Luz Negra\u201d.<\/span><span class=\"s6\"> Sala Agust\u00edn de la Hoz, Arrecife, Lanzarote.<\/span><\/p>\n<p class=\"s14\"><span class=\"s6\">2022<\/span>\u200b\u200b<span class=\"s13\">\u201cLo \u00fatil del vac\u00edo\u201d<\/span><span class=\"s6\">, Galer\u00eda Artizar \u2013 La Laguna, Tenerife.<\/span><\/p>\n<p class=\"s14\"><span class=\"s6\">2021<\/span>\u200b\u200b<span class=\"s13\">\u201cMurria\u201d<\/span><span class=\"s6\">. Centro de Arte Juan Ismael (CAJI), Fuerteventura.<\/span><\/p>\n<p class=\"s15\"><span class=\"s13\">\u201cMurria\u201d<\/span><span class=\"s6\">. Sala de Arte Contempor\u00e1neo (SAC), Tenerife.<\/span><\/p>\n<p class=\"s14\"><span class=\"s6\">2018 <\/span>\u200b\u200b<span class=\"s13\">\u201cPi\u00e9lagos\u201d<\/span><span class=\"s6\"> CIC El Almac\u00e9n <\/span><span class=\"s6\">&#8211; \u00a0Arrecife<\/span><span class=\"s6\">, Lanzarote. <\/span><\/p>\n<p class=\"s14\"><span class=\"s6\">2017<\/span>\u200b<span class=\"s13\">\u201cUn a\u00f1o en <\/span><span class=\"s13\">P\u00e1tmos<\/span><span class=\"s13\">\u201d<\/span><span class=\"s6\">, Galer\u00eda Artizar <\/span><span class=\"s6\">&#8211; \u00a0La<\/span><span class=\"s6\"> Laguna, Tenerife<\/span><\/p>\n<p class=\"s14\"><span class=\"s6\">2015<\/span>\u200b\u200b<span class=\"s13\">\u201cSoliloquio\u201d.<\/span><span class=\"s6\"> Sala de Arte La Regenta <\/span><span class=\"s6\">&#8211; \u00a0Las<\/span><span class=\"s6\"> Palmas de Gran Canaria.<\/span><\/p>\n<p class=\"s14\"><span class=\"s6\">2010<\/span>\u200b\u200b<span class=\"s13\">\u201cDel Amor y lo Rid\u00edculo\u201d<\/span><span class=\"s6\">. Ateneo de La Laguna &#8211; Tenerife.<\/span><\/p>\n<p class=\"s14\"><span class=\"s6\">\u00a0<\/span><\/p>\n<p class=\"s16\"><span class=\"s12\">GROUP EXHIBITIONS<\/span><\/p>\n<p class=\"s16\"><span class=\"s6\">2025<\/span>\u200b\u200b<span class=\"s6\">Pinta<\/span><span class=\"s6\"> Miami\u20192<\/span><span class=\"s6\">5<\/span><span class=\"s6\">. Galer\u00eda Artizar. <\/span><span class=\"s6\">The<\/span><span class=\"s6\"> Hangar, Miami (<\/span><span class=\"s6\">EE.UU.<\/span><span class=\"s6\">)<\/span><\/p>\n<p class=\"s17\"><span class=\"s13\">GEN 80<\/span><span class=\"s12\">. <\/span><span class=\"s6\">Galer\u00eda Artizar \u2013 <\/span><span class=\"s6\">Madrid<\/span><\/p>\n<p class=\"s17\"><span class=\"s13\">GEN 80<\/span><span class=\"s12\">. <\/span><span class=\"s6\">Galer\u00eda Artizar \u2013 La Laguna, Tenerife.<\/span><\/p>\n<p class=\"s18\"><span class=\"s6\">ExpoChicago<\/span><span class=\"s6\"> \u20192<\/span><span class=\"s6\">5<\/span><span class=\"s6\">. Galer\u00eda Artizar. <\/span><span class=\"s6\">Navy Pier, Chicago (EE.UU.)<\/span><\/p>\n<p class=\"s14\"><span class=\"s6\">2024<\/span>\u200b\u200b<span class=\"s6\">Pinta<\/span><span class=\"s6\"> Miami\u20192<\/span><span class=\"s6\">4<\/span><span class=\"s6\">. Galer\u00eda Artizar. <\/span><span class=\"s6\">The<\/span><span class=\"s6\"> Hangar, Miami (<\/span><span class=\"s6\">EE.UU.<\/span><span class=\"s6\">)<\/span><\/p>\n<p class=\"s19\"><span class=\"s6\">Estampa\u20192<\/span><span class=\"s6\">4<\/span><span class=\"s6\">. <\/span><span class=\"s6\">Galer\u00eda Artizar. IFEMA, Madrid.<\/span><\/p>\n<p class=\"s20\"><span class=\"s6\">ExpoChicago<\/span><span class=\"s6\"> \u201924. Galer\u00eda Artizar. <\/span><span class=\"s6\">Navy Pier, Chicago (EE.UU.)<\/span><\/p>\n<p class=\"s23\">\u200b\u200b<span class=\"s21\">\u201c<\/span><span class=\"s22\">Las estancias imaginadas\u201d<\/span><span class=\"s6\">. LM Arte Colecci\u00f3n, Tenerife.<\/span><\/p>\n<p class=\"s23\"><span class=\"s6\">2023<\/span>\u200b\u200b<span class=\"s6\">ExpoChicago<\/span><span class=\"s6\"> \u201923. Galer\u00eda Artizar. <\/span><span class=\"s6\">Navy<\/span><span class=\"s6\"> Pier, Chicago (<\/span><span class=\"s6\">EE.UU.<\/span><span class=\"s6\">)<\/span><\/p>\n<p class=\"s23\"><span class=\"s6\">2022<\/span>\u200b\u200b<span class=\"s6\">Pinta<\/span><span class=\"s6\"> Miami\u201922. Galer\u00eda Artizar. <\/span><span class=\"s6\">The<\/span><span class=\"s6\"> Hangar, Miami (<\/span><span class=\"s6\">EE.UU.<\/span><span class=\"s6\">)<\/span><\/p>\n<p class=\"s19\"><span class=\"s6\">Estampa\u201922. <\/span><span class=\"s6\">Galer\u00eda Artizar. IFEMA, Madrid.<\/span><\/p>\n<p class=\"s24\"><span class=\"s6\">2021<\/span>\u200b<span class=\"s21\">\u201c<\/span><span class=\"s22\">Futuro, pasado \/Pasado, presente\u201d<\/span><span class=\"s6\">. LM Arte Colecci\u00f3n, Tenerife.<\/span><\/p>\n<p class=\"s25\">\u200b\u200b<span class=\"s6\">Estampa\u201921. Galer\u00eda Artizar. IFEMA, Madrid.<\/span><\/p>\n<p class=\"s26\"><span class=\"s6\">\u201c<\/span><span class=\"s13\">Andar por las ramas\u201d.<\/span><span class=\"s6\"> Centro Llano del Camello, San Miguel, Tenerife.<\/span><\/p>\n<p class=\"s27\"><span class=\"s6\">Artesantander\u201921. Solo <\/span><span class=\"s6\">Show<\/span><span class=\"s6\">. Galer\u00eda Artizar. Santander (Cantabria)<\/span><\/p>\n<p class=\"s14\"><span class=\"s6\">2019<\/span>\u200b\u200b<span class=\"s13\">\u201cDos Orillas\u201d.<\/span><span class=\"s6\"> Espacio Arte Contempor\u00e1neo. La Habana (Cuba)<\/span><\/p>\n<p class=\"s14\">\u200b\u200b<span class=\"s6\">Drawing<\/span><span class=\"s6\"> Room\u201919. Palacio de Santa B\u00e1rbara, Madrid.<\/span><\/p>\n<p class=\"s28\"><span class=\"s6\">Festival Lava Circular. Sala de exposiciones del Cabildo de El Hierro.<\/span><\/p>\n<p class=\"s29\"><span class=\"s6\">2017<\/span>\u200b<span class=\"s13\">\u201cSolo Proyect \/ Marco Alom\u201d<\/span><span class=\"s6\">, Feria <\/span><span class=\"s6\">Hybrid<\/span><span class=\"s6\"> con Galer\u00eda Artizar <\/span><span class=\"s6\">&#8211; \u00a0Madrid<\/span><span class=\"s6\">.<\/span><\/p>\n<p class=\"s14\"><span class=\"s6\">2016<\/span>\u200b\u200b<span class=\"s6\">\u201cCoincidencias abiertas\u201d SOLAR Acci\u00f3n Cultural, Tenerife<\/span><\/p>\n<p class=\"s26\"><span class=\"s6\">\u201cAqu\u00ed los dioses tambi\u00e9n est\u00e1n presentes\u201d, TEA (Tenerife Espacio de las Artes) <\/span><\/p>\n<p class=\"s14\"><span class=\"s6\">2015<\/span>\u200b\u200b<span class=\"s6\">\u201cNOW&#8217;15\u201d, Galer\u00eda Artizar &#8211; La Laguna, Tenerife.\u00a0<\/span><\/p>\n<p class=\"s26\"><span class=\"s6\">&#8220;Memorias de Contrabando&#8221;, Casa Salazar &#8211; Santa Cruz de La Palma.<\/span><\/p>\n<p class=\"s26\"><span class=\"s6\">\u201cNueva isla de <\/span><span class=\"s6\">Utop\u00eda\u201d \u00a0Sala<\/span><span class=\"s6\"> de Arte La Recova <\/span><span class=\"s6\">&#8211; \u00a0Santa<\/span><span class=\"s6\"> Cruz de Tenerife.<\/span><\/p>\n<p class=\"s14\"><span class=\"s6\">2014<\/span>\u200b\u200b<span class=\"s6\">&#8220;<\/span><span class=\"s6\">Onthedraw<\/span><span class=\"s6\">&#8220;, Mercado de &#8220;San Ant\u00f3n&#8221; &#8211; Chueca, Madrid.<\/span><\/p>\n<p class=\"s15\"><span class=\"s6\">&#8220;<\/span><span class=\"s6\">Onthedraw<\/span><span class=\"s6\">&#8220;, \u00a0Galer\u00eda<\/span><span class=\"s6\">\u00a0&#8220;Canvas Studios&#8221; <\/span><span class=\"s6\">&#8211; \u00a0Shoreditch<\/span><span class=\"s6\">, Londres.<\/span><\/p>\n<p class=\"s26\"><span class=\"s6\">&#8220;Memorias de Contrabando&#8221;, Sala de Arte La Recova &#8211; Santa Cruz de Tenerife.<\/span><\/p>\n<p class=\"s15\"><span class=\"s6\">\u201c<\/span><span class=\"s6\">T\u00e1rtaro<\/span><span class=\"s6\">\u201d, Galer\u00eda La Z\u00faa <\/span><span class=\"s6\">&#8211; \u00a0Madrid<\/span><span class=\"s6\">.<\/span><\/p>\n<p class=\"s26\"><span class=\"s6\">\u201cEl Arte en la \u00cdnsula del Quijote\u201d, Museo El Quijote en El Mundo <\/span><span class=\"s6\">&#8211; \u00a0G\u00fc\u00edmar<\/span><span class=\"s6\">.<\/span><\/p>\n<p class=\"s26\"><span class=\"s6\">\u201cSigan bailando\u201d, C\u00edrculo de Bellas Artes <\/span><span class=\"s6\">&#8211; \u00a0Santa<\/span><span class=\"s6\"> Cruz de Tenerife.<\/span><\/p>\n<p class=\"s14\"><span class=\"s6\">2013<\/span>\u200b\u200b<span class=\"s6\">\u00a0<\/span><span class=\"s6\">\u201cFeria de Arte Emergente El Charco ART F.A.C.E\u201d &#8211; Lanzarote.<\/span><\/p>\n<p class=\"s15\"><span class=\"s6\">\u201cUn Cuadro de Animas<\/span><span class=\"s6\">\u201d, \u00a0Sala<\/span><span class=\"s6\"> de Arte del Cabildo <\/span><span class=\"s6\">&#8211; \u00a0El<\/span><span class=\"s6\"> Hierro.<\/span><\/p>\n<p class=\"s14\"><span class=\"s6\">2012<\/span>\u200b\u200b<span class=\"s6\">&#8220;Artistas Herre\u00f1os&#8221;, Sala de Arte del Cabildo <\/span><span class=\"s6\">&#8211; \u00a0El<\/span><span class=\"s6\"> Hierro.<\/span><\/p>\n<p class=\"s14\"><span class=\"s6\">2010<\/span>\u200b\u200b<span class=\"s6\">&#8220;<\/span><span class=\"s6\">Merkarte<\/span><span class=\"s6\">&#8220;, \u00a0Casa<\/span><span class=\"s6\"> Vi\u00f1a Norte <\/span><span class=\"s6\">&#8211; \u00a0La<\/span><span class=\"s6\"> Laguna.<\/span><\/p>\n<p class=\"s14\"><span class=\"s6\">2009<\/span>\u200b\u200b<span class=\"s6\">\u201cEntidad e identidades\u201d, Ateneo de La Laguna <\/span><span class=\"s6\">&#8211; \u00a0Tenerife<\/span><span class=\"s6\">.<\/span><\/p>\n<p class=\"s30\"><span class=\"s6\">2008<\/span>\u200b\u200b<span class=\"s6\">&#8220;Preposiciones deshonestas&#8221;, <\/span><span class=\"s6\">Centro de Fotograf\u00eda Isla de Tenerife\u00a0<\/span><span class=\"s6\">&#8211; Tenerife.<\/span><\/p>\n<p class=\"s30\"><span class=\"s6\">2005<\/span>\u200b\u200b<span class=\"s6\">&#8220;La espiral del sue\u00f1o&#8221;, <\/span><span class=\"s6\">Krom<\/span><span class=\"s6\"> Gallery &#8211; Santa Cruz de Tenerife.<\/span><span class=\"s6\"><br \/>\n<\/span><span class=\"s6\">&#8220;Artistas J\u00f3venes&#8221;, Seminario Diocesano <\/span><span class=\"s6\">&#8211; \u00a0La<\/span><span class=\"s6\"> Laguna.<\/span><\/p>\n<\/div>\n<p><\/div>\n<p><\/div>\n\t\t\t\t\t\t\t\t<\/div>\n\t\t\t\t<\/div>\n\t\t\t\t\t<\/div>\n\t\t<\/div>\n\t\t\t\t\t<\/div>\n\t\t<\/section>\n\t\t\t\t<\/div>\n\t\t","protected":false},"excerpt":{"rendered":"<p>Marco Alom Tenerife, 1986 SOLO EXHIBITIONS 2025\u200b\u200b\u201cUna Luz Negra\u201d. Sala Agust\u00edn de la Hoz, Arrecife, Lanzarote. 2022\u200b\u200b\u201cLo \u00fatil&#8230;<\/p>\n","protected":false},"author":3,"featured_media":0,"parent":0,"menu_order":0,"comment_status":"closed","ping_status":"closed","template":"","meta":{"footnotes":""},"class_list":["post-44770","page","type-page","status-publish","hentry"],"_links":{"self":[{"href":"https:\/\/artizar.es\/en\/wp-json\/wp\/v2\/pages\/44770","targetHints":{"allow":["GET"]}}],"collection":[{"href":"https:\/\/artizar.es\/en\/wp-json\/wp\/v2\/pages"}],"about":[{"href":"https:\/\/artizar.es\/en\/wp-json\/wp\/v2\/types\/page"}],"author":[{"embeddable":true,"href":"https:\/\/artizar.es\/en\/wp-json\/wp\/v2\/users\/3"}],"replies":[{"embeddable":true,"href":"https:\/\/artizar.es\/en\/wp-json\/wp\/v2\/comments?post=44770"}],"version-history":[{"count":2,"href":"https:\/\/artizar.es\/en\/wp-json\/wp\/v2\/pages\/44770\/revisions"}],"predecessor-version":[{"id":44951,"href":"https:\/\/artizar.es\/en\/wp-json\/wp\/v2\/pages\/44770\/revisions\/44951"}],"wp:attachment":[{"href":"https:\/\/artizar.es\/en\/wp-json\/wp\/v2\/media?parent=44770"}],"curies":[{"name":"wp","href":"https:\/\/api.w.org\/{rel}","templated":true}]}}