{"id":44772,"date":"2025-12-26T18:27:20","date_gmt":"2025-12-26T18:27:20","guid":{"rendered":"https:\/\/artizar.es\/bio-marta-maria-perez-bravo\/"},"modified":"2025-12-26T18:27:20","modified_gmt":"2025-12-26T18:27:20","slug":"bio-marta-maria-perez-bravo","status":"publish","type":"page","link":"https:\/\/artizar.es\/en\/bio-marta-maria-perez-bravo\/","title":{"rendered":"Bio Marta Mar\u00eda P\u00e9rez Bravo"},"content":{"rendered":"\t\t<div data-elementor-type=\"wp-page\" data-elementor-id=\"44772\" class=\"elementor elementor-44772 elementor-44462\" data-elementor-settings=\"{&quot;element_pack_global_tooltip_width&quot;:{&quot;unit&quot;:&quot;px&quot;,&quot;size&quot;:&quot;&quot;,&quot;sizes&quot;:[]},&quot;element_pack_global_tooltip_width_tablet&quot;:{&quot;unit&quot;:&quot;px&quot;,&quot;size&quot;:&quot;&quot;,&quot;sizes&quot;:[]},&quot;element_pack_global_tooltip_width_mobile&quot;:{&quot;unit&quot;:&quot;px&quot;,&quot;size&quot;:&quot;&quot;,&quot;sizes&quot;:[]},&quot;element_pack_global_tooltip_padding&quot;:{&quot;unit&quot;:&quot;px&quot;,&quot;top&quot;:&quot;&quot;,&quot;right&quot;:&quot;&quot;,&quot;bottom&quot;:&quot;&quot;,&quot;left&quot;:&quot;&quot;,&quot;isLinked&quot;:true},&quot;element_pack_global_tooltip_padding_tablet&quot;:{&quot;unit&quot;:&quot;px&quot;,&quot;top&quot;:&quot;&quot;,&quot;right&quot;:&quot;&quot;,&quot;bottom&quot;:&quot;&quot;,&quot;left&quot;:&quot;&quot;,&quot;isLinked&quot;:true},&quot;element_pack_global_tooltip_padding_mobile&quot;:{&quot;unit&quot;:&quot;px&quot;,&quot;top&quot;:&quot;&quot;,&quot;right&quot;:&quot;&quot;,&quot;bottom&quot;:&quot;&quot;,&quot;left&quot;:&quot;&quot;,&quot;isLinked&quot;:true},&quot;element_pack_global_tooltip_border_radius&quot;:{&quot;unit&quot;:&quot;px&quot;,&quot;top&quot;:&quot;&quot;,&quot;right&quot;:&quot;&quot;,&quot;bottom&quot;:&quot;&quot;,&quot;left&quot;:&quot;&quot;,&quot;isLinked&quot;:true},&quot;element_pack_global_tooltip_border_radius_tablet&quot;:{&quot;unit&quot;:&quot;px&quot;,&quot;top&quot;:&quot;&quot;,&quot;right&quot;:&quot;&quot;,&quot;bottom&quot;:&quot;&quot;,&quot;left&quot;:&quot;&quot;,&quot;isLinked&quot;:true},&quot;element_pack_global_tooltip_border_radius_mobile&quot;:{&quot;unit&quot;:&quot;px&quot;,&quot;top&quot;:&quot;&quot;,&quot;right&quot;:&quot;&quot;,&quot;bottom&quot;:&quot;&quot;,&quot;left&quot;:&quot;&quot;,&quot;isLinked&quot;:true}}\" data-elementor-post-type=\"page\">\n\t\t\t\t\t\t<section class=\"elementor-section elementor-top-section elementor-element elementor-element-4cf9d83 elementor-section-full_width elementor-section-height-min-height elementor-section-height-default elementor-section-items-middle\" data-id=\"4cf9d83\" data-element_type=\"section\" data-e-type=\"section\" data-settings=\"{&quot;background_background&quot;:&quot;classic&quot;}\">\n\t\t\t\t\t\t<div class=\"elementor-container elementor-column-gap-default\">\n\t\t\t\t\t<div class=\"elementor-column elementor-col-100 elementor-top-column elementor-element elementor-element-63e3063\" data-id=\"63e3063\" data-element_type=\"column\" data-e-type=\"column\">\n\t\t\t<div class=\"elementor-widget-wrap elementor-element-populated\">\n\t\t\t\t\t\t<div class=\"elementor-element elementor-element-11c9107 elementor-widget elementor-widget-heading\" data-id=\"11c9107\" data-element_type=\"widget\" data-e-type=\"widget\" data-widget_type=\"heading.default\">\n\t\t\t\t<div class=\"elementor-widget-container\">\n\t\t\t\t\t<h2 class=\"elementor-heading-title elementor-size-default\">MARTA MAR\u00cdA P\u00e9rez Bravo<\/h2>\t\t\t\t<\/div>\n\t\t\t\t<\/div>\n\t\t\t\t<div class=\"elementor-element elementor-element-652b2e2 elementor-widget elementor-widget-heading\" data-id=\"652b2e2\" data-element_type=\"widget\" data-e-type=\"widget\" data-widget_type=\"heading.default\">\n\t\t\t\t<div class=\"elementor-widget-container\">\n\t\t\t\t\t<h2 class=\"elementor-heading-title elementor-size-default\">La Habana, Cuba, 1959<\/h2>\t\t\t\t<\/div>\n\t\t\t\t<\/div>\n\t\t\t\t<div class=\"elementor-element elementor-element-ba3ff79 elementor-widget elementor-widget-text-editor\" data-id=\"ba3ff79\" data-element_type=\"widget\" data-e-type=\"widget\" data-widget_type=\"text-editor.default\">\n\t\t\t\t<div class=\"elementor-widget-container\">\n\t\t\t\t\t\t\t\t\t<div class=\"layoutArea\">\n<div class=\"column\">\n<p>LA HABANA, CUBA 1959.<br \/>RESIDE Y TRABAJA EN MEXICO DESDE 1995.<\/p>\n<\/div>\n<div class=\"column\">\n<p><strong>ESTUDIOS:<\/strong><\/p>\n<p><strong>1979<\/strong>\u2013 Graduada de la Academia d e Artes Pl\u00e1sticas San Alejandro. La Habana, Cuba.<br \/><strong>1984<\/strong>-Graduada del Instituto Superior de Arte (ISA) .La Habana, Cuba.<\/p>\n<\/div>\n<\/div>\n<div class=\"layoutArea\">\n<div class=\"column\">\n<p><strong>SELECCI\u00d3N DE EXPOSICIONES PERSONALES:<\/strong><\/p>\n<p><b>2025 <\/b>&#8220;Traves\u00eda&#8221; Galer\u00eda Artizar, Tenerife, Espa\u00f1a<\/p>\n<p><strong>2020<\/strong>\u00a0\u201cFirmeza\u201d Museo Nacional de Bellas Artes, La Habana, Cuba .Marzo\/ Junio<\/p>\n<p><strong>2019<\/strong>\u00a0\u201cUn s\u00edmbolo es Una Verdad\u201d. Espacio Cultural Ex Teresa. Foto M\u00e9xico.\u00a0Ciudad de M\u00e9xico.\u00a0<\/p>\n<p><strong>2018<\/strong>\u00a0\u201c Yo vine a buscar\u201d. Galer\u00eda Lucy Garc\u00eda. Santo Domingo. Rep. Dominicana-\u00a0<\/p>\n<p><strong>2017<\/strong>. \u201c Un s\u00edmbolo es una verdad\u201d. Museo MUSAS. Hermosillo. Sonora.(julio 6)<br \/>PETICIONES. Galer\u00eda La Acacia. La habana. (Nov.)<br \/><strong>2013<\/strong>\u2013 Esprits de corps. Maison de L\u00b4Amerique Latin. Paris.<br \/><strong>2012<\/strong>\u2013 \u201cVidente\u201d. Espacio Proyectos. Galer\u00eda Fernando Pradilla. Madrid.<br \/><strong>2011<\/strong>\u2013 \u201cRelaciones Negativas\u201d. Marta Mar\u00eda P\u00e9rez y Ren\u00e9 Pe\u00f1a. Centro de Arte La Regenta. Las palmas de Gran Canarias.<br \/><strong>2010<\/strong>\u2013 \u201cHomenaje a Rodin\u201d EDS Galer\u00eda. M\u00e9xico DF:<br \/><strong>2007<\/strong>\u2013 Marta Mar\u00eda P\u00e8rez. Galer\u00eda Fernando Pradilla. Madrid.<br \/><strong>2005-02-2000-99-98-97-96<\/strong>\u2013 Galer\u00eda Luis Adelantado. Valencia.<br \/><strong>2004-02-2000<\/strong>\u2013 Galer\u00eda Annina Nosei. NY. Lluis Homs. Barcelona.<br \/><strong>2001<\/strong>\u2013 Galer\u00eda La Casona. La Habana. Cuba\/Iturralde Gallery. Los \u00c1ngeles. EU<br \/><strong>1999<\/strong>\u2013 Galer\u00eda Ramis Barquet. Mty, M\u00e9xico. \/Galer\u00eda Paolo Curti. Italia.\/Casa de las Am\u00e9ricas. Habana, Cuba.\/Museo de Artes Visuales Alejandro Otero. Caracas.<\/p>\n<p>\u00a0<\/p>\n<p><strong>SELECCI\u00d3N DE EXPOSICIONES COLECTIVAS:<\/strong><\/p>\n<p><strong>2019\u00a0 \u00a0<\/strong>\u00a0<\/p>\n<p><strong>Nada Personal<\/strong>\u00a0\u00a0. XIII Bienal de La Habana.\u00a0\u00a0Museo Nacional de Bellas\u00a0\u00a0Artes; La Habana.\u00a0<\/p>\n<p><strong>Under Cosntruction<\/strong>: Relatos desde Latinoam\u00e9rica en la colecci\u00f3n CIFO.\u00a0\u00a0<\/p>\n<p>18 artistas premiados con el programa de becas y comisiones para el arte\u00a0Latinoamericano. Casa Fugaz,\u00a0\u00a0Monumental Callao. Per\u00fa.\u00a0<\/p>\n<p><strong>La pobreza irradiante<\/strong>: 24 horas de Videoarte. Casa de Cultura de\u00a0Gibara. Cuba.\u00a0\u00a0\u00a0\u00a0<\/p>\n<p><strong>2018<\/strong><\/p>\n<p><strong>Radical Women. Latin American Art<\/strong>: 1960\/ 1985. Pinacoteca de Sao Paulo. Brasil.<br \/><strong>HERENCIA:<\/strong>\u00a0Origen y Mito. Fund. Escondida. Antofagasta .Chile.<\/p>\n<p><strong>2016\/ 2017<\/strong><\/p>\n<p><strong>Radical Women<\/strong>: Lat\u00edn American Art: 1960-1985. Hammer Museum. Los \u00c1ngeles \/Brooklyn Museum.<\/p>\n<p><strong>2015<\/strong><\/p>\n<p><strong>FOTOGR\u00c1FICA BOGOTA 2015<\/strong>: \u201cLa Fotograf\u00eda construida\u201d. Biblioteca nacional. Bogot\u00e1. Colombia.<br \/><strong>\u201cNuevas tentaciones de Narciso\u201d<\/strong>. Casa Benito Ju\u00e1rez. La Habana. Cuba Febrero\/marzo.<br \/><b>Estrictamente\u00a0personal<\/b>: XII bienal de la Habana. Centro Hispanoamericano d e cultura. La Habana. Mayo<br \/><strong>Proyecto Re-action<\/strong>. Genealog\u00eda y Contracanon. Centro cultural casal Solleric. Mallorca. Espa\u00f1a . Marzo 2<br \/><b>Video Arte en Am\u00e9rica\u00a0Latina<\/b>. The Getty research Institute. (Presentaci\u00f3n de dos videos de la serie \u201cUn camino oscuro\u201d 2011 y 2013). Junio<br \/><strong>Iconocracia<\/strong>. Espacio cult. ARTIUM. Ciudad Vitoria-Gasteiz. Espa\u00f1a. Junio<br \/><strong>Desdoblamientos<\/strong>. Exploraciones a partir de la fotograf\u00eda en M\u00e9xico. Museo Universitario del CHOPO. M\u00e9xico df.<\/p>\n<p><strong>2014<\/strong><\/p>\n<p><strong>Without Masks:<\/strong>\u00a0Contemporary afro-cuban art. Museo de Antropolog\u00eda. Univ British Columbia. Vancouver. Abril. 2014-08-<br \/><strong><em>Without Masks:<\/em><\/strong>\u00a0Contemporary Afro-cuban Art. Museum of Anthropology University British Columbia. Vancouver. Canada. Mayo 2.<br \/><strong>\u201cMujeres detr\u00e1s de la lente\u201d<\/strong>. Fototeca de Nuevo Le\u00f3n. Mty. Marzo.<br \/><strong>\u201c10 A\u00d1OS\u201d<\/strong>\u00a0Exposici\u00f3n colectiva por el x aniversario de la galler\u00eda Villa Manuela, de la Uni\u00f3n de Escritores y Artistas de Cuba. (UNEAC). La Habana. Julio. 2014.<\/p>\n<p><strong>2013<\/strong><\/p>\n<p><strong>ISLAS<\/strong>. Cuban American Phototheque Foundation. Miami. FL.<\/p>\n<p><strong>2012<\/strong><\/p>\n<p>I Festival Mirada de Mujeres. Madrid.<\/p>\n<p><strong>2011<\/strong><\/p>\n<p>Mujeres detr\u00e1s de la lente. 100 a\u00f1os de creaci\u00f3n fotogr\u00e1fica en M\u00e9xico. Fototeca de Nuevo Le\u00f3n, M\u00e9xico (expo itinerante).<\/p>\n<p><strong>2010<\/strong><\/p>\n<p><strong>La Mirada.<\/strong>\u00a0Fotograf\u00eda y Video de la colecci\u00f3n DAROS. Museo de Arte Moderno Austria (expo itinerante).<br \/><strong>AFROMODERN<\/strong>: Journeys through the Black Atlantic. TATE Liverpool<br \/><strong>\u201cQueloides\u201d\u00a0<\/strong>Centro Wifredo Lam, La Habana-Matress Factory, Pittsburgh EU.<br \/><strong>Month of Photographie de L \u00a8Amerique Latin in Paris<\/strong>\u00a0MEP (Muse\u00e9 Europe\u00e9n de la Photographie), colecci\u00f3n Maison de L\u00b4Amerique.<\/p>\n<p><strong>2009<\/strong><\/p>\n<p><strong>Fotograf\u00eda Regia<\/strong>: Sal\u00f3n de premiados de Fotograf\u00eda de Nuevo Le\u00f3n. M\u00e9xico. Centro de la Imagen. M\u00e9xico, D.F.<\/p>\n<p><strong>2008<\/strong><\/p>\n<p><strong>\u201cLas formas temporales\u201d<\/strong>: Video-creaci\u00f3n: Alianza Francesa de Cuba, La Habana.<br \/><strong>Sal\u00f3n de finalistas 2008<\/strong>.Fundaci\u00f3n Cintas. Frost Art Museum, Universidad de Florida, Miami.<\/p>\n<p><strong>2007<\/strong>\u00a0<\/p>\n<p><strong>\u201cCaribbean Encounters\u201d<\/strong>\u00a0Brooklyn Museum NY.<br \/><strong>Trienal de\u00a0<\/strong><b>Mil\u00e1n<\/b>\u00a0TIMER 01<br \/><strong>Intimacy-Intimit\u00e1<\/strong>. Mil\u00e1n.<br \/><strong>Al otro lado del Alma<\/strong>\u00a0C\u00edrculo de Bellas Artes, Santa Cruz de Tenerife.<\/p>\n<p><strong>2006<\/strong><\/p>\n<p><strong>Colecci\u00f3n DAROS Latinamerica<\/strong>. Dublin, Irlanda.\/La Visi\u00f3n Impura. Centro de Arte Reina Sof\u00eda. Madrid. \/ IX Bienal de Fotograf\u00eda. Fototeca de Cuba.<\/p>\n<p><strong>2005<\/strong><\/p>\n<p><strong>Bienal de Fotograf\u00eda<\/strong>. Centro de la Imagen. M\u00e9xico D.F.<br \/><strong>La Costilla Maldita<\/strong>. Centro Atl\u00e1ntico de Arte Moderno (CAAM), Las Palmas de Gran Canaria.<\/p>\n<p><strong>2004<\/strong><\/p>\n<p><strong>Cuban Women Photographers<\/strong>, Fraser Gallery. Washington.<\/p>\n<p><strong>2003<\/strong><\/p>\n<p><strong>Mapas Abiertos<\/strong>. Fotograf\u00eda Latinoamericana 1991-2002 \/Fundaci\u00f3n Telef\u00f3nica. Madrid- Palau de la Virreina. Barcelona.<\/p>\n<p><strong>2000<\/strong><\/p>\n<p><strong>Bienal de Kwanju.Corea<\/strong>.<br \/><strong>The Song of the Earth<\/strong>.<br \/><strong>Museo Fridericianum<\/strong>. Kassel Alemania.<br \/><strong>Est\u00e9tica Latinamericana<\/strong>\u00a0Museo Sof\u00eda Imber. Caracas. Venezuela.<\/p>\n<p><strong>PREMIOS Y RECONOCIMIENTOS:<\/strong><\/p>\n<p><strong>1999\u00a0<\/strong>\u2013 Recibe medalla de reconocimiento por la cultura cubana otorgado por el MInisterio de Cultura de Cuba.<\/p>\n<p><strong>2012\u00a0<\/strong>\u2013 Premio por Reconocimiento a Carrera y trayectoria art\u00edstica. Fundaci\u00f3n Cisneros-Fontanals. Miami. FL.<\/p>\n<p><strong>2011-2005<\/strong>\u00a0\u2013 Recibe beca otorgada por el Fondo Nacional para la Cultura y las Artes de M\u00e9xico (FONCA) formando parte del Sistema Nacional de Creadores .<\/p>\n<p><strong>1999<\/strong>\u00a0\u2013 Premio compartido del Sal\u00f3n de Fotograf\u00eda de Nuevo Le\u00f3n Mexico.<\/p>\n<p><strong>1998<\/strong>\u00a0\u2013 Recibe beca de la Fundaci\u00f3n Guggenheim.NY.<\/p>\n<p><strong>1997<\/strong>\u00a0\u2013 Premio Artista Revelaci\u00f3n Feria de ARCO. Madrid.<\/p>\n<\/div>\n<\/div>\n\t\t\t\t\t\t\t\t<\/div>\n\t\t\t\t<\/div>\n\t\t\t\t\t<\/div>\n\t\t<\/div>\n\t\t\t\t\t<\/div>\n\t\t<\/section>\n\t\t\t\t<\/div>\n\t\t","protected":false},"excerpt":{"rendered":"<p>MARTA MAR\u00cdA P\u00e9rez Bravo La Habana, Cuba, 1959 LA HABANA, CUBA 1959.RESIDE Y TRABAJA EN MEXICO DESDE 1995&#8230;.<\/p>\n","protected":false},"author":3,"featured_media":0,"parent":0,"menu_order":0,"comment_status":"closed","ping_status":"closed","template":"","meta":{"footnotes":""},"class_list":["post-44772","page","type-page","status-publish","hentry"],"_links":{"self":[{"href":"https:\/\/artizar.es\/en\/wp-json\/wp\/v2\/pages\/44772","targetHints":{"allow":["GET"]}}],"collection":[{"href":"https:\/\/artizar.es\/en\/wp-json\/wp\/v2\/pages"}],"about":[{"href":"https:\/\/artizar.es\/en\/wp-json\/wp\/v2\/types\/page"}],"author":[{"embeddable":true,"href":"https:\/\/artizar.es\/en\/wp-json\/wp\/v2\/users\/3"}],"replies":[{"embeddable":true,"href":"https:\/\/artizar.es\/en\/wp-json\/wp\/v2\/comments?post=44772"}],"version-history":[{"count":1,"href":"https:\/\/artizar.es\/en\/wp-json\/wp\/v2\/pages\/44772\/revisions"}],"predecessor-version":[{"id":44773,"href":"https:\/\/artizar.es\/en\/wp-json\/wp\/v2\/pages\/44772\/revisions\/44773"}],"wp:attachment":[{"href":"https:\/\/artizar.es\/en\/wp-json\/wp\/v2\/media?parent=44772"}],"curies":[{"name":"wp","href":"https:\/\/api.w.org\/{rel}","templated":true}]}}