{"id":44774,"date":"2025-12-26T18:27:42","date_gmt":"2025-12-26T18:27:42","guid":{"rendered":"https:\/\/artizar.es\/bio-martin-y-sicilia\/"},"modified":"2025-12-26T18:27:43","modified_gmt":"2025-12-26T18:27:43","slug":"bio-martin-y-sicilia","status":"publish","type":"page","link":"https:\/\/artizar.es\/en\/bio-martin-y-sicilia\/","title":{"rendered":"Bio Mart\u00edn y Sicilia"},"content":{"rendered":"\t\t<div data-elementor-type=\"wp-page\" data-elementor-id=\"44774\" class=\"elementor elementor-44774 elementor-44627\" data-elementor-settings=\"{&quot;element_pack_global_tooltip_width&quot;:{&quot;unit&quot;:&quot;px&quot;,&quot;size&quot;:&quot;&quot;,&quot;sizes&quot;:[]},&quot;element_pack_global_tooltip_width_tablet&quot;:{&quot;unit&quot;:&quot;px&quot;,&quot;size&quot;:&quot;&quot;,&quot;sizes&quot;:[]},&quot;element_pack_global_tooltip_width_mobile&quot;:{&quot;unit&quot;:&quot;px&quot;,&quot;size&quot;:&quot;&quot;,&quot;sizes&quot;:[]},&quot;element_pack_global_tooltip_padding&quot;:{&quot;unit&quot;:&quot;px&quot;,&quot;top&quot;:&quot;&quot;,&quot;right&quot;:&quot;&quot;,&quot;bottom&quot;:&quot;&quot;,&quot;left&quot;:&quot;&quot;,&quot;isLinked&quot;:true},&quot;element_pack_global_tooltip_padding_tablet&quot;:{&quot;unit&quot;:&quot;px&quot;,&quot;top&quot;:&quot;&quot;,&quot;right&quot;:&quot;&quot;,&quot;bottom&quot;:&quot;&quot;,&quot;left&quot;:&quot;&quot;,&quot;isLinked&quot;:true},&quot;element_pack_global_tooltip_padding_mobile&quot;:{&quot;unit&quot;:&quot;px&quot;,&quot;top&quot;:&quot;&quot;,&quot;right&quot;:&quot;&quot;,&quot;bottom&quot;:&quot;&quot;,&quot;left&quot;:&quot;&quot;,&quot;isLinked&quot;:true},&quot;element_pack_global_tooltip_border_radius&quot;:{&quot;unit&quot;:&quot;px&quot;,&quot;top&quot;:&quot;&quot;,&quot;right&quot;:&quot;&quot;,&quot;bottom&quot;:&quot;&quot;,&quot;left&quot;:&quot;&quot;,&quot;isLinked&quot;:true},&quot;element_pack_global_tooltip_border_radius_tablet&quot;:{&quot;unit&quot;:&quot;px&quot;,&quot;top&quot;:&quot;&quot;,&quot;right&quot;:&quot;&quot;,&quot;bottom&quot;:&quot;&quot;,&quot;left&quot;:&quot;&quot;,&quot;isLinked&quot;:true},&quot;element_pack_global_tooltip_border_radius_mobile&quot;:{&quot;unit&quot;:&quot;px&quot;,&quot;top&quot;:&quot;&quot;,&quot;right&quot;:&quot;&quot;,&quot;bottom&quot;:&quot;&quot;,&quot;left&quot;:&quot;&quot;,&quot;isLinked&quot;:true}}\" data-elementor-post-type=\"page\">\n\t\t\t\t\t\t<section class=\"elementor-section elementor-top-section elementor-element elementor-element-d97a3a4 elementor-section-full_width elementor-section-height-min-height elementor-section-height-default elementor-section-items-middle\" data-id=\"d97a3a4\" data-element_type=\"section\" data-e-type=\"section\" data-settings=\"{&quot;background_background&quot;:&quot;classic&quot;}\">\n\t\t\t\t\t\t<div class=\"elementor-container elementor-column-gap-default\">\n\t\t\t\t\t<div class=\"elementor-column elementor-col-100 elementor-top-column elementor-element elementor-element-444ad82\" data-id=\"444ad82\" data-element_type=\"column\" data-e-type=\"column\">\n\t\t\t<div class=\"elementor-widget-wrap elementor-element-populated\">\n\t\t\t\t\t\t<div class=\"elementor-element elementor-element-79d257c elementor-widget elementor-widget-heading\" data-id=\"79d257c\" data-element_type=\"widget\" data-e-type=\"widget\" data-widget_type=\"heading.default\">\n\t\t\t\t<div class=\"elementor-widget-container\">\n\t\t\t\t\t<h2 class=\"elementor-heading-title elementor-size-default\">Mart\u00edn y Sicilia<\/h2>\t\t\t\t<\/div>\n\t\t\t\t<\/div>\n\t\t\t\t<div class=\"elementor-element elementor-element-ab5b6b2 elementor-widget elementor-widget-heading\" data-id=\"ab5b6b2\" data-element_type=\"widget\" data-e-type=\"widget\" data-widget_type=\"heading.default\">\n\t\t\t\t<div class=\"elementor-widget-container\">\n\t\t\t\t\t<h2 class=\"elementor-heading-title elementor-size-default\">Tenerife, 1971 \u00b7 Tenerife, 1974<\/h2>\t\t\t\t<\/div>\n\t\t\t\t<\/div>\n\t\t\t\t<div class=\"elementor-element elementor-element-7804db5 elementor-widget elementor-widget-text-editor\" data-id=\"7804db5\" data-element_type=\"widget\" data-e-type=\"widget\" data-widget_type=\"text-editor.default\">\n\t\t\t\t<div class=\"elementor-widget-container\">\n\t\t\t\t\t\t\t\t\t<p><strong>EXPOSICIONES INDIVIDUALES<\/strong><\/p>\n<p><strong>\u00a0<\/strong><\/p>\n<p><strong>2021 \u2013<\/strong>\u00a0\u00a0<em>El Gran Libro de la H\u00aa del Arte de Mart\u00edn y Sicilia<\/em>. Casa de la cultura Agust\u00edn de la Hoz. Arrecife. Lanzarote<\/p>\n<p><strong>2019 \u2013<\/strong>\u00a0<em>Un intervalo.<\/em>\u00a0Centro de Arte Tom\u00e1s y Valiente. CEART. Fuenlabrada. Madrid.<\/p>\n<p><strong>2018 \u2013<\/strong>\u00a0<em>De buena casa, buena brasa.<\/em>\u00a0Galer\u00eda Artizar. La Laguna. Tenerife<\/p>\n<p><strong>2017 \u2013<\/strong>\u00a0\u00a0<em>Perdona por las cosas que te dije en invierno.<\/em>\u00a0Centro de Arte La Regenta. Las Palmas de Gran Canaria.<\/p>\n<p><em>Perdona por las cosas que te dije en invierno<\/em>. Centro de Arte Juan Ismael. Fuerteventura.<\/p>\n<p><strong>2016 \u2013<\/strong>\u00a0\u00a0<em>Perdona por las cosas que te dije en invierno.<\/em>\u00a0Instituto de Canarias Cabrera Pinto. La Laguna. Tenerife.<\/p>\n<p><em>Lo que tu digas cari\u00f1o.<\/em>\u00a0Ses Cases Noves. Santanyi. Mallorca.<\/p>\n<p><strong>2015 \u2013<\/strong>\u00a0\u00a0<em>Dime qui\u00e9n soy y te dir\u00e9 qui\u00e9n eres.<\/em>\u00a0Galer\u00eda Kir Royal. Valencia.<\/p>\n<p><strong>2014 \u2013<\/strong>\u00a0<em>Por el infierno que merec\u00ed.<\/em>\u00a0Galer\u00eda Nina Menocal. M\u00e9xico DF.<\/p>\n<p><em>Dele color al difunto.<\/em>\u00a0Galer\u00eda Artizar. La Laguna. Tenerife.<\/p>\n<p><em>Souvenir.<\/em>\u00a0Arte Santander. Galer\u00eda Artizar. Santander.<\/p>\n<p><em>Los maridos no cenan en casa.<\/em>\u00a0Galer\u00eda N2. Barcelona.<\/p>\n<p><strong>2013 \u2013<\/strong>\u00a0<em>Cliffhanger.<\/em>\u00a0Galer\u00eda Ferr\u00e1n Cano. Barcelona.<\/p>\n<p><strong>2012 \u2013<\/strong>\u00a0<em>Que nos quiten lo bailado.\u00a0<\/em>Momo Gallery. Johannesburg. South Africa.<\/p>\n<p><strong>2011 \u2013<\/strong>\u00a0<em>Black Friday.<\/em>\u00a0TEA. Santa Cruz de Tenerife.<\/p>\n<p><em>Tipping Point .<\/em>\u00a0Galer\u00eda Nina Menocal. M\u00e9xico.<\/p>\n<p><em>Entre Carbones.<\/em>\u00a0Galer\u00eda Artizar. La Laguna. Tenerife.<\/p>\n<p><strong>2009 \u2013<\/strong>\u00a0<em>Dominios privados y v\u00edas p\u00fablicas.<\/em>\u00a0Galer\u00eda Ferran Cano. Palma de Mallorca<\/p>\n<p><strong>2008 \u2013<\/strong>\u00a0<em>Una sarta de mentiras.<\/em>\u00a0Galer\u00eda Ferr\u00e1n Cano. Barcelona.<\/p>\n<p><strong>2007 \u2013<\/strong>\u00a0<em>Aforo Completo.<\/em>\u00a0Galer\u00eda Nina Menocal. M\u00e9jico DF.<\/p>\n<p>Docks Art Fair. Galer\u00eda Nina Menocal. Lyon.<\/p>\n<p><strong>2006 \u2013<\/strong>\u00a0<em>El Combate.<\/em>\u00a0Espai Cuattre. Palma de Mallorca.<\/p>\n<p><em>Exceso de equipaje.<\/em>\u00a0Galer\u00eda Nara Roesler. Sao Paolo.<\/p>\n<p><strong>2005 \u2013<\/strong>\u00a0<em>Temporada alta.<\/em>\u00a0m:acontemporary\u00a0 Galerie. Berl\u00edn.<\/p>\n<p><em>Plan B.<\/em>\u00a0VIII Bienal de Fotograf\u00eda. Fotonoviembre. Galer\u00eda Artizar. Tenerife.<\/p>\n<p><strong>2004 \u2013<\/strong>\u00a0<em>Los vecinos no tienen porqu\u00e9 enterarse<\/em>. CAAM. San Antonio Abad. Las Palmas de Gran Canaria.<\/p>\n<p><strong>2003 \u2013<\/strong>\u00a0<em>Relatos de bolsillo.<\/em>\u00a0Galer\u00eda Ferr\u00e1n Cano. Palma de Mallorca.<\/p>\n<p><strong>2002 \u2013<\/strong>\u00a0<em>Nos ponemos el mundo por montera.<\/em>\u00a0Espacio C. Camargo. Cantabria.<\/p>\n<p><em>Escenas de la vida cotidiana<\/em>. Galer\u00eda del L\u2019Oeil, Par\u00eds.<\/p>\n<p><strong>2001 \u2013<\/strong>\u00a0<em>Los impostores.<\/em>\u00a0Galer\u00eda Val i 30. Valencia.<\/p>\n<p><strong>2000 \u2013<\/strong>\u00a0<em>Curiosos impertinentes<\/em>. Galer\u00eda Miguel Marcos. Barcelona.<\/p>\n<p><strong>1999 \u2013<\/strong>\u00a0<em>En el estudio del Pintor.<\/em>\u00a0Galer\u00eda MyName\u2019s Lolita Art. Valencia.<\/p>\n<p><strong>1997 \u2013<\/strong>\u00a0<em>Vidas ejemplares.<\/em>\u00a0C\u00edrculo de Bellas Arte. Santa Cruz de Tenerife.<\/p>\n<p><em>Estancia en el bosque.<\/em>\u00a0Hotel y Arte. Galer\u00eda Manuel Ojeda. Sevilla.<\/p>\n<p><strong>1995 \u2013<\/strong>\u00a0<em>Nos ponemos por los suelos.<\/em>\u00a0Ateneo de La Laguna. Tenerife.<\/p>\n<p>\u00a0<\/p>\n<p><strong>EXPOSICIONES COLECTIVAS (selecci\u00f3n)<\/strong><\/p>\n<p><strong>2021 \u2013\u00a0<\/strong>\u00a0A la manera de\u2026 Galer\u00eda Rafael Ort\u00edz. Sevuilla<\/p>\n<p>Turn Over 3. Galler\u00eda Paola Verrengia. Italia.<\/p>\n<p>Expo Chicago. Galer\u00eda Artizar. (Online).<\/p>\n<p>Another Fair. Galer\u00eda Artizar. (Online).<\/p>\n<p><strong>2020 \u2013<\/strong>\u00a0En dialogo, CAAM, Las Palmas de Gran Canaria.<\/p>\n<p>Despu\u00e9s de todo, La Regenta, Las Palmas de Gran Canaria.<\/p>\n<p><strong>2019 \u2013<\/strong>\u00a0Impermanciencias. Galer\u00eda Nina Menocal. M\u00e9xico DF<\/p>\n<p>Turn Over. Galleria Paola Verrengia. Italia.<\/p>\n<p>13 Bienal de la Habana. Secci\u00f3n detr\u00e1s del muro. La Habana Cuba.<\/p>\n<p>Dos orillas, Galer\u00eda Moleiro, La Habana, Cuba<\/p>\n<p>Crisis What Crisis Cap\u00edtulo 3. TEA. Santa Cruz de Tenerife.<\/p>\n<p><strong>2018 \u2013<\/strong>\u00a0Artefiera 18. Galler\u00eda Paola Verrengia. Italia.<\/p>\n<p>Crisis? What Crisis? Capitulo 2. Dibujo. TEA. Santa Cruz de Tenerife.<\/p>\n<p>Kunst Rai Art Amsterdam. N2 Galer\u00eda. Amsterdam<\/p>\n<p>Context New York. Galeria. New York.<\/p>\n<p>Art Verona 18. Galler\u00eda Paola Verrengia. Italia.<\/p>\n<p>Leonard Berstein. San Antonio Abad. CAAM, Las Palmas de Gran Canaria.<\/p>\n<p><strong>2017 \u2013<\/strong>\u00a0ARCO17. Art.es. Madrid<\/p>\n<p>CONTEXT MIAMI.\u00a0 Galer\u00eda N2. Miami.<\/p>\n<p>IX Bienal de Lanzarote. Charco de San Gin\u00e9s. Lanzarote.<\/p>\n<p><strong>2016 \u2013<\/strong>\u00a0<em>Schermi Rubati<\/em>. Galer\u00eda Paola Verrengia. Salerno. Italia.<\/p>\n<p>Art Madrid. Galer\u00eda Kir Royal.<\/p>\n<p><em>\u00bfQui\u00e9n es ese hombre ?<\/em>\u00a0TEA. Santa Cruz de Tenerife.<\/p>\n<p>Art Marbella. Galer\u00eda Casa Cuadrada. Marbella.<\/p>\n<p><em>De obra en obra y tiro porque me toca.<\/em>\u00a0TEA. Santa Cruz de Tenerife.<\/p>\n<p><strong>2014 \u2013<\/strong>\u00a0Justmad. Galer\u00eda\u00a0 Casa Cuadrada. Madrid<\/p>\n<p>Art Lima. Galer\u00eda\u00a0 Casa Cuadrada. Per\u00fa.<\/p>\n<p>Colectiva.\u00a0 Casa Cuadrada. Bogot\u00e1.<\/p>\n<p><em>Memorias de contrabando.\u00a0<\/em>La Recova. Santa Cruz de Tenerife.<\/p>\n<p>Colectiva Galer\u00eda Artizar. La Laguna. Tenerife.<\/p>\n<p><strong>2013 \u2013<\/strong>\u00a0<em>Grey Flag.<\/em>\u00a0Artium. Vitoria.<\/p>\n<p>Justmad. Galer\u00eda Artizar. Madrid<\/p>\n<p><em>On Painting.<\/em>\u00a0CAAM. Las Palmas de\u00a0 Gran Canaria.<\/p>\n<p><em>Juego de M\u00e1scaras.<\/em>\u00a0La Regenta. Las Palmas de Gran Canaria.<\/p>\n<p>Art Lima. Galer\u00eda Casa cuadrada. Per\u00fa.<\/p>\n<p><em>Fiacaracas.<\/em>\u00a0Galer\u00eda Casa Cuadrada. Venezuela.<\/p>\n<p>Colectiva. Galer\u00eda Casa Cuadrada. Bogot\u00e1.<\/p>\n<p>Fotonoviembre. TEA. Santa Cruz de Tenerife<\/p>\n<p><em>Sin Escala.\u00a0<\/em>DA2 . Salamanca.<\/p>\n<p><strong>2012 \u2013<\/strong>\u00a0Siete estrellas verdes. Kunstraum De Castro. Frankfurt.<\/p>\n<p><em>Juego de m\u00e1scaras.<\/em>\u00a0TEA. Santa Cruz de Tenerife.<\/p>\n<p>Art Bologne.\u00a0 Galer\u00eda Ferr\u00e1n Cano. Bologne<\/p>\n<p><em>Draw the line<\/em>.\u00a0 Lieb Kranz Galerie. Berlin<\/p>\n<p>Joburg Art Fair. Momo Gallery. Johannesburgo. South Africa.<\/p>\n<p><strong>2011 \u2013<\/strong>\u00a0Armory\u00a0 Show. Galer\u00eda Nina Menocal. New York.<\/p>\n<p>Art Chicago. Galer\u00eda Ferr\u00e1n Cano. Chicago.<\/p>\n<p><em>Landscapes.<\/em>\u00a0Galer\u00eda Nina Menocal. M\u00e9xico DF.<\/p>\n<p>Open Studio. El apartamento. Santa Cruz de Tenerife.<\/p>\n<p>On porto bay- Funchal. Madeira<\/p>\n<p>Art platform. Galer\u00eda Nina Menocal. Los \u00c1ngeles.<\/p>\n<p><strong>2010 \u2013<\/strong>\u00a0Reina 39. Madrid<\/p>\n<p>Art Chicago, Galer\u00eda Ferr\u00e1n Cano. Chicago<\/p>\n<p>Viena Art Fair. Galer\u00eda Nina Menocal , Galer\u00eda Gritta Insam. Viena<\/p>\n<p>Artefiera. Galer\u00eda Ferr\u00e1n Cano, Bolonia.<\/p>\n<p><strong>2009 \u2013<\/strong>\u00a0ARCO 09. Galer\u00eda\u00a0 Nara Roesler. Madrid.<\/p>\n<p>Bienal de Inca. URBANEA. Ibiza-Palma de Mallorca.<\/p>\n<p><em>Pocket Utopia.<\/em>\u00a0Brooklyn. New York.<\/p>\n<p>Art Chicago. Galer\u00eda Ferr\u00e1n Cano. Chicago.<\/p>\n<p>Caro Amico. Galer\u00eda Torbandena. Trieste.<\/p>\n<p>Hot Art Fair.09. Galer\u00eda Nina Menocal. Basel.<\/p>\n<p><em>Retrospainting<\/em>. Galer\u00eda Ulf Saupe. Berl\u00edn.<\/p>\n<p><em>Di\u00e1logos<\/em>. La Regenta. Las Palmas de Gran Canaria<\/p>\n<p><em>\u00a0<\/em><em>Pintoresco<\/em>. CCE\/G. Guatemala.<\/p>\n<p><em>\u00a0Show Room<\/em>. Galer\u00eda Artizar. Tenerife.<\/p>\n<p>Art Miami. Galer\u00eda Ferr\u00e1n Cano. Miami.<\/p>\n<p>Pulse Miami. Galer\u00eda Nina Menocal. Miami.<\/p>\n<p><em>Nikisi Project.<\/em>\u00a0Galer\u00eda Nina Menocal. Miami.<\/p>\n<p><strong>2008 \u2013<\/strong>\u00a0<em>8.1.<\/em>\u00a0Centro Atl\u00e1ntico de Arte Moderno. Las Palmas de Gran Canaria.<\/p>\n<p>ARCO 08. Galer\u00eda Ferr\u00e1n Cano. Galer\u00eda Nara Roesler. Madrid<\/p>\n<p>PULSE Art Fair. Galer\u00eda Nina Menocal. New York.<\/p>\n<p>Art Cologne 08. Galer\u00eda Ferr\u00e1n Cano. Colonia.<\/p>\n<p>Balelatina 08. Galer\u00eda Nina Menocal.\u00a0 Basel.<\/p>\n<p><em>Other Ideas.<\/em>\u00a0Charles Cowles Gallery. New York.<\/p>\n<p>Dot Art Fair. Galer\u00eda Ferr\u00e1n Cano. Londres.<\/p>\n<p>Art Forum Berlin. Galer\u00eda Nina Menocal. Berlin.<\/p>\n<p>Pulse Art Fair. Galer\u00eda Nina Menocal. Miami.<\/p>\n<p><em>\u00a0Parejas<\/em>. Colecci\u00f3n APM. CICCA. Las Palmas de Gran Canaria.<\/p>\n<p>TEA. Tenerife Espacio de las Artes. Santa Cruz de Tenerife.<\/p>\n<p><strong>2007 \u2013<\/strong>\u00a0ARCO 07. Galer\u00eda Ferr\u00e1n Cano. Madrid.<\/p>\n<p>Art Cologne 07. Galer\u00eda Ferr\u00e1n Cano. Colonia.<\/p>\n<p>SP Art. Galer\u00eda Nara Roesler. Sao Paulo.<\/p>\n<p>MACO. Galer\u00eda Nina Menocal M\u00e9jico DF.<\/p>\n<p><em>BabyBody<\/em>. Kunsthalle Darmstadt.<\/p>\n<p>ArteBA. Galer\u00eda Nara Roeler. Buenos Aires.<\/p>\n<p>Balelatina. Galer\u00eda Nina Menocal. Basel<\/p>\n<p>BIDA. Bienal del Deporte. Gij\u00f3n<\/p>\n<p><em>\u00a0OverHet<\/em>. NDSM. \u00c1msterdam.<\/p>\n<p><em>Arte, S\u00e1tira, Subversi\u00f3n.<\/em>\u00a0Casa de Am\u00e9rica. Madrid.<\/p>\n<p>Art-Palma. Galer\u00eda Ferr\u00e1n Cano. Palma de Mallorca.<\/p>\n<p>Art Forum Berl\u00edn. Galer\u00eda Nina Menocal. Berl\u00edn.<\/p>\n<p>Pulse Art Fair. Galer\u00eda Nina Menocal. Miami.<\/p>\n<p><strong>2006 \u2013<\/strong>\u00a0ARCO 06. Galer\u00eda Ferr\u00e1n Cano. Madrid<\/p>\n<p><em>Habana-Berl\u00edn.<\/em>\u00a0IX Bienal de La Habana. Colateral. Cuba<\/p>\n<p>MACO. Mackey Gallery. M\u00e9jico.<\/p>\n<p>Artistas de la galer\u00eda. Galer\u00eda Nina Menocal. M\u00e9jico DF.<\/p>\n<p>X Bienal de Dakar. Off. Dakar.<\/p>\n<p>Colectiva. Mackey Gallery. Houston.<\/p>\n<p>Art Forum Berlin. Galer\u00eda Nina Menocal. Berl\u00edn.<\/p>\n<p>Scope-London. Galeria Nina Menocal. Londres.<\/p>\n<p>Art Cologne. Galer\u00eda Ferr\u00e1n Cano. Colonia.<\/p>\n<p>II Encuetro Europeo de Arte Joven. Palacio de S\u00e1stago, Zaragoza<\/p>\n<p><strong>2005 \u2013<\/strong>\u00a0ARCO 05. Galer\u00eda Ferr\u00e1n Cano. Madrid.<\/p>\n<p><em>Arteamericas.<\/em>\u00a0Mackey Gallery. Miami.<\/p>\n<p>Kunstsalon. Galer\u00eda\u00a0 m:acontemporary. Berl\u00edn.<\/p>\n<p>Art Cologne. Galer\u00eda Ferr\u00e1n Cano. Colonia<\/p>\n<p><em>Pintura Relativa: Escuela de La Laguna.<\/em>\u00a0III Bienal de Lanzarote.<\/p>\n<p><strong>2004 \u2013<\/strong>\u00a0<em>Postales desde Cuba.<\/em>\u00a0Henie Onstad Kunsenter. Oslo.<\/p>\n<p>ARCO 04. Galer\u00eda Ferr\u00e1n Cano. Madrid.<\/p>\n<p><em>Billete de Ida.\u00a0<\/em>Reina 39. Madrid<\/p>\n<p>VI Bienal de Miniaturas. Ermita Gran Poder. Bajamar. Tenerife.<\/p>\n<p>Art Cologne. Galer\u00eda Ferr\u00e1n Cano. Colonia.<\/p>\n<p><strong>2003 \u2013<\/strong>\u00a0<em>Las tentaciones de San Antonio<\/em>. CAAM. Las Palmas de Gran Canaria.<\/p>\n<p>La Reina 39. Madrid.<\/p>\n<p>VIII Bienal de La Habana. Cuba.<\/p>\n<p><strong>2002 \u2013<\/strong>\u00a0ARCO 02. Galer\u00eda Manuel Ojeda. Madrid.<\/p>\n<p><em>Libertades vigiladas<\/em>. Galer\u00eda Val i 30. Valencia.<\/p>\n<p>V Bienal de Miniaturas. Ermita Gran Poder. Bajamar. Tenerife.<\/p>\n<p><em>La Colecci\u00f3n<\/em>. CAAM. Las Palmas de Gran Canaria.<\/p>\n<p><strong>2001 \u2013<\/strong>\u00a0ARCO 01. Galer\u00eda Manuel Ojeda. Galer\u00eda Miguel Marcos. Galer\u00eda Val i 30. Madrid<\/p>\n<p><em>Generaci\u00f3n 2001.<\/em>\u00a0Cajamadrid.<\/p>\n<p><em>Drawings<\/em>. Galer\u00eda Carmen de la Guerra. Madrid.<\/p>\n<p><em>La Divina tragedia<\/em>. Galer\u00eda Espacio L\u00edquido. Gij\u00f3n.<\/p>\n<p><em>Canarias siglo XX<\/em>.\u00a0 La Granja. Santa Cruz de Tenerife. La Regenta. Las Palmas de Gran Canaria.<\/p>\n<p><em>Esto no es una fotograf\u00eda.\u00a0<\/em>Centro de Fotograf\u00eda Isla de Tenerife.<\/p>\n<p>IV Encentro de Fotograf\u00eda Africana. Galer\u00eda Chab. Bamako. Mali.<\/p>\n<p>VI Bienal de Fotograf\u00eda. Fotonoviembre. Sala Cajacanarias. La Laguna. Tenerife.<\/p>\n<p><em>Colecci\u00f3n Testimoni.<\/em>\u00a0La Regenta. Las Palmas de Gran Canaria.<\/p>\n<p><strong>2000 \u2013<\/strong>\u00a0ARCO 00. Galer\u00eda Manuel Ojeda. Stand ABC. Madrid.<\/p>\n<p>IV\u00a0 Bienal de Miniaturas. Ermita Gran Poder. Bajamar. Tenerife.<\/p>\n<p><strong>1999 \u2013<\/strong>\u00a0ARCO 99. Galer\u00eda Manuel Ojeda. Madrid.<\/p>\n<p><em>Espacio Abierto.<\/em>\u00a0Galer\u00eda Ferr\u00e1n Cano. Barcelona.<\/p>\n<p><em>Postales desde el frente.\u00a0<\/em>Ateneo de La Laguna. Tenerife<\/p>\n<p><em>Convergencias, divergencias.\u00a0<\/em>CAAM. Las Palmas de Gran Canaria.<\/p>\n<p><strong>1998 \u2013<\/strong>\u00a0ARCO 98. Galer\u00eda Manuel Ojeda. Madrid.<\/p>\n<p><em>Otros Formatos.<\/em>\u00a0Galer\u00eda Manuel Ojeda. Las Palmas de Gran Canaria.<\/p>\n<p>III Bienal de miniaturas. Ermita Gran Poder. Bajamar. Tenerife.<\/p>\n<p><strong>1997 \u2013<\/strong>\u00a0<em>Figuraciones ind\u00edgenas<\/em>. La Granja. Santa Cruz\u00a0 de Tenerife. La Regenta. Las Palmas de Gran Canaria.<\/p>\n<p><em>New Art.\u00a0<\/em>Galer\u00eda Manuel Ojeda. Barcelona.\u00a0<em>Mundo, magia, memoria<\/em>. I.E.S. La Laguna. Tenerife.<\/p>\n<p><strong>1996 \u2013<\/strong>\u00a0II Bienal de Miniaturas. Ermita Gran Poder. Bajamar. Tenerife<\/p>\n<p>Museo de arte contempor\u00e1neo de Garachico.<\/p>\n<p>Colegio de Arquitectos Santa Cruz de Tenerife. Tenerife.<\/p>\n<p>\u00a0<\/p>\n<p><strong>PREMIOS<\/strong><\/p>\n<p>\u00a0<\/p>\n<p>1er Premio, Villa de Santany\u00ed. 2016<\/p>\n<p>Menci\u00f3n de Honor. Premio ABC de Fotograf\u00eda<\/p>\n<p>Premio Ron Brugal a los artistas emergentes de ARCO 07<\/p>\n<p>Premio Villa Norte. Santa Cruz de Tenerife. 1998<\/p>\n<p>Premio Adeje. 1999<\/p>\n<p>\u00a0<\/p>\n<p><strong>MUSEOS Y COLECCIONES<\/strong><\/p>\n<p>\u00a0<\/p>\n<p>Colecci\u00f3n CEART, Madrid.<\/p>\n<p>Colecci\u00f3n ARTIUM, Vitoria.<\/p>\n<p>Colecci\u00f3n Gobierno de Canarias<\/p>\n<p>Colecci\u00f3n Testimonio, Fundaci\u00f3n de La Caixa<\/p>\n<p>Colecci\u00f3n TEA. Santa Cruz de Tenerife.<\/p>\n<p>Colecci\u00f3n APM, Las Palmas de Gran Canaria<\/p>\n<p>Centro de Fotograf\u00eda Isla de Tenerife.<\/p>\n<p>Espacio C, Camargo, Cantabria<\/p>\n<p>Colecci\u00f3n CAAM, Las Palmas de Gran Canaria<\/p>\n<p>Colecci\u00f3n Ron Brugal.<\/p>\n<p>Colecci\u00f3n Ayuntamiento de Palma de Mallorca.<\/p>\n<p>Colecci\u00f3n Ayuntamiento de Murcia.<\/p>\n<p>Colecci\u00f3n Juan Red\u00f3n, Barcelona.<\/p>\n<p>Colecci\u00f3n Ses Cases Noves, Mallorca.<\/p>\n<p>Colecci\u00f3n Apama Mackey, Houston.<\/p>\n<p>Colecci\u00f3n Sabater, Tenerife.<\/p>\n<p>\u00a0<\/p>\n<p><strong>COMISARIADOS<\/strong><\/p>\n<p>\u00a0<\/p>\n<p>2013 \/ 2016\u00a0 Exposiciones 3 gardenias. Santa Cruz de Tenerife.<\/p>\n<p>2014 \/ 2015\u00a0 Direcci\u00f3n de la Sala de Exposiciones del Ateneo de La Laguna.<\/p>\n<p>2010\u00a0\u00a0<em>Special Guests.<\/em>\u00a0C\u00edrculo de BBAA. Tenerife.<\/p>\n<p>2007\u00a0 Revista\u00a0<em>Sublime<\/em>\u00a0especial Canarias.<\/p>\n<p>2001\u00a0\u00a0<em>La Divina Tragedia.<\/em>\u00a0Espacio L\u00edquido. Gij\u00f3n.<\/p>\n<p>2001 \/ 2009 Exposiciones Reina 39. Madrid.<\/p>\n<p>1999\u00a0\u00a0<em>Postales desde el frente<\/em>. Ateneo de La Laguna.<\/p>\n\t\t\t\t\t\t\t\t<\/div>\n\t\t\t\t<\/div>\n\t\t\t\t\t<\/div>\n\t\t<\/div>\n\t\t\t\t\t<\/div>\n\t\t<\/section>\n\t\t\t\t<\/div>\n\t\t","protected":false},"excerpt":{"rendered":"<p>Mart\u00edn y Sicilia Tenerife, 1971 \u00b7 Tenerife, 1974 EXPOSICIONES INDIVIDUALES \u00a0 2021 \u2013\u00a0\u00a0El Gran Libro de la H\u00aa&#8230;<\/p>\n","protected":false},"author":3,"featured_media":0,"parent":0,"menu_order":0,"comment_status":"closed","ping_status":"closed","template":"","meta":{"footnotes":""},"class_list":["post-44774","page","type-page","status-publish","hentry"],"_links":{"self":[{"href":"https:\/\/artizar.es\/en\/wp-json\/wp\/v2\/pages\/44774","targetHints":{"allow":["GET"]}}],"collection":[{"href":"https:\/\/artizar.es\/en\/wp-json\/wp\/v2\/pages"}],"about":[{"href":"https:\/\/artizar.es\/en\/wp-json\/wp\/v2\/types\/page"}],"author":[{"embeddable":true,"href":"https:\/\/artizar.es\/en\/wp-json\/wp\/v2\/users\/3"}],"replies":[{"embeddable":true,"href":"https:\/\/artizar.es\/en\/wp-json\/wp\/v2\/comments?post=44774"}],"version-history":[{"count":1,"href":"https:\/\/artizar.es\/en\/wp-json\/wp\/v2\/pages\/44774\/revisions"}],"predecessor-version":[{"id":44775,"href":"https:\/\/artizar.es\/en\/wp-json\/wp\/v2\/pages\/44774\/revisions\/44775"}],"wp:attachment":[{"href":"https:\/\/artizar.es\/en\/wp-json\/wp\/v2\/media?parent=44774"}],"curies":[{"name":"wp","href":"https:\/\/api.w.org\/{rel}","templated":true}]}}