{"id":44778,"date":"2025-12-26T18:28:49","date_gmt":"2025-12-26T18:28:49","guid":{"rendered":"https:\/\/artizar.es\/bio-paula-valdeon\/"},"modified":"2025-12-26T18:28:49","modified_gmt":"2025-12-26T18:28:49","slug":"bio-paula-valdeon","status":"publish","type":"page","link":"https:\/\/artizar.es\/en\/bio-paula-valdeon\/","title":{"rendered":"Bio Paula Valde\u00f3n"},"content":{"rendered":"\t\t<div data-elementor-type=\"wp-page\" data-elementor-id=\"44778\" class=\"elementor elementor-44778 elementor-44444\" data-elementor-settings=\"{&quot;element_pack_global_tooltip_width&quot;:{&quot;unit&quot;:&quot;px&quot;,&quot;size&quot;:&quot;&quot;,&quot;sizes&quot;:[]},&quot;element_pack_global_tooltip_width_tablet&quot;:{&quot;unit&quot;:&quot;px&quot;,&quot;size&quot;:&quot;&quot;,&quot;sizes&quot;:[]},&quot;element_pack_global_tooltip_width_mobile&quot;:{&quot;unit&quot;:&quot;px&quot;,&quot;size&quot;:&quot;&quot;,&quot;sizes&quot;:[]},&quot;element_pack_global_tooltip_padding&quot;:{&quot;unit&quot;:&quot;px&quot;,&quot;top&quot;:&quot;&quot;,&quot;right&quot;:&quot;&quot;,&quot;bottom&quot;:&quot;&quot;,&quot;left&quot;:&quot;&quot;,&quot;isLinked&quot;:true},&quot;element_pack_global_tooltip_padding_tablet&quot;:{&quot;unit&quot;:&quot;px&quot;,&quot;top&quot;:&quot;&quot;,&quot;right&quot;:&quot;&quot;,&quot;bottom&quot;:&quot;&quot;,&quot;left&quot;:&quot;&quot;,&quot;isLinked&quot;:true},&quot;element_pack_global_tooltip_padding_mobile&quot;:{&quot;unit&quot;:&quot;px&quot;,&quot;top&quot;:&quot;&quot;,&quot;right&quot;:&quot;&quot;,&quot;bottom&quot;:&quot;&quot;,&quot;left&quot;:&quot;&quot;,&quot;isLinked&quot;:true},&quot;element_pack_global_tooltip_border_radius&quot;:{&quot;unit&quot;:&quot;px&quot;,&quot;top&quot;:&quot;&quot;,&quot;right&quot;:&quot;&quot;,&quot;bottom&quot;:&quot;&quot;,&quot;left&quot;:&quot;&quot;,&quot;isLinked&quot;:true},&quot;element_pack_global_tooltip_border_radius_tablet&quot;:{&quot;unit&quot;:&quot;px&quot;,&quot;top&quot;:&quot;&quot;,&quot;right&quot;:&quot;&quot;,&quot;bottom&quot;:&quot;&quot;,&quot;left&quot;:&quot;&quot;,&quot;isLinked&quot;:true},&quot;element_pack_global_tooltip_border_radius_mobile&quot;:{&quot;unit&quot;:&quot;px&quot;,&quot;top&quot;:&quot;&quot;,&quot;right&quot;:&quot;&quot;,&quot;bottom&quot;:&quot;&quot;,&quot;left&quot;:&quot;&quot;,&quot;isLinked&quot;:true}}\" data-elementor-post-type=\"page\">\n\t\t\t\t\t\t<section class=\"elementor-section elementor-top-section elementor-element elementor-element-c689edc elementor-section-full_width elementor-section-height-min-height elementor-section-height-default elementor-section-items-middle\" data-id=\"c689edc\" data-element_type=\"section\" data-e-type=\"section\" data-settings=\"{&quot;background_background&quot;:&quot;classic&quot;}\">\n\t\t\t\t\t\t<div class=\"elementor-container elementor-column-gap-default\">\n\t\t\t\t\t<div class=\"elementor-column elementor-col-100 elementor-top-column elementor-element elementor-element-f97ee8e\" data-id=\"f97ee8e\" data-element_type=\"column\" data-e-type=\"column\">\n\t\t\t<div class=\"elementor-widget-wrap elementor-element-populated\">\n\t\t\t\t\t\t<div class=\"elementor-element elementor-element-4d9294e elementor-widget elementor-widget-heading\" data-id=\"4d9294e\" data-element_type=\"widget\" data-e-type=\"widget\" data-widget_type=\"heading.default\">\n\t\t\t\t<div class=\"elementor-widget-container\">\n\t\t\t\t\t<h2 class=\"elementor-heading-title elementor-size-default\">PAULA VALDE\u00d3N<\/h2>\t\t\t\t<\/div>\n\t\t\t\t<\/div>\n\t\t\t\t<div class=\"elementor-element elementor-element-a260b22 elementor-widget elementor-widget-heading\" data-id=\"a260b22\" data-element_type=\"widget\" data-e-type=\"widget\" data-widget_type=\"heading.default\">\n\t\t\t\t<div class=\"elementor-widget-container\">\n\t\t\t\t\t<h2 class=\"elementor-heading-title elementor-size-default\">Badajoz, 1992<\/h2>\t\t\t\t<\/div>\n\t\t\t\t<\/div>\n\t\t\t\t<div class=\"elementor-element elementor-element-6f0f1b0 elementor-widget elementor-widget-text-editor\" data-id=\"6f0f1b0\" data-element_type=\"widget\" data-e-type=\"widget\" data-widget_type=\"text-editor.default\">\n\t\t\t\t<div class=\"elementor-widget-container\">\n\t\t\t\t\t\t\t\t\t<p>Paula Valde\u00f3n Lemus (Badajoz, 1992) es graduada en Bellas Artes por la Universidad de Salamanca y M\u00e1ster de Investigaci\u00f3n en Arte y Creaci\u00f3n por la Universidad Complutense de Madrid.<\/p>\n<p>\u00a0<\/p>\n<p><strong>Principales becas, premios y residencias<\/strong>:<\/p>\n<p>ArteVentura Residency (upcomming julio 2024); Obra abierta Fundaci\u00f3n Caja Extremadura 2022; Ayuda a la producci\u00f3n nacional Factor\u00eda Cultural Avil\u00e9s, 2022; I Encuentros cer\u00e1micos Genalguacil Pueblo Museo, 2022; Co-net: Art residency, Castell\u00f3n 2021; Becas residencia de la Comunidad de Madrid: Aramauca (Chiapas, M\u00e9xico) 2021;Residencia Casa de Indias, C\u00e1diz, 2021; XXIII Premio de Artes Pl\u00e1sticas El Brocense; Premio\u00a0de Arte P\u00fablico\u00a0Bienal\u00a0de\u00a0Mislata\u00a0&#8220;Miquel Navarro&#8221;,2020; Premio Nacional FERIA MARTE 2020; Encuentros de Arte Genalguacil 2020; Premio Exposici\u00f3n CASA VEL\u00c1ZQUEZ\/BLANCA SOTO GALER\u00cdA, 2020; Beca ALNORTE 2019; AQU\u00cd Y AHORA 8, Galer\u00eda Blanca Soto, Madrid; Residencia FUNDACI\u00d3N ANTONIO GALA 2019; Art&lt;35 Fundaci\u00f3n Banc Sabadell 2018; 1\u00baPremio ARTE LATERAL_COMPLUTENSE 2016, Madrid<\/p>\n<p><strong>Selecci\u00f3n exposiciones<\/strong>:<\/p>\n<p><strong>2024:<\/strong> UVNT ART FAIR 2024, Galer\u00eda T\u00f6nnheim Gallery; <em>Una fuente, <\/em>Sala de exposiciones Sta.Clara JUNTAEX.(solo show);; Galer\u00eda Artizar (upcomming solo show junio)<\/p>\n<p><strong>2023:<\/strong> <em>La calle, materia<\/em>, (solo show) Thompson Madrid con Uvntart y LRV; Estampa 23 Galer\u00eda Artizar; <em>Eliminar, la tierra, <\/em>CCEMx, Ciudad de M\u00e9xico, Solo Show; ARCO23 Fundaci\u00f3n Genalguacil Pueblo Museo; <em>Artmeetsfashion, <\/em>URVANITY PROJECTS; <em>De la calle a la casa, (Di GoodCollection) <\/em>Hybrid; <em>La casa como reflejo en un espejo,<\/em> SALA DE ARTE JOVEN CCMM; <em>Strangest Collection, <\/em>Cerquone Gallery, 2023;<\/p>\n<p><strong>2022<\/strong>:\u00a0 <em>Obra abierta, <\/em>Fundaci\u00f3n Caja Extremadura, Las Claras, Plasencia;<em>Fronteras de tierra y luz, <\/em>Galer\u00eda Isolina Arbulu, Marbella; ZONA MACO 22<em>; Atrochando el territorio, <\/em>Galer\u00eda \u00c1ngeles Ba\u00f1os, Badajoz.<\/p>\n<p><strong><em>2021: <\/em><\/strong><em>Como la vida misma, <\/em>BLUEPROJECTFUNDATION, Barcelona; ESTAMPA, Galer\u00eda Isolina Arbulu<em>; Al norte 2021, <\/em>Museo Barjola, Gij\u00f3n; <em>Subtil quotidi\u00e0<\/em>, Galer\u00eda Pep Llabr\u00e9s, Palma; ESTAMPA, WeCollect; <em>Otro azul<\/em>, WeCollect, Madrid (Solo Show); <em>Bio-Lecturas. Reflexiones del entorno natural y rural contempor\u00e1neo<\/em>. EACC, Castell\u00f3n<\/p>\n<p><strong>2020:<\/strong>\u00a0 <em>Desprenderse, <\/em>Casa Vel\u00e1zquez, Madrid; Feria Marte (solo show); <em>Xv Encuetros de Arte de Genalguacil, <\/em>MAC Genalguacil ;<em>De lo tangible a lo et\u00e9reo, <\/em>PuxaGallery, Madrid;<\/p>\n<p><strong>2019<\/strong>: <em>La mirada implica un tacto inconsciente<\/em>, CENTRO NIEMEYER, Avil\u00e9s (Solo show); <em>Otra Restituci\u00f3n<\/em>, programa \u201cDisplaced\u201d en Hybrid Art Fair, Madrid, 2018; <em>Productos premium al alcance de tus sue\u00f1os<\/em> en Espacio arte experimental de Hospeder\u00eda Fonseca de la USAL;<em> Pol\u00edticas de habitar <\/em>en ABM Confecciones, Madrid; SALA PAR\u00c9S (Art35 2018), Barcelona; Just Mad 7, COAM, Madrid.<\/p>\n\t\t\t\t\t\t\t\t<\/div>\n\t\t\t\t<\/div>\n\t\t\t\t\t<\/div>\n\t\t<\/div>\n\t\t\t\t\t<\/div>\n\t\t<\/section>\n\t\t\t\t<\/div>\n\t\t","protected":false},"excerpt":{"rendered":"<p>PAULA VALDE\u00d3N Badajoz, 1992 Paula Valde\u00f3n Lemus (Badajoz, 1992) es graduada en Bellas Artes por la Universidad de&#8230;<\/p>\n","protected":false},"author":3,"featured_media":0,"parent":0,"menu_order":0,"comment_status":"closed","ping_status":"closed","template":"","meta":{"footnotes":""},"class_list":["post-44778","page","type-page","status-publish","hentry"],"_links":{"self":[{"href":"https:\/\/artizar.es\/en\/wp-json\/wp\/v2\/pages\/44778","targetHints":{"allow":["GET"]}}],"collection":[{"href":"https:\/\/artizar.es\/en\/wp-json\/wp\/v2\/pages"}],"about":[{"href":"https:\/\/artizar.es\/en\/wp-json\/wp\/v2\/types\/page"}],"author":[{"embeddable":true,"href":"https:\/\/artizar.es\/en\/wp-json\/wp\/v2\/users\/3"}],"replies":[{"embeddable":true,"href":"https:\/\/artizar.es\/en\/wp-json\/wp\/v2\/comments?post=44778"}],"version-history":[{"count":1,"href":"https:\/\/artizar.es\/en\/wp-json\/wp\/v2\/pages\/44778\/revisions"}],"predecessor-version":[{"id":44779,"href":"https:\/\/artizar.es\/en\/wp-json\/wp\/v2\/pages\/44778\/revisions\/44779"}],"wp:attachment":[{"href":"https:\/\/artizar.es\/en\/wp-json\/wp\/v2\/media?parent=44778"}],"curies":[{"name":"wp","href":"https:\/\/api.w.org\/{rel}","templated":true}]}}