{"id":44792,"date":"2025-12-26T18:32:27","date_gmt":"2025-12-26T18:32:27","guid":{"rendered":"https:\/\/artizar.es\/bio-ubay-murillo\/"},"modified":"2025-12-26T18:32:27","modified_gmt":"2025-12-26T18:32:27","slug":"bio-ubay-murillo","status":"publish","type":"page","link":"https:\/\/artizar.es\/en\/bio-ubay-murillo\/","title":{"rendered":"Bio Ubay Murillo"},"content":{"rendered":"\t\t<div data-elementor-type=\"wp-page\" data-elementor-id=\"44792\" class=\"elementor elementor-44792 elementor-44686\" data-elementor-settings=\"{&quot;element_pack_global_tooltip_width&quot;:{&quot;unit&quot;:&quot;px&quot;,&quot;size&quot;:&quot;&quot;,&quot;sizes&quot;:[]},&quot;element_pack_global_tooltip_width_tablet&quot;:{&quot;unit&quot;:&quot;px&quot;,&quot;size&quot;:&quot;&quot;,&quot;sizes&quot;:[]},&quot;element_pack_global_tooltip_width_mobile&quot;:{&quot;unit&quot;:&quot;px&quot;,&quot;size&quot;:&quot;&quot;,&quot;sizes&quot;:[]},&quot;element_pack_global_tooltip_padding&quot;:{&quot;unit&quot;:&quot;px&quot;,&quot;top&quot;:&quot;&quot;,&quot;right&quot;:&quot;&quot;,&quot;bottom&quot;:&quot;&quot;,&quot;left&quot;:&quot;&quot;,&quot;isLinked&quot;:true},&quot;element_pack_global_tooltip_padding_tablet&quot;:{&quot;unit&quot;:&quot;px&quot;,&quot;top&quot;:&quot;&quot;,&quot;right&quot;:&quot;&quot;,&quot;bottom&quot;:&quot;&quot;,&quot;left&quot;:&quot;&quot;,&quot;isLinked&quot;:true},&quot;element_pack_global_tooltip_padding_mobile&quot;:{&quot;unit&quot;:&quot;px&quot;,&quot;top&quot;:&quot;&quot;,&quot;right&quot;:&quot;&quot;,&quot;bottom&quot;:&quot;&quot;,&quot;left&quot;:&quot;&quot;,&quot;isLinked&quot;:true},&quot;element_pack_global_tooltip_border_radius&quot;:{&quot;unit&quot;:&quot;px&quot;,&quot;top&quot;:&quot;&quot;,&quot;right&quot;:&quot;&quot;,&quot;bottom&quot;:&quot;&quot;,&quot;left&quot;:&quot;&quot;,&quot;isLinked&quot;:true},&quot;element_pack_global_tooltip_border_radius_tablet&quot;:{&quot;unit&quot;:&quot;px&quot;,&quot;top&quot;:&quot;&quot;,&quot;right&quot;:&quot;&quot;,&quot;bottom&quot;:&quot;&quot;,&quot;left&quot;:&quot;&quot;,&quot;isLinked&quot;:true},&quot;element_pack_global_tooltip_border_radius_mobile&quot;:{&quot;unit&quot;:&quot;px&quot;,&quot;top&quot;:&quot;&quot;,&quot;right&quot;:&quot;&quot;,&quot;bottom&quot;:&quot;&quot;,&quot;left&quot;:&quot;&quot;,&quot;isLinked&quot;:true}}\" data-elementor-post-type=\"page\">\n\t\t\t\t\t\t<section class=\"elementor-section elementor-top-section elementor-element elementor-element-b9be7a4 elementor-section-full_width elementor-section-height-min-height elementor-section-height-default elementor-section-items-middle\" data-id=\"b9be7a4\" data-element_type=\"section\" data-e-type=\"section\" data-settings=\"{&quot;background_background&quot;:&quot;classic&quot;}\">\n\t\t\t\t\t\t<div class=\"elementor-container elementor-column-gap-default\">\n\t\t\t\t\t<div class=\"elementor-column elementor-col-100 elementor-top-column elementor-element elementor-element-6de0fc3\" data-id=\"6de0fc3\" data-element_type=\"column\" data-e-type=\"column\">\n\t\t\t<div class=\"elementor-widget-wrap elementor-element-populated\">\n\t\t\t\t\t\t<div class=\"elementor-element elementor-element-9354f68 elementor-widget elementor-widget-heading\" data-id=\"9354f68\" data-element_type=\"widget\" data-e-type=\"widget\" data-widget_type=\"heading.default\">\n\t\t\t\t<div class=\"elementor-widget-container\">\n\t\t\t\t\t<h2 class=\"elementor-heading-title elementor-size-default\">Ubay Murillo<\/h2>\t\t\t\t<\/div>\n\t\t\t\t<\/div>\n\t\t\t\t<div class=\"elementor-element elementor-element-9d4ac6c elementor-widget elementor-widget-heading\" data-id=\"9d4ac6c\" data-element_type=\"widget\" data-e-type=\"widget\" data-widget_type=\"heading.default\">\n\t\t\t\t<div class=\"elementor-widget-container\">\n\t\t\t\t\t<h2 class=\"elementor-heading-title elementor-size-default\">Tenerife, 1978<\/h2>\t\t\t\t<\/div>\n\t\t\t\t<\/div>\n\t\t\t\t<div class=\"elementor-element elementor-element-06319e1 elementor-widget elementor-widget-text-editor\" data-id=\"06319e1\" data-element_type=\"widget\" data-e-type=\"widget\" data-widget_type=\"text-editor.default\">\n\t\t\t\t<div class=\"elementor-widget-container\">\n\t\t\t\t\t\t\t\t\t<p><strong>2003<\/strong>\u00a0\u00a0<\/p>\n<p>Licenciado en Bellas Artes. Universidad de La Laguna.<\/p>\n<p><strong>2004-2006<\/strong>\u00a0<\/p>\n<p>Cursos de doctorado (Teor\u00eda de las artes) y diploma de estudios avanzados\u00a0<\/p>\n<p>(D.E.A.) Cum laude por la Universidad de La Laguna.<\/p>\n<p><strong>\u00a0<\/strong><\/p>\n<p><strong>\u00a0<\/strong><\/p>\n<p><strong>EXPOSICIONES INDIVIDUALES.<\/strong><\/p>\n<p>\u00a0<\/p>\n<p><strong>2021<\/strong><\/p>\n<p><em>Ist das Europa?-La demolici\u00f3n<\/em>. TEA. Tenerife, Espa\u00f1a.<\/p>\n<p><strong>2019<\/strong><\/p>\n<p>Alles Auf Gold \/ die Dame \/ die Erosion. Galer\u00eda Rafael Ortiz. Sevilla, Espa\u00f1a.<\/p>\n<p><strong>2018<\/strong><\/p>\n<p>Objetos de estudio. El Tanque. Tenerife, Espa\u00f1a.<\/p>\n<p>Un cierto Dominio. Galer\u00eda Artizar. Tenerife. Espa\u00f1a<\/p>\n<p><strong>2017<\/strong><\/p>\n<p>Las erosiones. xxs Apperto al contemporaneo. Palermo. Sicilia, Italia.<\/p>\n<p><strong>2015<\/strong><\/p>\n<p>Son d\u00edas brillantes (la demolici\u00f3n). GE Galer\u00eda. Monterrey, M\u00e9xico.<\/p>\n<p>Vanguardia y erosi\u00f3n. Costantini Art Gallery. Milano, Italia.\u00a0<\/p>\n<p><strong>2014<\/strong><\/p>\n<p>Alles klar, Twin Gallery. Madrid, Espa\u00f1a.<\/p>\n<p>Bilder von Europa. Galer\u00eda Artizar. La Laguna. Tenerife, Espa\u00f1a.<\/p>\n<p>Malerei &amp; Collage. Ralf Lake Galerie. Oldenburg, Alemania.<\/p>\n<p><strong>2013<\/strong><\/p>\n<p>Chk Chk Chk (Chic Chic Chic). Comisariado de MC Stratti Riccardo Costantini. Torino, Italia.<\/p>\n<p><strong>2011<\/strong><\/p>\n<p>Duermevela y otros ensue\u00f1os. Galer\u00eda Artizar. Tenerife, Espa\u00f1a. (Cat\u00e1logo editado)<\/p>\n<p><strong>2010<\/strong><\/p>\n<p>Duermevela y otros ensue\u00f1os. Comisariado de J.C. Betancourt\/Ludwig Seyfarth. Ge Galer\u00eda. Monterrey, M\u00e9xico.<\/p>\n<p><strong>2009<\/strong><\/p>\n<p>Solo Show. Dibujos. Ge Galer\u00eda. Comisariado de Omar Pascual. Art Ja\u00e9n. Ja\u00e9n, Espa\u00f1a.<\/p>\n<p><strong>2008<\/strong><\/p>\n<p>Standard Room.Omar Pascual (curadur\u00eda). Galer\u00eda Costantini. Milano, Italia.<\/p>\n<p>Ubay Murillo. S.A.C. Tenerife, Espa\u00f1a. (Cat\u00e1logo editado)<\/p>\n<p>Vies en Rose. (Escenas). Galer\u00eda Forni. Bologna, Italia.<\/p>\n<p><strong>2007<\/strong><\/p>\n<p>Vies en Rose. (Escenarios y objetos del decorado). Alonso Vidal. Barcelona, Espa\u00f1a.<\/p>\n<p><strong>2003<\/strong><\/p>\n<p>Un peque\u00f1o para\u00edso. Memoria para todos los lugares. Artizar. La Laguna, Espa\u00f1a. (Cat\u00e1logo editado)<\/p>\n<p><strong>\u00a0<\/strong><\/p>\n<p>\u00a0<\/p>\n<p><strong>EXPOSICIONES COLECTIVAS Y FERIAS<\/strong><\/p>\n<p>\u00a0<\/p>\n<p><strong>2021<\/strong><\/p>\n<p>ARCO Online. Galer\u00eda Rafael Ortiz (virtual).<\/p>\n<p><strong>2020<\/strong><\/p>\n<p>Nuevos c\u00e1nones. Entre la escultura y la arquitectura. Galer\u00eda Rafael Ortiz (virtual).<\/p>\n<p><strong>2018<\/strong><\/p>\n<p>Horizonte de sucesos. Espacio de arte OTR. Madrid, Espa\u00f1a.<\/p>\n<p><strong>2017<\/strong><\/p>\n<p>Pensamientos maestros. Ge Galer\u00eda. Ciudad de M\u00e9xico. M\u00e9xico.<\/p>\n<p><strong>2016<\/strong><\/p>\n<p>Crisis, What crisis?. T.E.A. Tenerife Espacio de las Artes, Espa\u00f1a. (Cat\u00e1logo editado)<\/p>\n<p>ARTE SANTANDER. Artizar Galer\u00eda. Santander, Espa\u00f1a.<\/p>\n<p>H\u00c9ROES \/ ANTIH\u00c9ROES. \u00a0Centro CONDE DUQUE. Madrid, Espa\u00f1a.<\/p>\n<p>B\u00caTE NOIRE. SCAN Contemporary Art. Comisariado Pedro Font Alba. Berl\u00edn, Alemania.\u00a0<\/p>\n<p>ZONAMACO. Ge Galer\u00eda. Ciudad de M\u00e9xico, M\u00e9xico.<\/p>\n<p><strong>2015<\/strong><\/p>\n<p>Feria Estampa Twin Gallery. Madrid, Espa\u00f1a.<\/p>\n<p>MUSABANANAPROJECTS. Berl\u00edn, Alemania.<\/p>\n<p>MUSABANANAPROJECTS Jose de la Fuente. Santander, Espa\u00f1a.<\/p>\n<p>Arteci\u00f1ana 2015. Leci\u00f1ana de Mena. Burgos, Espa\u00f1a.<\/p>\n<p><strong>2014<\/strong><\/p>\n<p>Sind Wir Berliner? Riccardo Costantini Contemporary. Torino, Italia.<\/p>\n<p>Bremer Kunstfr\u00fchling. Ralf Lake. Bremen, Alemania.<\/p>\n<p><strong>2013<\/strong><\/p>\n<p>Art Verona. \u00a0 Ricardo Costantini Contemporary. Verona, Italia.<\/p>\n<p><strong>2012<\/strong><\/p>\n<p>ZonaMaco Ge Galeria. Ciudad de M\u00e9xico, M\u00e9xico.<\/p>\n<p>Cartograf\u00eda y Paisaje. De lo sublime a lo subliminal. La Recova. Tenerife, Espa\u00f1a.<\/p>\n<p>Sieben Gr\u00fcne Sterne. E.L.L. KunstRaum ErikdeCastro. Comisario J.K. Betancourt. Frankfurt, Alemania.<\/p>\n<p>Artefiera-Art First Atlantica Galeria. Bologna, Italia.<\/p>\n<p><strong>2011<\/strong><\/p>\n<p>ZonaMaco. GEGaleria, Ciudad de M\u00e9xico y Monterrey, M\u00e9xico.<\/p>\n<p><strong>2010<\/strong>\u00a0<\/p>\n<p>Zona Maco GE Galeria, Ciudad de M\u00e9xico y Monterrey, M\u00e9xico.<\/p>\n<p><strong>2009<\/strong><\/p>\n<p>Our dear friends. Galeria Torbandena. Trieste, Italia.<\/p>\n<p>II Bienal de Arquitectura, Arte y Paisaje. Canarias, Espa\u00f1a.<\/p>\n<p>Retrospainting. \u00a0Comisario J.K. Betancourt. Ulf Saupe Galerie. Berl\u00edn, Alemania.<\/p>\n<p>Hot Art Fair. Comisariado Omar Pascual Castillo. Galer\u00eda Constantini, Basel, Suiza.<\/p>\n<p><strong>2008<\/strong><\/p>\n<p>Mi\u00b4Art. \u00a0Galer\u00eda Costantini. Milano, Italia.<\/p>\n<p>ArteFiera. Galer\u00eda Forni. Bologna, Italia.<\/p>\n<p><strong>2007<\/strong><\/p>\n<p>7.1 Distorsiones, documentos, nader\u00edas y relatos. Alicia Murria, Comisariado N\u00e9stor Torrens, Gopi Sadarangani C.A.A.M. Las Palmas, Espa\u00f1a.<\/p>\n<p>Arte Lisboa. Alonso Vidal. Lisboa, Portugal.<\/p>\n<p>Arte Santander. \u00a0Alonso Vidal. Santander, Espa\u00f1a.<\/p>\n<p>Injuve. Arte Joven. C\u00edrculo de BB.AA. Madrid, Espa\u00f1a (Cat\u00e1logo editado)<\/p>\n<p><strong>2006<\/strong><\/p>\n<p>Open Studio. Reina 39. Madrid, Espa\u00f1a.<\/p>\n<p><strong>2005<\/strong><\/p>\n<p>Pintura Relativa. La escuela de La Laguna. Bienal de Lanzarote, Espa\u00f1a (Cat\u00e1logo editado)<\/p>\n<p>Islas Ra\u00edces. Fundaci\u00f3n Pedro Garc\u00eda Cabrera. Tenerife y Las Palmas, Espa\u00f1a. (Cat\u00e1logo editado)<\/p>\n<p>Islas M\u00f3viles. Comisariado Orlando Britto. La Regenta. Las Palmas, Espa\u00f1a. (Cat\u00e1logo editado)<\/p>\n<p><strong>2004<\/strong><\/p>\n<p>Para\u00edso y emigraci\u00f3n. Carlos D\u00edaz Bertrana. (curador) Jard\u00edn Bot\u00e1nico. Madrid, Espa\u00f1a.<\/p>\n<p>La mirada Peque\u00f1a. Comisariado. Gopi Sadarangani. C\u00edrculo de B.B.A.A. Tenerife y Gabinete Literario, Las Palmas, Espa\u00f1a.(Cat\u00e1logo editado)<\/p>\n<p><strong>2003<\/strong><\/p>\n<p>Este domingo, Ejercicios de Domismo. Fundaci\u00f3n MAPFRE. Santa Cruz de Tenerife, Espa\u00f1a. (Cat\u00e1logo editado)<\/p>\n<p>Celebraci\u00f3n. M.A. Pascual. Obra en colaboraci\u00f3n. Ferr\u00e1n Cano. Barcelona, Espa\u00f1a.<\/p>\n<p><strong>\u00a0<\/strong><\/p>\n<p>\u00a0<\/p>\n<p><strong>OBRA EN COLECCIONES P\u00daBLICAS<\/strong><\/p>\n<p>\u00a0<\/p>\n<p>Colecci\u00f3n Ayuntamiento de Las Palmas de Gran Canaria. Islas Canarias, Espa\u00f1a.<br \/>Colecci\u00f3n Ayuntamiento de G\u00e1ldar. Islas Canarias, Espa\u00f1a.<br \/>Colecci\u00f3n Ayuntamiento de Arona. Islas Canarias, Espa\u00f1a.<br \/>C.A.A.M. (Centro Atl\u00e1ntico de Arte Moderno). Islas Canarias, Espa\u00f1a.<br \/>Colecci\u00f3n CajaCanarias \u2013 La Caixa. Espa\u00f1a.<br \/>Colecci\u00f3n Diputaci\u00f3n de Segovia. Espa\u00f1a<br \/>Fundaci\u00f3n Mapfre. Barcelona. Espa\u00f1a<\/p>\n<p>\u00a0<\/p>\n<p>\u00a0<\/p>\n<p><strong>PREMIOS Y BECAS<\/strong><\/p>\n<p>\u00a0<\/p>\n<p><strong>2004<\/strong><br \/>Atrium. Ateneo de La Laguna y Mapfre Guanarteme, 1er premio<\/p>\n<p><strong>2003<\/strong><br \/>X Premio Ciudad de Las Palmas, 1er premio.<\/p>\n<p><strong>2002<\/strong><br \/>Beca S\u00e9neca. Universidad Complutense de Madrid<\/p>\n<p><strong>2001<\/strong><br \/>Beca de pintura \u201cEl Paular\u201d Segovia.<\/p>\n<p><strong>1999<\/strong><br \/>Premio regional de pintura CajaCanarias, 2\u00ba premio<\/p>\n<p><strong>\u00a0<\/strong><\/p>\n\t\t\t\t\t\t\t\t<\/div>\n\t\t\t\t<\/div>\n\t\t\t\t\t<\/div>\n\t\t<\/div>\n\t\t\t\t\t<\/div>\n\t\t<\/section>\n\t\t\t\t<\/div>\n\t\t","protected":false},"excerpt":{"rendered":"<p>Ubay Murillo Tenerife, 1978 2003\u00a0\u00a0 Licenciado en Bellas Artes. Universidad de La Laguna. 2004-2006\u00a0 Cursos de doctorado (Teor\u00eda&#8230;<\/p>\n","protected":false},"author":3,"featured_media":0,"parent":0,"menu_order":0,"comment_status":"closed","ping_status":"closed","template":"","meta":{"footnotes":""},"class_list":["post-44792","page","type-page","status-publish","hentry"],"_links":{"self":[{"href":"https:\/\/artizar.es\/en\/wp-json\/wp\/v2\/pages\/44792","targetHints":{"allow":["GET"]}}],"collection":[{"href":"https:\/\/artizar.es\/en\/wp-json\/wp\/v2\/pages"}],"about":[{"href":"https:\/\/artizar.es\/en\/wp-json\/wp\/v2\/types\/page"}],"author":[{"embeddable":true,"href":"https:\/\/artizar.es\/en\/wp-json\/wp\/v2\/users\/3"}],"replies":[{"embeddable":true,"href":"https:\/\/artizar.es\/en\/wp-json\/wp\/v2\/comments?post=44792"}],"version-history":[{"count":1,"href":"https:\/\/artizar.es\/en\/wp-json\/wp\/v2\/pages\/44792\/revisions"}],"predecessor-version":[{"id":44793,"href":"https:\/\/artizar.es\/en\/wp-json\/wp\/v2\/pages\/44792\/revisions\/44793"}],"wp:attachment":[{"href":"https:\/\/artizar.es\/en\/wp-json\/wp\/v2\/media?parent=44792"}],"curies":[{"name":"wp","href":"https:\/\/api.w.org\/{rel}","templated":true}]}}